{"id":849,"date":"2023-01-03T10:47:35","date_gmt":"2023-01-03T15:47:35","guid":{"rendered":"https:\/\/proquifar.com\/site\/?page_id=849"},"modified":"2024-11-14T16:43:15","modified_gmt":"2024-11-14T21:43:15","slug":"noticias","status":"publish","type":"page","link":"https:\/\/proquifar.com\/site\/noticias\/","title":{"rendered":"Noticias"},"content":{"rendered":"\t\t<div data-elementor-type=\"wp-page\" data-elementor-id=\"849\" class=\"elementor elementor-849\" data-elementor-post-type=\"page\">\n\t\t\t\t\t\t<section class=\"elementor-section elementor-top-section elementor-element elementor-element-dd5ed95 elementor-section-full_width elementor-section-height-default elementor-section-height-default\" data-id=\"dd5ed95\" data-element_type=\"section\" data-e-type=\"section\" data-settings=\"{&quot;background_background&quot;:&quot;classic&quot;}\">\n\t\t\t\t\t\t<div class=\"elementor-container elementor-column-gap-default\">\n\t\t\t\t\t<div class=\"elementor-column elementor-col-100 elementor-top-column elementor-element elementor-element-7ccb935\" data-id=\"7ccb935\" data-element_type=\"column\" data-e-type=\"column\">\n\t\t\t<div class=\"elementor-widget-wrap elementor-element-populated\">\n\t\t\t\t\t\t<div class=\"elementor-element elementor-element-a5a0d1d elementor-align-center elementor-widget elementor-widget-breadcrumbs\" data-id=\"a5a0d1d\" data-element_type=\"widget\" data-e-type=\"widget\" data-widget_type=\"breadcrumbs.default\">\n\t\t\t\t<div class=\"elementor-widget-container\">\n\t\t\t\t\t<p id=\"breadcrumbs\"><span><span><a href=\"https:\/\/proquifar.com\/site\/\">Home<\/a><\/span><\/span><\/p>\t\t\t\t<\/div>\n\t\t\t\t<\/div>\n\t\t\t\t<div class=\"elementor-element elementor-element-f153576 elementor-widget elementor-widget-heading\" data-id=\"f153576\" data-element_type=\"widget\" data-e-type=\"widget\" data-widget_type=\"heading.default\">\n\t\t\t\t<div class=\"elementor-widget-container\">\n\t\t\t\t\t<h1 class=\"elementor-heading-title elementor-size-default\">Noticias<\/h1>\t\t\t\t<\/div>\n\t\t\t\t<\/div>\n\t\t\t\t\t<\/div>\n\t\t<\/div>\n\t\t\t\t\t<\/div>\n\t\t<\/section>\n\t\t\t\t<section class=\"elementor-section elementor-top-section elementor-element elementor-element-1655650 elementor-section-boxed elementor-section-height-default elementor-section-height-default\" data-id=\"1655650\" data-element_type=\"section\" data-e-type=\"section\">\n\t\t\t\t\t\t<div class=\"elementor-container elementor-column-gap-default\">\n\t\t\t\t\t<div class=\"elementor-column elementor-col-33 elementor-top-column elementor-element elementor-element-1417c88\" data-id=\"1417c88\" data-element_type=\"column\" data-e-type=\"column\">\n\t\t\t<div class=\"elementor-widget-wrap elementor-element-populated\">\n\t\t\t\t\t\t<div class=\"elementor-element elementor-element-6cadeb5 elementor-widget__width-initial elementor-widget elementor-widget-image\" data-id=\"6cadeb5\" data-element_type=\"widget\" data-e-type=\"widget\" data-widget_type=\"image.default\">\n\t\t\t\t<div class=\"elementor-widget-container\">\n\t\t\t\t\t\t\t\t\t\t\t\t\t\t\t\t<a href=\"https:\/\/proquifar.com\/site\/wp-content\/uploads\/2023\/12\/COMUNICADO-PROQUIFAR-CEIMIC.pdf\">\n\t\t\t\t\t\t\t<img decoding=\"async\" src=\"https:\/\/proquifar.com\/site\/wp-content\/uploads\/elementor\/thumbs\/BLANCO5-qgtbx3ai3oz9e9lr96bd4x0ng4fslk33s7q32khrd0.png\" title=\"BLANCO5\" alt=\"BLANCO5\" loading=\"lazy\" \/>\t\t\t\t\t\t\t\t<\/a>\n\t\t\t\t\t\t\t\t\t\t\t\t\t\t\t<\/div>\n\t\t\t\t<\/div>\n\t\t\t\t<div class=\"elementor-element elementor-element-311a1e3 elementor-widget__width-initial elementor-widget elementor-widget-image\" data-id=\"311a1e3\" data-element_type=\"widget\" data-e-type=\"widget\" data-widget_type=\"image.default\">\n\t\t\t\t<div class=\"elementor-widget-container\">\n\t\t\t\t\t\t\t\t\t\t\t\t\t\t\t\t<a href=\"https:\/\/proquifar.com\/site\/wp-content\/uploads\/2023\/12\/COMUNICADO-PROQUIFAR-CEIMIC.pdf\">\n\t\t\t\t\t\t\t<img fetchpriority=\"high\" decoding=\"async\" width=\"580\" height=\"222\" src=\"https:\/\/proquifar.com\/site\/wp-content\/uploads\/2024\/11\/pqf-ceimic.png\" class=\"attachment-large size-large wp-image-2163\" alt=\"pqf ceimic\" srcset=\"https:\/\/proquifar.com\/site\/wp-content\/uploads\/2024\/11\/pqf-ceimic.png 1021w, https:\/\/proquifar.com\/site\/wp-content\/uploads\/2024\/11\/pqf-ceimic-300x115.png 300w, https:\/\/proquifar.com\/site\/wp-content\/uploads\/2024\/11\/pqf-ceimic-768x294.png 768w\" sizes=\"(max-width: 580px) 100vw, 580px\" \/>\t\t\t\t\t\t\t\t<\/a>\n\t\t\t\t\t\t\t\t\t\t\t\t\t\t\t<\/div>\n\t\t\t\t<\/div>\n\t\t\t\t<div class=\"elementor-element elementor-element-5054d1e elementor-widget__width-initial elementor-widget elementor-widget-image\" data-id=\"5054d1e\" data-element_type=\"widget\" data-e-type=\"widget\" data-widget_type=\"image.default\">\n\t\t\t\t<div class=\"elementor-widget-container\">\n\t\t\t\t\t\t\t\t\t\t\t\t\t\t\t\t<a href=\"https:\/\/proquifar.com\/site\/wp-content\/uploads\/2023\/12\/COMUNICADO-PROQUIFAR-CEIMIC.pdf\">\n\t\t\t\t\t\t\t<img decoding=\"async\" src=\"https:\/\/proquifar.com\/site\/wp-content\/uploads\/elementor\/thumbs\/BLANCO5-qgtbx3ai3oz9e9lr96bd4x0ng4fslk33s7q32khrd0.png\" title=\"BLANCO5\" alt=\"BLANCO5\" loading=\"lazy\" \/>\t\t\t\t\t\t\t\t<\/a>\n\t\t\t\t\t\t\t\t\t\t\t\t\t\t\t<\/div>\n\t\t\t\t<\/div>\n\t\t\t\t<div class=\"elementor-element elementor-element-bcfa830 elementor-widget__width-initial elementor-widget elementor-widget-text-editor\" data-id=\"bcfa830\" data-element_type=\"widget\" data-e-type=\"widget\" data-widget_type=\"text-editor.default\">\n\t\t\t\t<div class=\"elementor-widget-container\">\n\t\t\t\t\t\t\t\t\t<p style=\"margin: 0cm 0cm 12pt; text-align: center; background-image: initial; background-position: initial; background-size: initial; background-repeat: initial; background-attachment: initial; background-origin: initial; background-clip: initial;\" align=\"center\"><b><span style=\"font-size: 14.0pt; font-family: 'Arial',sans-serif; color: #2e75b6; mso-themecolor: accent1; mso-themeshade: 191; mso-style-textfill-fill-color: #2E75B6; mso-style-textfill-fill-themecolor: accent1; mso-style-textfill-fill-alpha: 100.0%; mso-style-textfill-fill-colortransforms: lumm=75000; letter-spacing: -.2pt;\">PROQUIFAR es adquirido por CEIMIC Life Sciences Testing Group<\/span><\/b><\/p><p style=\"margin: 0cm 0cm 12pt; text-align: center; background-image: initial; background-position: initial; background-size: initial; background-repeat: initial; background-attachment: initial; background-origin: initial; background-clip: initial;\" align=\"center\"><span style=\"font-size: 11pt; font-family: Arial, sans-serif; letter-spacing: -0.2pt;\">Proquifar S.A.S., laboratorio de ensayos fisicoqu\u00edmicos con 28 a\u00f1os de experiencia en el mercado, anuncia que fue adquirido por CEIMIC Life Sciences Testing Group.<\/span><\/p><p style=\"margin: 0cm 0cm 12pt; text-align: center; background-image: initial; background-position: initial; background-size: initial; background-repeat: initial; background-attachment: initial; background-origin: initial; background-clip: initial;\" align=\"center\"><span style=\"font-size: 11pt; font-family: Arial, sans-serif; letter-spacing: -0.2pt;\">\u00a0<\/span><span style=\"font-family: Arial, sans-serif; font-size: 11pt; letter-spacing: -0.2pt; color: var( --e-global-color-text ); font-weight: var( --e-global-typography-text-font-weight );\">Esta adquisici\u00f3n fortalece a\u00fan m\u00e1s nuestra posici\u00f3n en la industria y ampl\u00eda significativamente nuestra capacidad para ofrecer servicios de alta calidad a nuestros clientes.<\/span><\/p><p style=\"margin: 0cm 0cm 12pt; text-align: center; background-image: initial; background-position: initial; background-size: initial; background-repeat: initial; background-attachment: initial; background-origin: initial; background-clip: initial;\" align=\"center\"><span style=\"font-family: Arial, sans-serif; font-size: 11pt; letter-spacing: -0.2pt; color: var( --e-global-color-text ); font-weight: var( --e-global-typography-text-font-weight );\">\u00a0<\/span><\/p><p style=\"margin: 0cm 0cm 12pt; text-align: center; background-image: initial; background-position: initial; background-size: initial; background-repeat: initial; background-attachment: initial; background-origin: initial; background-clip: initial;\" align=\"center\"><span style=\"font-family: Arial, sans-serif; font-size: 11pt; letter-spacing: -0.2pt; color: var( --e-global-color-text ); font-weight: var( --e-global-typography-text-font-weight );\">\u00a0<\/span><\/p><p style=\"margin: 0cm 0cm 12pt; text-align: center; background-image: initial; background-position: initial; background-size: initial; background-repeat: initial; background-attachment: initial; background-origin: initial; background-clip: initial;\" align=\"center\"><span style=\"font-family: Arial, sans-serif; font-size: 11pt; letter-spacing: -0.2pt; color: var( --e-global-color-text ); font-weight: var( --e-global-typography-text-font-weight );\">\u00a0<\/span><\/p>\t\t\t\t\t\t\t\t<\/div>\n\t\t\t\t<\/div>\n\t\t\t\t<div class=\"elementor-element elementor-element-8db0d33 elementor-align-center elementor-widget elementor-widget-button\" data-id=\"8db0d33\" data-element_type=\"widget\" data-e-type=\"widget\" data-widget_type=\"button.default\">\n\t\t\t\t<div class=\"elementor-widget-container\">\n\t\t\t\t\t\t\t\t\t<div class=\"elementor-button-wrapper\">\n\t\t\t\t\t<a class=\"elementor-button elementor-button-link elementor-size-sm\" href=\"https:\/\/proquifar.com\/site\/wp-content\/uploads\/2023\/12\/COMUNICADO-PROQUIFAR-CEIMIC.pdf\" target=\"_blank\">\n\t\t\t\t\t\t<span class=\"elementor-button-content-wrapper\">\n\t\t\t\t\t\t\t\t\t<span class=\"elementor-button-text\">Leer m\u00e1s<\/span>\n\t\t\t\t\t<\/span>\n\t\t\t\t\t<\/a>\n\t\t\t\t<\/div>\n\t\t\t\t\t\t\t\t<\/div>\n\t\t\t\t<\/div>\n\t\t\t\t\t<\/div>\n\t\t<\/div>\n\t\t\t\t<div class=\"elementor-column elementor-col-33 elementor-top-column elementor-element elementor-element-b0248a8\" data-id=\"b0248a8\" data-element_type=\"column\" data-e-type=\"column\">\n\t\t\t<div class=\"elementor-widget-wrap\">\n\t\t\t\t\t\t\t<\/div>\n\t\t<\/div>\n\t\t\t\t<div class=\"elementor-column elementor-col-33 elementor-top-column elementor-element elementor-element-0f66f25\" data-id=\"0f66f25\" data-element_type=\"column\" data-e-type=\"column\">\n\t\t\t<div class=\"elementor-widget-wrap elementor-element-populated\">\n\t\t\t\t\t\t<div class=\"elementor-element elementor-element-f11b54e elementor-widget__width-initial elementor-widget elementor-widget-image\" data-id=\"f11b54e\" data-element_type=\"widget\" data-e-type=\"widget\" data-widget_type=\"image.default\">\n\t\t\t\t<div class=\"elementor-widget-container\">\n\t\t\t\t\t\t\t\t\t\t\t\t\t\t\t<img decoding=\"async\" width=\"580\" height=\"373\" src=\"https:\/\/proquifar.com\/site\/wp-content\/uploads\/2023\/12\/Reconocimiento-PREAD-2023-1024x658.jpeg\" class=\"attachment-large size-large wp-image-2044\" alt=\"Reconocimiento PREAD 2023\" srcset=\"https:\/\/proquifar.com\/site\/wp-content\/uploads\/2023\/12\/Reconocimiento-PREAD-2023-1024x658.jpeg 1024w, https:\/\/proquifar.com\/site\/wp-content\/uploads\/2023\/12\/Reconocimiento-PREAD-2023-300x193.jpeg 300w, https:\/\/proquifar.com\/site\/wp-content\/uploads\/2023\/12\/Reconocimiento-PREAD-2023-768x494.jpeg 768w, https:\/\/proquifar.com\/site\/wp-content\/uploads\/2023\/12\/Reconocimiento-PREAD-2023-1200x771.jpeg 1200w, https:\/\/proquifar.com\/site\/wp-content\/uploads\/2023\/12\/Reconocimiento-PREAD-2023.jpeg 1456w\" sizes=\"(max-width: 580px) 100vw, 580px\" \/>\t\t\t\t\t\t\t\t\t\t\t\t\t\t\t<\/div>\n\t\t\t\t<\/div>\n\t\t\t\t<div class=\"elementor-element elementor-element-f0d628e elementor-widget__width-initial elementor-widget elementor-widget-text-editor\" data-id=\"f0d628e\" data-element_type=\"widget\" data-e-type=\"widget\" data-widget_type=\"text-editor.default\">\n\t\t\t\t<div class=\"elementor-widget-container\">\n\t\t\t\t\t\t\t\t\t<p style=\"margin: 0cm 0cm 12pt; text-align: center; background-image: initial; background-position: initial; background-size: initial; background-repeat: initial; background-attachment: initial; background-origin: initial; background-clip: initial;\" align=\"center\"><b><span style=\"font-size: 14.0pt; font-family: 'Arial',sans-serif; color: #2e75b6; mso-themecolor: accent1; mso-themeshade: 191; mso-style-textfill-fill-color: #2E75B6; mso-style-textfill-fill-themecolor: accent1; mso-style-textfill-fill-alpha: 100.0%; mso-style-textfill-fill-colortransforms: lumm=75000; letter-spacing: -.2pt;\">Reconocimiento PREAD 2023<\/span><\/b><\/p>\n<p style=\"margin: 0cm 0cm 12pt; text-align: center; background-image: initial; background-position: initial; background-size: initial; background-repeat: initial; background-attachment: initial; background-origin: initial; background-clip: initial;\" align=\"center\"><span style=\"font-size: 11pt; font-family: Arial, sans-serif; letter-spacing: -0.2pt;\">Compartimos con nuestros apreciados clientes, el reconocimiento por parte de la Secretar\u00eda Distrital de Ambiente, en el marco de la XXIII Convocatoria del Programa de Excelencia Ambiental Distrital, en la categor\u00eda: &#8220;En Marcha Hacia La Excelencia Ambiental&#8221;. Este reconocimiento nos motiva a afianzar nuestro compromiso con la protecci\u00f3n del medio ambiente, y a contribuir como organizaci\u00f3n para el crecimiento econ\u00f3mico sostenible de Bogot\u00e1 y de nuestros clientes y proveedores.<\/span><\/p>\t\t\t\t\t\t\t\t<\/div>\n\t\t\t\t<\/div>\n\t\t\t\t\t<\/div>\n\t\t<\/div>\n\t\t\t\t\t<\/div>\n\t\t<\/section>\n\t\t\t\t<section class=\"elementor-section elementor-top-section elementor-element elementor-element-262f52a elementor-section-boxed elementor-section-height-default elementor-section-height-default\" data-id=\"262f52a\" data-element_type=\"section\" data-e-type=\"section\" data-settings=\"{&quot;background_background&quot;:&quot;classic&quot;}\">\n\t\t\t\t\t\t<div class=\"elementor-container elementor-column-gap-narrow\">\n\t\t\t\t\t<div class=\"elementor-column elementor-col-100 elementor-top-column elementor-element elementor-element-4814516\" data-id=\"4814516\" data-element_type=\"column\" data-e-type=\"column\">\n\t\t\t<div class=\"elementor-widget-wrap elementor-element-populated\">\n\t\t\t\t\t\t<section class=\"elementor-section elementor-inner-section elementor-element elementor-element-309b135 elementor-section-boxed elementor-section-height-default elementor-section-height-default\" data-id=\"309b135\" data-element_type=\"section\" data-e-type=\"section\">\n\t\t\t\t\t\t<div class=\"elementor-container elementor-column-gap-default\">\n\t\t\t\t\t<div class=\"elementor-column elementor-col-100 elementor-inner-column elementor-element elementor-element-bee7c1e\" data-id=\"bee7c1e\" data-element_type=\"column\" data-e-type=\"column\">\n\t\t\t<div class=\"elementor-widget-wrap\">\n\t\t\t\t\t\t\t<\/div>\n\t\t<\/div>\n\t\t\t\t\t<\/div>\n\t\t<\/section>\n\t\t\t\t\t<\/div>\n\t\t<\/div>\n\t\t\t\t\t<\/div>\n\t\t<\/section>\n\t\t\t\t<\/div>\n\t\t","protected":false},"excerpt":{"rendered":"<p>Noticias PROQUIFAR es adquirido por CEIMIC Life Sciences Testing Group Proquifar S.A.S., laboratorio de ensayos fisicoqu\u00edmicos con 28 a\u00f1os de experiencia en el mercado, anuncia que fue adquirido por CEIMIC Life Sciences Testing Group. \u00a0Esta adquisici\u00f3n fortalece a\u00fan m\u00e1s nuestra posici\u00f3n en la industria y ampl\u00eda significativamente nuestra capacidad para ofrecer servicios de alta calidad [&hellip;]<\/p>\n","protected":false},"author":5,"featured_media":0,"parent":0,"menu_order":0,"comment_status":"closed","ping_status":"closed","template":"elementor_header_footer","meta":{"_acf_changed":false,"nf_dc_page":"","inline_featured_image":false,"_joinchat":[],"footnotes":""},"class_list":["post-849","page","type-page","status-publish","hentry"],"acf":[],"yoast_head":"<!-- This site is optimized with the Yoast SEO plugin v27.5 - https:\/\/yoast.com\/product\/yoast-seo-wordpress\/ -->\n<title>Noticias - proquifar<\/title>\n<meta name=\"robots\" content=\"index, follow, max-snippet:-1, max-image-preview:large, max-video-preview:-1\" \/>\n<link rel=\"canonical\" href=\"https:\/\/proquifar.com\/site\/noticias\/\" \/>\n<meta property=\"og:locale\" content=\"es_ES\" \/>\n<meta property=\"og:type\" content=\"article\" \/>\n<meta property=\"og:title\" content=\"Noticias - proquifar\" \/>\n<meta property=\"og:description\" content=\"Noticias PROQUIFAR es adquirido por CEIMIC Life Sciences Testing Group Proquifar S.A.S., laboratorio de ensayos fisicoqu\u00edmicos con 28 a\u00f1os de experiencia en el mercado, anuncia que fue adquirido por CEIMIC Life Sciences Testing Group. \u00a0Esta adquisici\u00f3n fortalece a\u00fan m\u00e1s nuestra posici\u00f3n en la industria y ampl\u00eda significativamente nuestra capacidad para ofrecer servicios de alta calidad [&hellip;]\" \/>\n<meta property=\"og:url\" content=\"https:\/\/proquifar.com\/site\/noticias\/\" \/>\n<meta property=\"og:site_name\" content=\"proquifar\" \/>\n<meta property=\"article:modified_time\" content=\"2024-11-14T21:43:15+00:00\" \/>\n<meta property=\"og:image\" content=\"https:\/\/proquifar.com\/site\/wp-content\/uploads\/2023\/12\/BLANCO5-150x113.png\" \/>\n<meta name=\"twitter:card\" content=\"summary_large_image\" \/>\n<meta name=\"twitter:label1\" content=\"Tiempo de lectura\" \/>\n\t<meta name=\"twitter:data1\" content=\"2 minutos\" \/>\n<script type=\"application\/ld+json\" class=\"yoast-schema-graph\">{\"@context\":\"https:\\\/\\\/schema.org\",\"@graph\":[{\"@type\":\"WebPage\",\"@id\":\"https:\\\/\\\/proquifar.com\\\/site\\\/noticias\\\/\",\"url\":\"https:\\\/\\\/proquifar.com\\\/site\\\/noticias\\\/\",\"name\":\"Noticias - proquifar\",\"isPartOf\":{\"@id\":\"https:\\\/\\\/proquifar.com\\\/site\\\/#website\"},\"primaryImageOfPage\":{\"@id\":\"https:\\\/\\\/proquifar.com\\\/site\\\/noticias\\\/#primaryimage\"},\"image\":{\"@id\":\"https:\\\/\\\/proquifar.com\\\/site\\\/noticias\\\/#primaryimage\"},\"thumbnailUrl\":\"https:\\\/\\\/proquifar.com\\\/site\\\/wp-content\\\/uploads\\\/2023\\\/12\\\/BLANCO5-150x113.png\",\"datePublished\":\"2023-01-03T15:47:35+00:00\",\"dateModified\":\"2024-11-14T21:43:15+00:00\",\"breadcrumb\":{\"@id\":\"https:\\\/\\\/proquifar.com\\\/site\\\/noticias\\\/#breadcrumb\"},\"inLanguage\":\"es\",\"potentialAction\":[{\"@type\":\"ReadAction\",\"target\":[\"https:\\\/\\\/proquifar.com\\\/site\\\/noticias\\\/\"]}]},{\"@type\":\"ImageObject\",\"inLanguage\":\"es\",\"@id\":\"https:\\\/\\\/proquifar.com\\\/site\\\/noticias\\\/#primaryimage\",\"url\":\"https:\\\/\\\/proquifar.com\\\/site\\\/wp-content\\\/uploads\\\/2023\\\/12\\\/BLANCO5.png\",\"contentUrl\":\"https:\\\/\\\/proquifar.com\\\/site\\\/wp-content\\\/uploads\\\/2023\\\/12\\\/BLANCO5.png\",\"width\":598,\"height\":113,\"caption\":\"BLANCO5\"},{\"@type\":\"BreadcrumbList\",\"@id\":\"https:\\\/\\\/proquifar.com\\\/site\\\/noticias\\\/#breadcrumb\",\"itemListElement\":[{\"@type\":\"ListItem\",\"position\":1,\"name\":\"Home\",\"item\":\"https:\\\/\\\/proquifar.com\\\/site\\\/\"},{\"@type\":\"ListItem\",\"position\":2,\"name\":\"Noticias\"}]},{\"@type\":\"WebSite\",\"@id\":\"https:\\\/\\\/proquifar.com\\\/site\\\/#website\",\"url\":\"https:\\\/\\\/proquifar.com\\\/site\\\/\",\"name\":\"proquifar\",\"description\":\"\",\"potentialAction\":[{\"@type\":\"SearchAction\",\"target\":{\"@type\":\"EntryPoint\",\"urlTemplate\":\"https:\\\/\\\/proquifar.com\\\/site\\\/?s={search_term_string}\"},\"query-input\":{\"@type\":\"PropertyValueSpecification\",\"valueRequired\":true,\"valueName\":\"search_term_string\"}}],\"inLanguage\":\"es\"}]}<\/script>\n<!-- \/ Yoast SEO plugin. -->","yoast_head_json":{"title":"Noticias - proquifar","robots":{"index":"index","follow":"follow","max-snippet":"max-snippet:-1","max-image-preview":"max-image-preview:large","max-video-preview":"max-video-preview:-1"},"canonical":"https:\/\/proquifar.com\/site\/noticias\/","og_locale":"es_ES","og_type":"article","og_title":"Noticias - proquifar","og_description":"Noticias PROQUIFAR es adquirido por CEIMIC Life Sciences Testing Group Proquifar S.A.S., laboratorio de ensayos fisicoqu\u00edmicos con 28 a\u00f1os de experiencia en el mercado, anuncia que fue adquirido por CEIMIC Life Sciences Testing Group. \u00a0Esta adquisici\u00f3n fortalece a\u00fan m\u00e1s nuestra posici\u00f3n en la industria y ampl\u00eda significativamente nuestra capacidad para ofrecer servicios de alta calidad [&hellip;]","og_url":"https:\/\/proquifar.com\/site\/noticias\/","og_site_name":"proquifar","article_modified_time":"2024-11-14T21:43:15+00:00","og_image":[{"url":"https:\/\/proquifar.com\/site\/wp-content\/uploads\/2023\/12\/BLANCO5-150x113.png","type":"","width":"","height":""}],"twitter_card":"summary_large_image","twitter_misc":{"Tiempo de lectura":"2 minutos"},"schema":{"@context":"https:\/\/schema.org","@graph":[{"@type":"WebPage","@id":"https:\/\/proquifar.com\/site\/noticias\/","url":"https:\/\/proquifar.com\/site\/noticias\/","name":"Noticias - proquifar","isPartOf":{"@id":"https:\/\/proquifar.com\/site\/#website"},"primaryImageOfPage":{"@id":"https:\/\/proquifar.com\/site\/noticias\/#primaryimage"},"image":{"@id":"https:\/\/proquifar.com\/site\/noticias\/#primaryimage"},"thumbnailUrl":"https:\/\/proquifar.com\/site\/wp-content\/uploads\/2023\/12\/BLANCO5-150x113.png","datePublished":"2023-01-03T15:47:35+00:00","dateModified":"2024-11-14T21:43:15+00:00","breadcrumb":{"@id":"https:\/\/proquifar.com\/site\/noticias\/#breadcrumb"},"inLanguage":"es","potentialAction":[{"@type":"ReadAction","target":["https:\/\/proquifar.com\/site\/noticias\/"]}]},{"@type":"ImageObject","inLanguage":"es","@id":"https:\/\/proquifar.com\/site\/noticias\/#primaryimage","url":"https:\/\/proquifar.com\/site\/wp-content\/uploads\/2023\/12\/BLANCO5.png","contentUrl":"https:\/\/proquifar.com\/site\/wp-content\/uploads\/2023\/12\/BLANCO5.png","width":598,"height":113,"caption":"BLANCO5"},{"@type":"BreadcrumbList","@id":"https:\/\/proquifar.com\/site\/noticias\/#breadcrumb","itemListElement":[{"@type":"ListItem","position":1,"name":"Home","item":"https:\/\/proquifar.com\/site\/"},{"@type":"ListItem","position":2,"name":"Noticias"}]},{"@type":"WebSite","@id":"https:\/\/proquifar.com\/site\/#website","url":"https:\/\/proquifar.com\/site\/","name":"proquifar","description":"","potentialAction":[{"@type":"SearchAction","target":{"@type":"EntryPoint","urlTemplate":"https:\/\/proquifar.com\/site\/?s={search_term_string}"},"query-input":{"@type":"PropertyValueSpecification","valueRequired":true,"valueName":"search_term_string"}}],"inLanguage":"es"}]}},"_links":{"self":[{"href":"https:\/\/proquifar.com\/site\/wp-json\/wp\/v2\/pages\/849","targetHints":{"allow":["GET"]}}],"collection":[{"href":"https:\/\/proquifar.com\/site\/wp-json\/wp\/v2\/pages"}],"about":[{"href":"https:\/\/proquifar.com\/site\/wp-json\/wp\/v2\/types\/page"}],"author":[{"embeddable":true,"href":"https:\/\/proquifar.com\/site\/wp-json\/wp\/v2\/users\/5"}],"replies":[{"embeddable":true,"href":"https:\/\/proquifar.com\/site\/wp-json\/wp\/v2\/comments?post=849"}],"version-history":[{"count":11,"href":"https:\/\/proquifar.com\/site\/wp-json\/wp\/v2\/pages\/849\/revisions"}],"predecessor-version":[{"id":2169,"href":"https:\/\/proquifar.com\/site\/wp-json\/wp\/v2\/pages\/849\/revisions\/2169"}],"wp:attachment":[{"href":"https:\/\/proquifar.com\/site\/wp-json\/wp\/v2\/media?parent=849"}],"curies":[{"name":"wp","href":"https:\/\/api.w.org\/{rel}","templated":true}]}}