{"id":683,"date":"2023-01-02T15:26:53","date_gmt":"2023-01-02T20:26:53","guid":{"rendered":"https:\/\/proquifar.com\/site\/?page_id=683"},"modified":"2023-07-07T10:47:06","modified_gmt":"2023-07-07T15:47:06","slug":"industria-agroquimica","status":"publish","type":"page","link":"https:\/\/proquifar.com\/site\/industria-agroquimica\/","title":{"rendered":"Industria Agroqu\u00edmica"},"content":{"rendered":"\t\t<div data-elementor-type=\"wp-page\" data-elementor-id=\"683\" class=\"elementor elementor-683\" data-elementor-post-type=\"page\">\n\t\t\t\t\t\t<section class=\"elementor-section elementor-top-section elementor-element elementor-element-091f277 elementor-section-full_width elementor-section-height-default elementor-section-height-default\" data-id=\"091f277\" data-element_type=\"section\" data-e-type=\"section\" data-settings=\"{&quot;background_background&quot;:&quot;classic&quot;}\">\n\t\t\t\t\t\t<div class=\"elementor-container elementor-column-gap-default\">\n\t\t\t\t\t<div class=\"elementor-column elementor-col-100 elementor-top-column elementor-element elementor-element-d16b302\" data-id=\"d16b302\" data-element_type=\"column\" data-e-type=\"column\">\n\t\t\t<div class=\"elementor-widget-wrap elementor-element-populated\">\n\t\t\t\t\t\t<div class=\"elementor-element elementor-element-f4b3c4b elementor-align-center elementor-widget elementor-widget-breadcrumbs\" data-id=\"f4b3c4b\" data-element_type=\"widget\" data-e-type=\"widget\" data-widget_type=\"breadcrumbs.default\">\n\t\t\t\t<div class=\"elementor-widget-container\">\n\t\t\t\t\t<p id=\"breadcrumbs\"><span><span><a href=\"https:\/\/proquifar.com\/site\/\">Home<\/a><\/span><\/span><\/p>\t\t\t\t<\/div>\n\t\t\t\t<\/div>\n\t\t\t\t<div class=\"elementor-element elementor-element-89ea5ef elementor-widget elementor-widget-heading\" data-id=\"89ea5ef\" data-element_type=\"widget\" data-e-type=\"widget\" data-widget_type=\"heading.default\">\n\t\t\t\t<div class=\"elementor-widget-container\">\n\t\t\t\t\t<h1 class=\"elementor-heading-title elementor-size-default\">Industria Agroqu\u00edmica<\/h1>\t\t\t\t<\/div>\n\t\t\t\t<\/div>\n\t\t\t\t\t<\/div>\n\t\t<\/div>\n\t\t\t\t\t<\/div>\n\t\t<\/section>\n\t\t\t\t<section class=\"elementor-section elementor-top-section elementor-element elementor-element-4d9683c elementor-section-boxed elementor-section-height-default elementor-section-height-default\" data-id=\"4d9683c\" data-element_type=\"section\" data-e-type=\"section\">\n\t\t\t\t\t\t<div class=\"elementor-container elementor-column-gap-default\">\n\t\t\t\t\t<div class=\"elementor-column elementor-col-50 elementor-top-column elementor-element elementor-element-2d43f5d\" data-id=\"2d43f5d\" data-element_type=\"column\" data-e-type=\"column\">\n\t\t\t<div class=\"elementor-widget-wrap elementor-element-populated\">\n\t\t\t\t\t\t<div class=\"elementor-element elementor-element-e8edb07 elementor-widget elementor-widget-image\" data-id=\"e8edb07\" data-element_type=\"widget\" data-e-type=\"widget\" data-widget_type=\"image.default\">\n\t\t\t\t<div class=\"elementor-widget-container\">\n\t\t\t\t\t\t\t\t\t\t\t\t\t\t\t<img fetchpriority=\"high\" decoding=\"async\" width=\"553\" height=\"477\" src=\"https:\/\/proquifar.com\/site\/wp-content\/uploads\/2023\/01\/AdobeStock_321605471.jpg\" class=\"attachment-large size-large wp-image-588\" alt=\"\" srcset=\"https:\/\/proquifar.com\/site\/wp-content\/uploads\/2023\/01\/AdobeStock_321605471.jpg 553w, https:\/\/proquifar.com\/site\/wp-content\/uploads\/2023\/01\/AdobeStock_321605471-300x259.jpg 300w\" sizes=\"(max-width: 553px) 100vw, 553px\" \/>\t\t\t\t\t\t\t\t\t\t\t\t\t\t\t<\/div>\n\t\t\t\t<\/div>\n\t\t\t\t\t<\/div>\n\t\t<\/div>\n\t\t\t\t<div class=\"elementor-column elementor-col-50 elementor-top-column elementor-element elementor-element-7c3c548\" data-id=\"7c3c548\" data-element_type=\"column\" data-e-type=\"column\">\n\t\t\t<div class=\"elementor-widget-wrap elementor-element-populated\">\n\t\t\t\t\t\t<div class=\"elementor-element elementor-element-7eed83e elementor-widget elementor-widget-text-editor\" data-id=\"7eed83e\" data-element_type=\"widget\" data-e-type=\"widget\" data-widget_type=\"text-editor.default\">\n\t\t\t\t<div class=\"elementor-widget-container\">\n\t\t\t\t\t\t\t\t\t<p>Somos un laboratorio de ensayos reconocido por el Instituto Colombiano Agropecuario ICA (Divisi\u00f3n Agroqu\u00edmica) para an\u00e1lisis de plaguicidas, fertilizantes y bioinsumos. Ofrecemos una gama completa de ensayos anal\u00edticos para que nuestros clientes puedan garantizar la conformidad de sus productos. Adem\u00e1s apoyamos el proceso de sus registros ante el Ente Regulador.<\/p><p>Los siguientes ensayos se llevan a cabo en nuestro laboratorio, de acuerdo con Manual T\u00e9cnico Andino seg\u00fan m\u00e9todos descritos en CIPAC, AOAC y Normas T\u00e9cnicas ICONTEC.<\/p>\t\t\t\t\t\t\t\t<\/div>\n\t\t\t\t<\/div>\n\t\t\t\t\t<\/div>\n\t\t<\/div>\n\t\t\t\t\t<\/div>\n\t\t<\/section>\n\t\t\t\t<section class=\"elementor-section elementor-top-section elementor-element elementor-element-401f775 elementor-section-boxed elementor-section-height-default elementor-section-height-default\" data-id=\"401f775\" data-element_type=\"section\" data-e-type=\"section\" data-settings=\"{&quot;background_background&quot;:&quot;classic&quot;}\">\n\t\t\t\t\t\t<div class=\"elementor-container elementor-column-gap-default\">\n\t\t\t\t\t<div class=\"elementor-column elementor-col-50 elementor-top-column elementor-element elementor-element-7880901\" data-id=\"7880901\" data-element_type=\"column\" data-e-type=\"column\">\n\t\t\t<div class=\"elementor-widget-wrap elementor-element-populated\">\n\t\t\t\t\t\t<div class=\"elementor-element elementor-element-0be58ba elementor-widget elementor-widget-heading\" data-id=\"0be58ba\" data-element_type=\"widget\" data-e-type=\"widget\" data-widget_type=\"heading.default\">\n\t\t\t\t<div class=\"elementor-widget-container\">\n\t\t\t\t\t<h3 class=\"elementor-heading-title elementor-size-default\">Servicios prestados:<\/h3>\t\t\t\t<\/div>\n\t\t\t\t<\/div>\n\t\t\t\t<div class=\"elementor-element elementor-element-0335bb5 ico-sty-1 elementor-icon-list--layout-traditional elementor-list-item-link-full_width elementor-widget elementor-widget-icon-list\" data-id=\"0335bb5\" data-element_type=\"widget\" data-e-type=\"widget\" data-widget_type=\"icon-list.default\">\n\t\t\t\t<div class=\"elementor-widget-container\">\n\t\t\t\t\t\t\t<ul class=\"elementor-icon-list-items\">\n\t\t\t\t\t\t\t<li class=\"elementor-icon-list-item\">\n\t\t\t\t\t\t\t\t\t\t\t<span class=\"elementor-icon-list-icon\">\n\t\t\t\t\t\t\t<i aria-hidden=\"true\" class=\"fas fa-circle\"><\/i>\t\t\t\t\t\t<\/span>\n\t\t\t\t\t\t\t\t\t\t<span class=\"elementor-icon-list-text\"> Control de calidad de acuerdo con el tipo de formulaci\u00f3n.<\/span>\n\t\t\t\t\t\t\t\t\t<\/li>\n\t\t\t\t\t\t<\/ul>\n\t\t\t\t\t\t<\/div>\n\t\t\t\t<\/div>\n\t\t\t\t<div class=\"elementor-element elementor-element-1b2e74e elementor-widget elementor-widget-text-editor\" data-id=\"1b2e74e\" data-element_type=\"widget\" data-e-type=\"widget\" data-widget_type=\"text-editor.default\">\n\t\t\t\t<div class=\"elementor-widget-container\">\n\t\t\t\t\t\t\t\t\t<ul><li>Suspensibilidad en polvos mojables, suspensiones concentradas y gr\u00e1nulos dispersables.<\/li><li>Persistencia de la espuma en suspensiones concentradas, polvos mojables y gr\u00e1nulos dispersables.<\/li><li>Estabilidad de la emulsi\u00f3n en concentrados emulsionables.<\/li><li>Granulometr\u00eda en polvos mojables y polvos para espolvoreo.<\/li><li>Espontaneidad de la dispersi\u00f3n en gr\u00e1nulos dispersables y suspensiones concentradas.<\/li><li>Tama\u00f1o de part\u00edcula en polvos para espolvoreo.<\/li><li>Humectabilidad en polvos mojables y gr\u00e1nulos dispersables.<\/li><li>Prueba de disoluci\u00f3n en concentrados solubles.<\/li><li>PH.<\/li><li>Peso espec\u00edfico.<\/li><li>Agua (Karl Fischer).<\/li><li>Viscosidad.<\/li><\/ul>\t\t\t\t\t\t\t\t<\/div>\n\t\t\t\t<\/div>\n\t\t\t\t\t<\/div>\n\t\t<\/div>\n\t\t\t\t<div class=\"elementor-column elementor-col-50 elementor-top-column elementor-element elementor-element-25545fa\" data-id=\"25545fa\" data-element_type=\"column\" data-e-type=\"column\">\n\t\t\t<div class=\"elementor-widget-wrap elementor-element-populated\">\n\t\t\t\t\t\t<div class=\"elementor-element elementor-element-f064be1 ico-sty-1 elementor-icon-list--layout-traditional elementor-list-item-link-full_width elementor-widget elementor-widget-icon-list\" data-id=\"f064be1\" data-element_type=\"widget\" data-e-type=\"widget\" data-widget_type=\"icon-list.default\">\n\t\t\t\t<div class=\"elementor-widget-container\">\n\t\t\t\t\t\t\t<ul class=\"elementor-icon-list-items\">\n\t\t\t\t\t\t\t<li class=\"elementor-icon-list-item\">\n\t\t\t\t\t\t\t\t\t\t\t<span class=\"elementor-icon-list-icon\">\n\t\t\t\t\t\t\t<i aria-hidden=\"true\" class=\"fas fa-circle\"><\/i>\t\t\t\t\t\t<\/span>\n\t\t\t\t\t\t\t\t\t\t<span class=\"elementor-icon-list-text\">Validaci\u00f3n de m\u00e9todos anal\u00edticos<\/span>\n\t\t\t\t\t\t\t\t\t<\/li>\n\t\t\t\t\t\t\t\t<li class=\"elementor-icon-list-item\">\n\t\t\t\t\t\t\t\t\t\t\t<span class=\"elementor-icon-list-icon\">\n\t\t\t\t\t\t\t<i aria-hidden=\"true\" class=\"fas fa-circle\"><\/i>\t\t\t\t\t\t<\/span>\n\t\t\t\t\t\t\t\t\t\t<span class=\"elementor-icon-list-text\">Estabilidad seg\u00fan CIPAC m\u00e9todo \u201cMT 46-Procedimiento almacenamiento acelerado\u201d.<\/span>\n\t\t\t\t\t\t\t\t\t<\/li>\n\t\t\t\t\t\t<\/ul>\n\t\t\t\t\t\t<\/div>\n\t\t\t\t<\/div>\n\t\t\t\t<div class=\"elementor-element elementor-element-dbb2d09 elementor-widget elementor-widget-text-editor\" data-id=\"dbb2d09\" data-element_type=\"widget\" data-e-type=\"widget\" data-widget_type=\"text-editor.default\">\n\t\t\t\t<div class=\"elementor-widget-container\">\n\t\t\t\t\t\t\t\t\t<ul><li>El objetivo de la prueba es acelerar el envejecimiento del producto mediante calentamiento.<\/li><li>Provee una gu\u00eda en el desempe\u00f1o del producto en climas calientes o templados.<\/li><li>Esta prueba puede ser usada para realizar una extensi\u00f3n de vida \u00fatil del producto en cuesti\u00f3n.<\/li><\/ul>\t\t\t\t\t\t\t\t<\/div>\n\t\t\t\t<\/div>\n\t\t\t\t<div class=\"elementor-element elementor-element-59c4e0d elementor-align-left elementor-widget elementor-widget-button\" data-id=\"59c4e0d\" data-element_type=\"widget\" data-e-type=\"widget\" data-widget_type=\"button.default\">\n\t\t\t\t<div class=\"elementor-widget-container\">\n\t\t\t\t\t\t\t\t\t<div class=\"elementor-button-wrapper\">\n\t\t\t\t\t<a class=\"elementor-button elementor-button-link elementor-size-sm\" href=\"https:\/\/proquifar.com\/site\/solicitar-asesoria\/\">\n\t\t\t\t\t\t<span class=\"elementor-button-content-wrapper\">\n\t\t\t\t\t\t\t\t\t<span class=\"elementor-button-text\">Solicitar asesor\u00eda<\/span>\n\t\t\t\t\t<\/span>\n\t\t\t\t\t<\/a>\n\t\t\t\t<\/div>\n\t\t\t\t\t\t\t\t<\/div>\n\t\t\t\t<\/div>\n\t\t\t\t\t<\/div>\n\t\t<\/div>\n\t\t\t\t\t<\/div>\n\t\t<\/section>\n\t\t\t\t<section class=\"elementor-section elementor-top-section elementor-element elementor-element-03054bb elementor-section-boxed elementor-section-height-default elementor-section-height-default\" data-id=\"03054bb\" data-element_type=\"section\" data-e-type=\"section\">\n\t\t\t\t\t\t<div class=\"elementor-container elementor-column-gap-default\">\n\t\t\t\t\t<div class=\"elementor-column elementor-col-50 elementor-top-column elementor-element elementor-element-072059c\" data-id=\"072059c\" data-element_type=\"column\" data-e-type=\"column\">\n\t\t\t<div class=\"elementor-widget-wrap elementor-element-populated\">\n\t\t\t\t\t\t<div class=\"elementor-element elementor-element-dc80b6e elementor-widget elementor-widget-heading\" data-id=\"dc80b6e\" data-element_type=\"widget\" data-e-type=\"widget\" data-widget_type=\"heading.default\">\n\t\t\t\t<div class=\"elementor-widget-container\">\n\t\t\t\t\t<h3 class=\"elementor-heading-title elementor-size-default\">Importante:<\/h3>\t\t\t\t<\/div>\n\t\t\t\t<\/div>\n\t\t\t\t<div class=\"elementor-element elementor-element-69aa608 elementor-widget elementor-widget-text-editor\" data-id=\"69aa608\" data-element_type=\"widget\" data-e-type=\"widget\" data-widget_type=\"text-editor.default\">\n\t\t\t\t<div class=\"elementor-widget-container\">\n\t\t\t\t\t\t\t\t\t<p>Si el activo que usted requiere no se encuentra en la resoluci\u00f3n vigente emitida por el ICA, por favor cont\u00e1ctese con nosotros.<\/p>\t\t\t\t\t\t\t\t<\/div>\n\t\t\t\t<\/div>\n\t\t\t\t<div class=\"elementor-element elementor-element-9982e7a elementor-widget elementor-widget-heading\" data-id=\"9982e7a\" data-element_type=\"widget\" data-e-type=\"widget\" data-widget_type=\"heading.default\">\n\t\t\t\t<div class=\"elementor-widget-container\">\n\t\t\t\t\t<h3 class=\"elementor-heading-title elementor-size-default\">Beneficios:<\/h3>\t\t\t\t<\/div>\n\t\t\t\t<\/div>\n\t\t\t\t<div class=\"elementor-element elementor-element-8375d3b elementor-widget elementor-widget-text-editor\" data-id=\"8375d3b\" data-element_type=\"widget\" data-e-type=\"widget\" data-widget_type=\"text-editor.default\">\n\t\t\t\t<div class=\"elementor-widget-container\">\n\t\t\t\t\t\t\t\t\t<p>Amplia experiencia en el an\u00e1lisis fisicoqu\u00edmico de innumerables mol\u00e9culas de productos agroqu\u00edmicos <a style=\"color: #171151;\" href=\"https:\/\/proquifar.com\/site\/resoluciones\/\">(<span style=\"text-decoration: underline;\">Resoluci\u00f3n ICA vigente<\/span>).<\/a><\/p>\t\t\t\t\t\t\t\t<\/div>\n\t\t\t\t<\/div>\n\t\t\t\t<div class=\"elementor-element elementor-element-5c3d282 elementor-align-left elementor-widget elementor-widget-button\" data-id=\"5c3d282\" data-element_type=\"widget\" data-e-type=\"widget\" data-widget_type=\"button.default\">\n\t\t\t\t<div class=\"elementor-widget-container\">\n\t\t\t\t\t\t\t\t\t<div class=\"elementor-button-wrapper\">\n\t\t\t\t\t<a class=\"elementor-button elementor-button-link elementor-size-sm\" href=\"https:\/\/proquifar.com\/site\/solicitar-asesoria\/\">\n\t\t\t\t\t\t<span class=\"elementor-button-content-wrapper\">\n\t\t\t\t\t\t\t\t\t<span class=\"elementor-button-text\">Solicitar asesor\u00eda<\/span>\n\t\t\t\t\t<\/span>\n\t\t\t\t\t<\/a>\n\t\t\t\t<\/div>\n\t\t\t\t\t\t\t\t<\/div>\n\t\t\t\t<\/div>\n\t\t\t\t\t<\/div>\n\t\t<\/div>\n\t\t\t\t<div class=\"elementor-column elementor-col-50 elementor-top-column elementor-element elementor-element-a3b02f7\" data-id=\"a3b02f7\" data-element_type=\"column\" data-e-type=\"column\">\n\t\t\t<div class=\"elementor-widget-wrap elementor-element-populated\">\n\t\t\t\t\t\t<div class=\"elementor-element elementor-element-57617e6 elementor-widget elementor-widget-image\" data-id=\"57617e6\" data-element_type=\"widget\" data-e-type=\"widget\" data-widget_type=\"image.default\">\n\t\t\t\t<div class=\"elementor-widget-container\">\n\t\t\t\t\t\t\t\t\t\t\t\t\t\t\t<img decoding=\"async\" width=\"500\" height=\"333\" src=\"https:\/\/proquifar.com\/site\/wp-content\/uploads\/2023\/01\/fotolia_60532728-113458-2..jpg\" class=\"attachment-large size-large wp-image-685\" alt=\"\" srcset=\"https:\/\/proquifar.com\/site\/wp-content\/uploads\/2023\/01\/fotolia_60532728-113458-2..jpg 500w, https:\/\/proquifar.com\/site\/wp-content\/uploads\/2023\/01\/fotolia_60532728-113458-2.-300x200.jpg 300w\" sizes=\"(max-width: 500px) 100vw, 500px\" \/>\t\t\t\t\t\t\t\t\t\t\t\t\t\t\t<\/div>\n\t\t\t\t<\/div>\n\t\t\t\t\t<\/div>\n\t\t<\/div>\n\t\t\t\t\t<\/div>\n\t\t<\/section>\n\t\t\t\t<\/div>\n\t\t","protected":false},"excerpt":{"rendered":"<p>Industria Agroqu\u00edmica Somos un laboratorio de ensayos reconocido por el Instituto Colombiano Agropecuario ICA (Divisi\u00f3n Agroqu\u00edmica) para an\u00e1lisis de plaguicidas, fertilizantes y bioinsumos. Ofrecemos una gama completa de ensayos anal\u00edticos para que nuestros clientes puedan garantizar la conformidad de sus productos. Adem\u00e1s apoyamos el proceso de sus registros ante el Ente Regulador. Los siguientes ensayos [&hellip;]<\/p>\n","protected":false},"author":5,"featured_media":0,"parent":0,"menu_order":0,"comment_status":"closed","ping_status":"closed","template":"elementor_header_footer","meta":{"_acf_changed":false,"nf_dc_page":"","inline_featured_image":false,"_joinchat":[],"footnotes":""},"class_list":["post-683","page","type-page","status-publish","hentry"],"acf":[],"yoast_head":"<!-- This site is optimized with the Yoast SEO plugin v27.5 - https:\/\/yoast.com\/product\/yoast-seo-wordpress\/ -->\n<title>Industria Agroqu\u00edmica - proquifar<\/title>\n<meta name=\"robots\" content=\"index, follow, max-snippet:-1, max-image-preview:large, max-video-preview:-1\" \/>\n<link rel=\"canonical\" href=\"https:\/\/proquifar.com\/site\/industria-agroquimica\/\" \/>\n<meta property=\"og:locale\" content=\"es_ES\" \/>\n<meta property=\"og:type\" content=\"article\" \/>\n<meta property=\"og:title\" content=\"Industria Agroqu\u00edmica - proquifar\" \/>\n<meta property=\"og:description\" content=\"Industria Agroqu\u00edmica Somos un laboratorio de ensayos reconocido por el Instituto Colombiano Agropecuario ICA (Divisi\u00f3n Agroqu\u00edmica) para an\u00e1lisis de plaguicidas, fertilizantes y bioinsumos. Ofrecemos una gama completa de ensayos anal\u00edticos para que nuestros clientes puedan garantizar la conformidad de sus productos. Adem\u00e1s apoyamos el proceso de sus registros ante el Ente Regulador. Los siguientes ensayos [&hellip;]\" \/>\n<meta property=\"og:url\" content=\"https:\/\/proquifar.com\/site\/industria-agroquimica\/\" \/>\n<meta property=\"og:site_name\" content=\"proquifar\" \/>\n<meta property=\"article:modified_time\" content=\"2023-07-07T15:47:06+00:00\" \/>\n<meta property=\"og:image\" content=\"https:\/\/proquifar.com\/site\/wp-content\/uploads\/2023\/01\/AdobeStock_321605471.jpg\" \/>\n<meta name=\"twitter:card\" content=\"summary_large_image\" \/>\n<meta name=\"twitter:label1\" content=\"Tiempo de lectura\" \/>\n\t<meta name=\"twitter:data1\" content=\"2 minutos\" \/>\n<script type=\"application\/ld+json\" class=\"yoast-schema-graph\">{\"@context\":\"https:\\\/\\\/schema.org\",\"@graph\":[{\"@type\":\"WebPage\",\"@id\":\"https:\\\/\\\/proquifar.com\\\/site\\\/industria-agroquimica\\\/\",\"url\":\"https:\\\/\\\/proquifar.com\\\/site\\\/industria-agroquimica\\\/\",\"name\":\"Industria Agroqu\u00edmica - proquifar\",\"isPartOf\":{\"@id\":\"https:\\\/\\\/proquifar.com\\\/site\\\/#website\"},\"primaryImageOfPage\":{\"@id\":\"https:\\\/\\\/proquifar.com\\\/site\\\/industria-agroquimica\\\/#primaryimage\"},\"image\":{\"@id\":\"https:\\\/\\\/proquifar.com\\\/site\\\/industria-agroquimica\\\/#primaryimage\"},\"thumbnailUrl\":\"https:\\\/\\\/proquifar.com\\\/site\\\/wp-content\\\/uploads\\\/2023\\\/01\\\/AdobeStock_321605471.jpg\",\"datePublished\":\"2023-01-02T20:26:53+00:00\",\"dateModified\":\"2023-07-07T15:47:06+00:00\",\"breadcrumb\":{\"@id\":\"https:\\\/\\\/proquifar.com\\\/site\\\/industria-agroquimica\\\/#breadcrumb\"},\"inLanguage\":\"es\",\"potentialAction\":[{\"@type\":\"ReadAction\",\"target\":[\"https:\\\/\\\/proquifar.com\\\/site\\\/industria-agroquimica\\\/\"]}]},{\"@type\":\"ImageObject\",\"inLanguage\":\"es\",\"@id\":\"https:\\\/\\\/proquifar.com\\\/site\\\/industria-agroquimica\\\/#primaryimage\",\"url\":\"https:\\\/\\\/proquifar.com\\\/site\\\/wp-content\\\/uploads\\\/2023\\\/01\\\/AdobeStock_321605471.jpg\",\"contentUrl\":\"https:\\\/\\\/proquifar.com\\\/site\\\/wp-content\\\/uploads\\\/2023\\\/01\\\/AdobeStock_321605471.jpg\",\"width\":553,\"height\":477},{\"@type\":\"BreadcrumbList\",\"@id\":\"https:\\\/\\\/proquifar.com\\\/site\\\/industria-agroquimica\\\/#breadcrumb\",\"itemListElement\":[{\"@type\":\"ListItem\",\"position\":1,\"name\":\"Home\",\"item\":\"https:\\\/\\\/proquifar.com\\\/site\\\/\"},{\"@type\":\"ListItem\",\"position\":2,\"name\":\"Industria Agroqu\u00edmica\"}]},{\"@type\":\"WebSite\",\"@id\":\"https:\\\/\\\/proquifar.com\\\/site\\\/#website\",\"url\":\"https:\\\/\\\/proquifar.com\\\/site\\\/\",\"name\":\"proquifar\",\"description\":\"\",\"potentialAction\":[{\"@type\":\"SearchAction\",\"target\":{\"@type\":\"EntryPoint\",\"urlTemplate\":\"https:\\\/\\\/proquifar.com\\\/site\\\/?s={search_term_string}\"},\"query-input\":{\"@type\":\"PropertyValueSpecification\",\"valueRequired\":true,\"valueName\":\"search_term_string\"}}],\"inLanguage\":\"es\"}]}<\/script>\n<!-- \/ Yoast SEO plugin. -->","yoast_head_json":{"title":"Industria Agroqu\u00edmica - proquifar","robots":{"index":"index","follow":"follow","max-snippet":"max-snippet:-1","max-image-preview":"max-image-preview:large","max-video-preview":"max-video-preview:-1"},"canonical":"https:\/\/proquifar.com\/site\/industria-agroquimica\/","og_locale":"es_ES","og_type":"article","og_title":"Industria Agroqu\u00edmica - proquifar","og_description":"Industria Agroqu\u00edmica Somos un laboratorio de ensayos reconocido por el Instituto Colombiano Agropecuario ICA (Divisi\u00f3n Agroqu\u00edmica) para an\u00e1lisis de plaguicidas, fertilizantes y bioinsumos. Ofrecemos una gama completa de ensayos anal\u00edticos para que nuestros clientes puedan garantizar la conformidad de sus productos. Adem\u00e1s apoyamos el proceso de sus registros ante el Ente Regulador. Los siguientes ensayos [&hellip;]","og_url":"https:\/\/proquifar.com\/site\/industria-agroquimica\/","og_site_name":"proquifar","article_modified_time":"2023-07-07T15:47:06+00:00","og_image":[{"url":"https:\/\/proquifar.com\/site\/wp-content\/uploads\/2023\/01\/AdobeStock_321605471.jpg","type":"","width":"","height":""}],"twitter_card":"summary_large_image","twitter_misc":{"Tiempo de lectura":"2 minutos"},"schema":{"@context":"https:\/\/schema.org","@graph":[{"@type":"WebPage","@id":"https:\/\/proquifar.com\/site\/industria-agroquimica\/","url":"https:\/\/proquifar.com\/site\/industria-agroquimica\/","name":"Industria Agroqu\u00edmica - proquifar","isPartOf":{"@id":"https:\/\/proquifar.com\/site\/#website"},"primaryImageOfPage":{"@id":"https:\/\/proquifar.com\/site\/industria-agroquimica\/#primaryimage"},"image":{"@id":"https:\/\/proquifar.com\/site\/industria-agroquimica\/#primaryimage"},"thumbnailUrl":"https:\/\/proquifar.com\/site\/wp-content\/uploads\/2023\/01\/AdobeStock_321605471.jpg","datePublished":"2023-01-02T20:26:53+00:00","dateModified":"2023-07-07T15:47:06+00:00","breadcrumb":{"@id":"https:\/\/proquifar.com\/site\/industria-agroquimica\/#breadcrumb"},"inLanguage":"es","potentialAction":[{"@type":"ReadAction","target":["https:\/\/proquifar.com\/site\/industria-agroquimica\/"]}]},{"@type":"ImageObject","inLanguage":"es","@id":"https:\/\/proquifar.com\/site\/industria-agroquimica\/#primaryimage","url":"https:\/\/proquifar.com\/site\/wp-content\/uploads\/2023\/01\/AdobeStock_321605471.jpg","contentUrl":"https:\/\/proquifar.com\/site\/wp-content\/uploads\/2023\/01\/AdobeStock_321605471.jpg","width":553,"height":477},{"@type":"BreadcrumbList","@id":"https:\/\/proquifar.com\/site\/industria-agroquimica\/#breadcrumb","itemListElement":[{"@type":"ListItem","position":1,"name":"Home","item":"https:\/\/proquifar.com\/site\/"},{"@type":"ListItem","position":2,"name":"Industria Agroqu\u00edmica"}]},{"@type":"WebSite","@id":"https:\/\/proquifar.com\/site\/#website","url":"https:\/\/proquifar.com\/site\/","name":"proquifar","description":"","potentialAction":[{"@type":"SearchAction","target":{"@type":"EntryPoint","urlTemplate":"https:\/\/proquifar.com\/site\/?s={search_term_string}"},"query-input":{"@type":"PropertyValueSpecification","valueRequired":true,"valueName":"search_term_string"}}],"inLanguage":"es"}]}},"_links":{"self":[{"href":"https:\/\/proquifar.com\/site\/wp-json\/wp\/v2\/pages\/683","targetHints":{"allow":["GET"]}}],"collection":[{"href":"https:\/\/proquifar.com\/site\/wp-json\/wp\/v2\/pages"}],"about":[{"href":"https:\/\/proquifar.com\/site\/wp-json\/wp\/v2\/types\/page"}],"author":[{"embeddable":true,"href":"https:\/\/proquifar.com\/site\/wp-json\/wp\/v2\/users\/5"}],"replies":[{"embeddable":true,"href":"https:\/\/proquifar.com\/site\/wp-json\/wp\/v2\/comments?post=683"}],"version-history":[{"count":5,"href":"https:\/\/proquifar.com\/site\/wp-json\/wp\/v2\/pages\/683\/revisions"}],"predecessor-version":[{"id":1608,"href":"https:\/\/proquifar.com\/site\/wp-json\/wp\/v2\/pages\/683\/revisions\/1608"}],"wp:attachment":[{"href":"https:\/\/proquifar.com\/site\/wp-json\/wp\/v2\/media?parent=683"}],"curies":[{"name":"wp","href":"https:\/\/api.w.org\/{rel}","templated":true}]}}