{"id":670,"date":"2023-01-02T15:19:45","date_gmt":"2023-01-02T20:19:45","guid":{"rendered":"https:\/\/proquifar.com\/site\/?page_id=670"},"modified":"2023-07-12T08:20:47","modified_gmt":"2023-07-12T13:20:47","slug":"industria-cosmetica","status":"publish","type":"page","link":"https:\/\/proquifar.com\/site\/industria-cosmetica\/","title":{"rendered":"Industria Cosm\u00e9tica"},"content":{"rendered":"\t\t<div data-elementor-type=\"wp-page\" data-elementor-id=\"670\" class=\"elementor elementor-670\" data-elementor-post-type=\"page\">\n\t\t\t\t\t\t<section class=\"elementor-section elementor-top-section elementor-element elementor-element-091f277 elementor-section-full_width elementor-section-height-default elementor-section-height-default\" data-id=\"091f277\" data-element_type=\"section\" data-e-type=\"section\" data-settings=\"{&quot;background_background&quot;:&quot;classic&quot;}\">\n\t\t\t\t\t\t<div class=\"elementor-container elementor-column-gap-default\">\n\t\t\t\t\t<div class=\"elementor-column elementor-col-100 elementor-top-column elementor-element elementor-element-d16b302\" data-id=\"d16b302\" data-element_type=\"column\" data-e-type=\"column\">\n\t\t\t<div class=\"elementor-widget-wrap elementor-element-populated\">\n\t\t\t\t\t\t<div class=\"elementor-element elementor-element-a2e695b elementor-align-center elementor-widget elementor-widget-breadcrumbs\" data-id=\"a2e695b\" data-element_type=\"widget\" data-e-type=\"widget\" data-widget_type=\"breadcrumbs.default\">\n\t\t\t\t<div class=\"elementor-widget-container\">\n\t\t\t\t\t<p id=\"breadcrumbs\"><span><span><a href=\"https:\/\/proquifar.com\/site\/\">Home<\/a><\/span><\/span><\/p>\t\t\t\t<\/div>\n\t\t\t\t<\/div>\n\t\t\t\t<div class=\"elementor-element elementor-element-89ea5ef elementor-widget elementor-widget-heading\" data-id=\"89ea5ef\" data-element_type=\"widget\" data-e-type=\"widget\" data-widget_type=\"heading.default\">\n\t\t\t\t<div class=\"elementor-widget-container\">\n\t\t\t\t\t<h1 class=\"elementor-heading-title elementor-size-default\">Industria Cosm\u00e9tica<\/h1>\t\t\t\t<\/div>\n\t\t\t\t<\/div>\n\t\t\t\t\t<\/div>\n\t\t<\/div>\n\t\t\t\t\t<\/div>\n\t\t<\/section>\n\t\t\t\t<section class=\"elementor-section elementor-top-section elementor-element elementor-element-4d9683c elementor-section-boxed elementor-section-height-default elementor-section-height-default\" data-id=\"4d9683c\" data-element_type=\"section\" data-e-type=\"section\" data-settings=\"{&quot;background_background&quot;:&quot;classic&quot;}\">\n\t\t\t\t\t\t<div class=\"elementor-container elementor-column-gap-default\">\n\t\t\t\t\t<div class=\"elementor-column elementor-col-50 elementor-top-column elementor-element elementor-element-2d43f5d\" data-id=\"2d43f5d\" data-element_type=\"column\" data-e-type=\"column\">\n\t\t\t<div class=\"elementor-widget-wrap elementor-element-populated\">\n\t\t\t\t\t\t<div class=\"elementor-element elementor-element-e8edb07 elementor-widget elementor-widget-image\" data-id=\"e8edb07\" data-element_type=\"widget\" data-e-type=\"widget\" data-widget_type=\"image.default\">\n\t\t\t\t<div class=\"elementor-widget-container\">\n\t\t\t\t\t\t\t\t\t\t\t\t\t\t\t<img fetchpriority=\"high\" decoding=\"async\" width=\"553\" height=\"478\" src=\"https:\/\/proquifar.com\/site\/wp-content\/uploads\/2023\/01\/AdobeStock_338322232.jpg\" class=\"attachment-large size-large wp-image-587\" alt=\"\" srcset=\"https:\/\/proquifar.com\/site\/wp-content\/uploads\/2023\/01\/AdobeStock_338322232.jpg 553w, https:\/\/proquifar.com\/site\/wp-content\/uploads\/2023\/01\/AdobeStock_338322232-300x259.jpg 300w\" sizes=\"(max-width: 553px) 100vw, 553px\" \/>\t\t\t\t\t\t\t\t\t\t\t\t\t\t\t<\/div>\n\t\t\t\t<\/div>\n\t\t\t\t\t<\/div>\n\t\t<\/div>\n\t\t\t\t<div class=\"elementor-column elementor-col-50 elementor-top-column elementor-element elementor-element-7c3c548\" data-id=\"7c3c548\" data-element_type=\"column\" data-e-type=\"column\">\n\t\t\t<div class=\"elementor-widget-wrap elementor-element-populated\">\n\t\t\t\t\t\t<div class=\"elementor-element elementor-element-7eed83e elementor-widget elementor-widget-text-editor\" data-id=\"7eed83e\" data-element_type=\"widget\" data-e-type=\"widget\" data-widget_type=\"text-editor.default\">\n\t\t\t\t<div class=\"elementor-widget-container\">\n\t\t\t\t\t\t\t\t\t<p>Analizamos productos cosm\u00e9ticos con el fin de asegurar su adecuaci\u00f3n a las distintas normas o especificaciones del cliente.<\/p>\t\t\t\t\t\t\t\t<\/div>\n\t\t\t\t<\/div>\n\t\t\t\t<div class=\"elementor-element elementor-element-0be58ba elementor-widget elementor-widget-heading\" data-id=\"0be58ba\" data-element_type=\"widget\" data-e-type=\"widget\" data-widget_type=\"heading.default\">\n\t\t\t\t<div class=\"elementor-widget-container\">\n\t\t\t\t\t<h3 class=\"elementor-heading-title elementor-size-default\">Servicios prestados:<\/h3>\t\t\t\t<\/div>\n\t\t\t\t<\/div>\n\t\t\t\t<div class=\"elementor-element elementor-element-0335bb5 ico-sty-1 elementor-icon-list--layout-traditional elementor-list-item-link-full_width elementor-widget elementor-widget-icon-list\" data-id=\"0335bb5\" data-element_type=\"widget\" data-e-type=\"widget\" data-widget_type=\"icon-list.default\">\n\t\t\t\t<div class=\"elementor-widget-container\">\n\t\t\t\t\t\t\t<ul class=\"elementor-icon-list-items\">\n\t\t\t\t\t\t\t<li class=\"elementor-icon-list-item\">\n\t\t\t\t\t\t\t\t\t\t\t<a href=\"https:\/\/proquifar.com\/site\/control-de-calidad\/\">\n\n\t\t\t\t\t\t\t\t\t\t\t\t<span class=\"elementor-icon-list-icon\">\n\t\t\t\t\t\t\t<i aria-hidden=\"true\" class=\"fas fa-circle\"><\/i>\t\t\t\t\t\t<\/span>\n\t\t\t\t\t\t\t\t\t\t<span class=\"elementor-icon-list-text\">Control de Calidad de materia prima, producto en proceso y producto terminado, incluyendo<\/span>\n\t\t\t\t\t\t\t\t\t\t\t<\/a>\n\t\t\t\t\t\t\t\t\t<\/li>\n\t\t\t\t\t\t<\/ul>\n\t\t\t\t\t\t<\/div>\n\t\t\t\t<\/div>\n\t\t\t\t<div class=\"elementor-element elementor-element-e70ed15 ico-sty-1 elementor-icon-list--layout-traditional elementor-list-item-link-full_width elementor-widget elementor-widget-icon-list\" data-id=\"e70ed15\" data-element_type=\"widget\" data-e-type=\"widget\" data-widget_type=\"icon-list.default\">\n\t\t\t\t<div class=\"elementor-widget-container\">\n\t\t\t\t\t\t\t<ul class=\"elementor-icon-list-items\">\n\t\t\t\t\t\t\t<li class=\"elementor-icon-list-item\">\n\t\t\t\t\t\t\t\t\t\t\t<span class=\"elementor-icon-list-icon\">\n\t\t\t\t\t\t\t<i aria-hidden=\"true\" class=\"fas fa-circle-notch\"><\/i>\t\t\t\t\t\t<\/span>\n\t\t\t\t\t\t\t\t\t\t<span class=\"elementor-icon-list-text\">Calificaci\u00f3n sensorial de aromas, colores y sabores<\/span>\n\t\t\t\t\t\t\t\t\t<\/li>\n\t\t\t\t\t\t\t\t<li class=\"elementor-icon-list-item\">\n\t\t\t\t\t\t\t\t\t\t\t<span class=\"elementor-icon-list-icon\">\n\t\t\t\t\t\t\t<i aria-hidden=\"true\" class=\"fas fa-circle-notch\"><\/i>\t\t\t\t\t\t<\/span>\n\t\t\t\t\t\t\t\t\t\t<span class=\"elementor-icon-list-text\">Determinaci\u00f3n de metil y propil parabeno, filtros solares, alcohol cet\u00edlico, alcohol estear\u00edlico<\/span>\n\t\t\t\t\t\t\t\t\t<\/li>\n\t\t\t\t\t\t<\/ul>\n\t\t\t\t\t\t<\/div>\n\t\t\t\t<\/div>\n\t\t\t\t<div class=\"elementor-element elementor-element-0a8daea ico-sty-1 elementor-icon-list--layout-traditional elementor-list-item-link-full_width elementor-widget elementor-widget-icon-list\" data-id=\"0a8daea\" data-element_type=\"widget\" data-e-type=\"widget\" data-widget_type=\"icon-list.default\">\n\t\t\t\t<div class=\"elementor-widget-container\">\n\t\t\t\t\t\t\t<ul class=\"elementor-icon-list-items\">\n\t\t\t\t\t\t\t<li class=\"elementor-icon-list-item\">\n\t\t\t\t\t\t\t\t\t\t\t<a href=\"https:\/\/proquifar.com\/site\/estabilidad-acelerada\/\">\n\n\t\t\t\t\t\t\t\t\t\t\t\t<span class=\"elementor-icon-list-icon\">\n\t\t\t\t\t\t\t<i aria-hidden=\"true\" class=\"fas fa-circle\"><\/i>\t\t\t\t\t\t<\/span>\n\t\t\t\t\t\t\t\t\t\t<span class=\"elementor-icon-list-text\">Estudios de estabilidad acelerados<\/span>\n\t\t\t\t\t\t\t\t\t\t\t<\/a>\n\t\t\t\t\t\t\t\t\t<\/li>\n\t\t\t\t\t\t\t\t<li class=\"elementor-icon-list-item\">\n\t\t\t\t\t\t\t\t\t\t\t<a href=\"https:\/\/proquifar.com\/site\/estabilidad-natural\/\">\n\n\t\t\t\t\t\t\t\t\t\t\t\t<span class=\"elementor-icon-list-icon\">\n\t\t\t\t\t\t\t<i aria-hidden=\"true\" class=\"fas fa-circle\"><\/i>\t\t\t\t\t\t<\/span>\n\t\t\t\t\t\t\t\t\t\t<span class=\"elementor-icon-list-text\">Estudios de estabilidad a largo plazo<\/span>\n\t\t\t\t\t\t\t\t\t\t\t<\/a>\n\t\t\t\t\t\t\t\t\t<\/li>\n\t\t\t\t\t\t\t\t<li class=\"elementor-icon-list-item\">\n\t\t\t\t\t\t\t\t\t\t\t<a href=\"https:\/\/proquifar.com\/site\/validacion-de-metodos-analiticos\/\">\n\n\t\t\t\t\t\t\t\t\t\t\t\t<span class=\"elementor-icon-list-icon\">\n\t\t\t\t\t\t\t<i aria-hidden=\"true\" class=\"fas fa-circle\"><\/i>\t\t\t\t\t\t<\/span>\n\t\t\t\t\t\t\t\t\t\t<span class=\"elementor-icon-list-text\">Validaci\u00f3n de m\u00e9todos anal\u00edticos<\/span>\n\t\t\t\t\t\t\t\t\t\t\t<\/a>\n\t\t\t\t\t\t\t\t\t<\/li>\n\t\t\t\t\t\t<\/ul>\n\t\t\t\t\t\t<\/div>\n\t\t\t\t<\/div>\n\t\t\t\t\t<\/div>\n\t\t<\/div>\n\t\t\t\t\t<\/div>\n\t\t<\/section>\n\t\t\t\t<section class=\"elementor-section elementor-top-section elementor-element elementor-element-401f775 elementor-section-boxed elementor-section-height-default elementor-section-height-default\" data-id=\"401f775\" data-element_type=\"section\" data-e-type=\"section\" data-settings=\"{&quot;background_background&quot;:&quot;classic&quot;}\">\n\t\t\t\t\t\t<div class=\"elementor-container elementor-column-gap-default\">\n\t\t\t\t\t<div class=\"elementor-column elementor-col-50 elementor-top-column elementor-element elementor-element-7880901\" data-id=\"7880901\" data-element_type=\"column\" data-e-type=\"column\">\n\t\t\t<div class=\"elementor-widget-wrap elementor-element-populated\">\n\t\t\t\t\t\t<div class=\"elementor-element elementor-element-dc80b6e elementor-widget elementor-widget-heading\" data-id=\"dc80b6e\" data-element_type=\"widget\" data-e-type=\"widget\" data-widget_type=\"heading.default\">\n\t\t\t\t<div class=\"elementor-widget-container\">\n\t\t\t\t\t<h3 class=\"elementor-heading-title elementor-size-default\">Beneficios:<\/h3>\t\t\t\t<\/div>\n\t\t\t\t<\/div>\n\t\t\t\t<div class=\"elementor-element elementor-element-69aa608 elementor-widget elementor-widget-text-editor\" data-id=\"69aa608\" data-element_type=\"widget\" data-e-type=\"widget\" data-widget_type=\"text-editor.default\">\n\t\t\t\t<div class=\"elementor-widget-container\">\n\t\t\t\t\t\t\t\t\t<p>Amplia experiencia en el an\u00e1lisis fisicoqu\u00edmico de materias primas, as\u00ed como la determinaci\u00f3n de activos en productos en proceso y terminados.<\/p>\t\t\t\t\t\t\t\t<\/div>\n\t\t\t\t<\/div>\n\t\t\t\t<div class=\"elementor-element elementor-element-5c3d282 elementor-align-left elementor-widget elementor-widget-button\" data-id=\"5c3d282\" data-element_type=\"widget\" data-e-type=\"widget\" data-widget_type=\"button.default\">\n\t\t\t\t<div class=\"elementor-widget-container\">\n\t\t\t\t\t\t\t\t\t<div class=\"elementor-button-wrapper\">\n\t\t\t\t\t<a class=\"elementor-button elementor-button-link elementor-size-sm\" href=\"https:\/\/proquifar.com\/site\/solicitar-asesoria\/\">\n\t\t\t\t\t\t<span class=\"elementor-button-content-wrapper\">\n\t\t\t\t\t\t\t\t\t<span class=\"elementor-button-text\">Solicitar asesor\u00eda<\/span>\n\t\t\t\t\t<\/span>\n\t\t\t\t\t<\/a>\n\t\t\t\t<\/div>\n\t\t\t\t\t\t\t\t<\/div>\n\t\t\t\t<\/div>\n\t\t\t\t\t<\/div>\n\t\t<\/div>\n\t\t\t\t<div class=\"elementor-column elementor-col-50 elementor-top-column elementor-element elementor-element-25545fa\" data-id=\"25545fa\" data-element_type=\"column\" data-e-type=\"column\">\n\t\t\t<div class=\"elementor-widget-wrap elementor-element-populated\">\n\t\t\t\t\t\t<div class=\"elementor-element elementor-element-57617e6 elementor-widget elementor-widget-image\" data-id=\"57617e6\" data-element_type=\"widget\" data-e-type=\"widget\" data-widget_type=\"image.default\">\n\t\t\t\t<div class=\"elementor-widget-container\">\n\t\t\t\t\t\t\t\t\t\t\t\t\t\t\t<img decoding=\"async\" width=\"500\" height=\"334\" src=\"https:\/\/proquifar.com\/site\/wp-content\/uploads\/2023\/01\/industriacosmetica-110637-2..jpg\" class=\"attachment-large size-large wp-image-676\" alt=\"\" srcset=\"https:\/\/proquifar.com\/site\/wp-content\/uploads\/2023\/01\/industriacosmetica-110637-2..jpg 500w, https:\/\/proquifar.com\/site\/wp-content\/uploads\/2023\/01\/industriacosmetica-110637-2.-300x200.jpg 300w\" sizes=\"(max-width: 500px) 100vw, 500px\" \/>\t\t\t\t\t\t\t\t\t\t\t\t\t\t\t<\/div>\n\t\t\t\t<\/div>\n\t\t\t\t\t<\/div>\n\t\t<\/div>\n\t\t\t\t\t<\/div>\n\t\t<\/section>\n\t\t\t\t<\/div>\n\t\t","protected":false},"excerpt":{"rendered":"<p>Industria Cosm\u00e9tica Analizamos productos cosm\u00e9ticos con el fin de asegurar su adecuaci\u00f3n a las distintas normas o especificaciones del cliente. Servicios prestados: Control de Calidad de materia prima, producto en proceso y producto terminado, incluyendo Calificaci\u00f3n sensorial de aromas, colores y sabores Determinaci\u00f3n de metil y propil parabeno, filtros solares, alcohol cet\u00edlico, alcohol estear\u00edlico Estudios [&hellip;]<\/p>\n","protected":false},"author":5,"featured_media":0,"parent":0,"menu_order":0,"comment_status":"closed","ping_status":"closed","template":"elementor_header_footer","meta":{"_acf_changed":false,"nf_dc_page":"","inline_featured_image":false,"_joinchat":[],"footnotes":""},"class_list":["post-670","page","type-page","status-publish","hentry"],"acf":[],"yoast_head":"<!-- This site is optimized with the Yoast SEO plugin v27.4 - https:\/\/yoast.com\/product\/yoast-seo-wordpress\/ -->\n<title>Industria Cosm\u00e9tica - proquifar<\/title>\n<meta name=\"robots\" content=\"index, follow, max-snippet:-1, max-image-preview:large, max-video-preview:-1\" \/>\n<link rel=\"canonical\" href=\"https:\/\/proquifar.com\/site\/industria-cosmetica\/\" \/>\n<meta property=\"og:locale\" content=\"es_ES\" \/>\n<meta property=\"og:type\" content=\"article\" \/>\n<meta property=\"og:title\" content=\"Industria Cosm\u00e9tica - proquifar\" \/>\n<meta property=\"og:description\" content=\"Industria Cosm\u00e9tica Analizamos productos cosm\u00e9ticos con el fin de asegurar su adecuaci\u00f3n a las distintas normas o especificaciones del cliente. Servicios prestados: Control de Calidad de materia prima, producto en proceso y producto terminado, incluyendo Calificaci\u00f3n sensorial de aromas, colores y sabores Determinaci\u00f3n de metil y propil parabeno, filtros solares, alcohol cet\u00edlico, alcohol estear\u00edlico Estudios [&hellip;]\" \/>\n<meta property=\"og:url\" content=\"https:\/\/proquifar.com\/site\/industria-cosmetica\/\" \/>\n<meta property=\"og:site_name\" content=\"proquifar\" \/>\n<meta property=\"article:modified_time\" content=\"2023-07-12T13:20:47+00:00\" \/>\n<meta property=\"og:image\" content=\"https:\/\/proquifar.com\/site\/wp-content\/uploads\/2023\/01\/AdobeStock_338322232.jpg\" \/>\n<meta name=\"twitter:card\" content=\"summary_large_image\" \/>\n<meta name=\"twitter:label1\" content=\"Tiempo de lectura\" \/>\n\t<meta name=\"twitter:data1\" content=\"1 minuto\" \/>\n<script type=\"application\/ld+json\" class=\"yoast-schema-graph\">{\"@context\":\"https:\\\/\\\/schema.org\",\"@graph\":[{\"@type\":\"WebPage\",\"@id\":\"https:\\\/\\\/proquifar.com\\\/site\\\/industria-cosmetica\\\/\",\"url\":\"https:\\\/\\\/proquifar.com\\\/site\\\/industria-cosmetica\\\/\",\"name\":\"Industria Cosm\u00e9tica - proquifar\",\"isPartOf\":{\"@id\":\"https:\\\/\\\/proquifar.com\\\/site\\\/#website\"},\"primaryImageOfPage\":{\"@id\":\"https:\\\/\\\/proquifar.com\\\/site\\\/industria-cosmetica\\\/#primaryimage\"},\"image\":{\"@id\":\"https:\\\/\\\/proquifar.com\\\/site\\\/industria-cosmetica\\\/#primaryimage\"},\"thumbnailUrl\":\"https:\\\/\\\/proquifar.com\\\/site\\\/wp-content\\\/uploads\\\/2023\\\/01\\\/AdobeStock_338322232.jpg\",\"datePublished\":\"2023-01-02T20:19:45+00:00\",\"dateModified\":\"2023-07-12T13:20:47+00:00\",\"breadcrumb\":{\"@id\":\"https:\\\/\\\/proquifar.com\\\/site\\\/industria-cosmetica\\\/#breadcrumb\"},\"inLanguage\":\"es\",\"potentialAction\":[{\"@type\":\"ReadAction\",\"target\":[\"https:\\\/\\\/proquifar.com\\\/site\\\/industria-cosmetica\\\/\"]}]},{\"@type\":\"ImageObject\",\"inLanguage\":\"es\",\"@id\":\"https:\\\/\\\/proquifar.com\\\/site\\\/industria-cosmetica\\\/#primaryimage\",\"url\":\"https:\\\/\\\/proquifar.com\\\/site\\\/wp-content\\\/uploads\\\/2023\\\/01\\\/AdobeStock_338322232.jpg\",\"contentUrl\":\"https:\\\/\\\/proquifar.com\\\/site\\\/wp-content\\\/uploads\\\/2023\\\/01\\\/AdobeStock_338322232.jpg\",\"width\":553,\"height\":478},{\"@type\":\"BreadcrumbList\",\"@id\":\"https:\\\/\\\/proquifar.com\\\/site\\\/industria-cosmetica\\\/#breadcrumb\",\"itemListElement\":[{\"@type\":\"ListItem\",\"position\":1,\"name\":\"Home\",\"item\":\"https:\\\/\\\/proquifar.com\\\/site\\\/\"},{\"@type\":\"ListItem\",\"position\":2,\"name\":\"Industria Cosm\u00e9tica\"}]},{\"@type\":\"WebSite\",\"@id\":\"https:\\\/\\\/proquifar.com\\\/site\\\/#website\",\"url\":\"https:\\\/\\\/proquifar.com\\\/site\\\/\",\"name\":\"proquifar\",\"description\":\"\",\"potentialAction\":[{\"@type\":\"SearchAction\",\"target\":{\"@type\":\"EntryPoint\",\"urlTemplate\":\"https:\\\/\\\/proquifar.com\\\/site\\\/?s={search_term_string}\"},\"query-input\":{\"@type\":\"PropertyValueSpecification\",\"valueRequired\":true,\"valueName\":\"search_term_string\"}}],\"inLanguage\":\"es\"}]}<\/script>\n<!-- \/ Yoast SEO plugin. -->","yoast_head_json":{"title":"Industria Cosm\u00e9tica - proquifar","robots":{"index":"index","follow":"follow","max-snippet":"max-snippet:-1","max-image-preview":"max-image-preview:large","max-video-preview":"max-video-preview:-1"},"canonical":"https:\/\/proquifar.com\/site\/industria-cosmetica\/","og_locale":"es_ES","og_type":"article","og_title":"Industria Cosm\u00e9tica - proquifar","og_description":"Industria Cosm\u00e9tica Analizamos productos cosm\u00e9ticos con el fin de asegurar su adecuaci\u00f3n a las distintas normas o especificaciones del cliente. Servicios prestados: Control de Calidad de materia prima, producto en proceso y producto terminado, incluyendo Calificaci\u00f3n sensorial de aromas, colores y sabores Determinaci\u00f3n de metil y propil parabeno, filtros solares, alcohol cet\u00edlico, alcohol estear\u00edlico Estudios [&hellip;]","og_url":"https:\/\/proquifar.com\/site\/industria-cosmetica\/","og_site_name":"proquifar","article_modified_time":"2023-07-12T13:20:47+00:00","og_image":[{"url":"https:\/\/proquifar.com\/site\/wp-content\/uploads\/2023\/01\/AdobeStock_338322232.jpg","type":"","width":"","height":""}],"twitter_card":"summary_large_image","twitter_misc":{"Tiempo de lectura":"1 minuto"},"schema":{"@context":"https:\/\/schema.org","@graph":[{"@type":"WebPage","@id":"https:\/\/proquifar.com\/site\/industria-cosmetica\/","url":"https:\/\/proquifar.com\/site\/industria-cosmetica\/","name":"Industria Cosm\u00e9tica - proquifar","isPartOf":{"@id":"https:\/\/proquifar.com\/site\/#website"},"primaryImageOfPage":{"@id":"https:\/\/proquifar.com\/site\/industria-cosmetica\/#primaryimage"},"image":{"@id":"https:\/\/proquifar.com\/site\/industria-cosmetica\/#primaryimage"},"thumbnailUrl":"https:\/\/proquifar.com\/site\/wp-content\/uploads\/2023\/01\/AdobeStock_338322232.jpg","datePublished":"2023-01-02T20:19:45+00:00","dateModified":"2023-07-12T13:20:47+00:00","breadcrumb":{"@id":"https:\/\/proquifar.com\/site\/industria-cosmetica\/#breadcrumb"},"inLanguage":"es","potentialAction":[{"@type":"ReadAction","target":["https:\/\/proquifar.com\/site\/industria-cosmetica\/"]}]},{"@type":"ImageObject","inLanguage":"es","@id":"https:\/\/proquifar.com\/site\/industria-cosmetica\/#primaryimage","url":"https:\/\/proquifar.com\/site\/wp-content\/uploads\/2023\/01\/AdobeStock_338322232.jpg","contentUrl":"https:\/\/proquifar.com\/site\/wp-content\/uploads\/2023\/01\/AdobeStock_338322232.jpg","width":553,"height":478},{"@type":"BreadcrumbList","@id":"https:\/\/proquifar.com\/site\/industria-cosmetica\/#breadcrumb","itemListElement":[{"@type":"ListItem","position":1,"name":"Home","item":"https:\/\/proquifar.com\/site\/"},{"@type":"ListItem","position":2,"name":"Industria Cosm\u00e9tica"}]},{"@type":"WebSite","@id":"https:\/\/proquifar.com\/site\/#website","url":"https:\/\/proquifar.com\/site\/","name":"proquifar","description":"","potentialAction":[{"@type":"SearchAction","target":{"@type":"EntryPoint","urlTemplate":"https:\/\/proquifar.com\/site\/?s={search_term_string}"},"query-input":{"@type":"PropertyValueSpecification","valueRequired":true,"valueName":"search_term_string"}}],"inLanguage":"es"}]}},"_links":{"self":[{"href":"https:\/\/proquifar.com\/site\/wp-json\/wp\/v2\/pages\/670","targetHints":{"allow":["GET"]}}],"collection":[{"href":"https:\/\/proquifar.com\/site\/wp-json\/wp\/v2\/pages"}],"about":[{"href":"https:\/\/proquifar.com\/site\/wp-json\/wp\/v2\/types\/page"}],"author":[{"embeddable":true,"href":"https:\/\/proquifar.com\/site\/wp-json\/wp\/v2\/users\/5"}],"replies":[{"embeddable":true,"href":"https:\/\/proquifar.com\/site\/wp-json\/wp\/v2\/comments?post=670"}],"version-history":[{"count":5,"href":"https:\/\/proquifar.com\/site\/wp-json\/wp\/v2\/pages\/670\/revisions"}],"predecessor-version":[{"id":1723,"href":"https:\/\/proquifar.com\/site\/wp-json\/wp\/v2\/pages\/670\/revisions\/1723"}],"wp:attachment":[{"href":"https:\/\/proquifar.com\/site\/wp-json\/wp\/v2\/media?parent=670"}],"curies":[{"name":"wp","href":"https:\/\/api.w.org\/{rel}","templated":true}]}}