{"id":653,"date":"2023-01-02T15:10:12","date_gmt":"2023-01-02T20:10:12","guid":{"rendered":"https:\/\/proquifar.com\/site\/?page_id=653"},"modified":"2023-07-12T08:59:25","modified_gmt":"2023-07-12T13:59:25","slug":"industria-farmaceutica-veterinaria","status":"publish","type":"page","link":"https:\/\/proquifar.com\/site\/industria-farmaceutica-veterinaria\/","title":{"rendered":"Industria Farmac\u00e9utica Veterinaria"},"content":{"rendered":"\t\t<div data-elementor-type=\"wp-page\" data-elementor-id=\"653\" class=\"elementor elementor-653\" data-elementor-post-type=\"page\">\n\t\t\t\t\t\t<section class=\"elementor-section elementor-top-section elementor-element elementor-element-091f277 elementor-section-full_width elementor-section-height-default elementor-section-height-default\" data-id=\"091f277\" data-element_type=\"section\" data-e-type=\"section\" data-settings=\"{&quot;background_background&quot;:&quot;classic&quot;}\">\n\t\t\t\t\t\t<div class=\"elementor-container elementor-column-gap-default\">\n\t\t\t\t\t<div class=\"elementor-column elementor-col-100 elementor-top-column elementor-element elementor-element-d16b302\" data-id=\"d16b302\" data-element_type=\"column\" data-e-type=\"column\">\n\t\t\t<div class=\"elementor-widget-wrap elementor-element-populated\">\n\t\t\t\t\t\t<div class=\"elementor-element elementor-element-28ced25 elementor-align-center elementor-widget elementor-widget-breadcrumbs\" data-id=\"28ced25\" data-element_type=\"widget\" data-e-type=\"widget\" data-widget_type=\"breadcrumbs.default\">\n\t\t\t\t<div class=\"elementor-widget-container\">\n\t\t\t\t\t<p id=\"breadcrumbs\"><span><span><a href=\"https:\/\/proquifar.com\/site\/\">Home<\/a><\/span><\/span><\/p>\t\t\t\t<\/div>\n\t\t\t\t<\/div>\n\t\t\t\t<div class=\"elementor-element elementor-element-89ea5ef elementor-widget elementor-widget-heading\" data-id=\"89ea5ef\" data-element_type=\"widget\" data-e-type=\"widget\" data-widget_type=\"heading.default\">\n\t\t\t\t<div class=\"elementor-widget-container\">\n\t\t\t\t\t<h1 class=\"elementor-heading-title elementor-size-default\">Industria Farmac\u00e9utica Veterinaria<\/h1>\t\t\t\t<\/div>\n\t\t\t\t<\/div>\n\t\t\t\t\t<\/div>\n\t\t<\/div>\n\t\t\t\t\t<\/div>\n\t\t<\/section>\n\t\t\t\t<section class=\"elementor-section elementor-top-section elementor-element elementor-element-4d9683c elementor-section-boxed elementor-section-height-default elementor-section-height-default\" data-id=\"4d9683c\" data-element_type=\"section\" data-e-type=\"section\">\n\t\t\t\t\t\t<div class=\"elementor-container elementor-column-gap-default\">\n\t\t\t\t\t<div class=\"elementor-column elementor-col-50 elementor-top-column elementor-element elementor-element-2d43f5d\" data-id=\"2d43f5d\" data-element_type=\"column\" data-e-type=\"column\">\n\t\t\t<div class=\"elementor-widget-wrap elementor-element-populated\">\n\t\t\t\t\t\t<div class=\"elementor-element elementor-element-e8edb07 elementor-widget elementor-widget-image\" data-id=\"e8edb07\" data-element_type=\"widget\" data-e-type=\"widget\" data-widget_type=\"image.default\">\n\t\t\t\t<div class=\"elementor-widget-container\">\n\t\t\t\t\t\t\t\t\t\t\t\t\t\t\t<img fetchpriority=\"high\" decoding=\"async\" width=\"553\" height=\"479\" src=\"https:\/\/proquifar.com\/site\/wp-content\/uploads\/2023\/01\/AdobeStock_74851597.jpg\" class=\"attachment-large size-large wp-image-586\" alt=\"\" srcset=\"https:\/\/proquifar.com\/site\/wp-content\/uploads\/2023\/01\/AdobeStock_74851597.jpg 553w, https:\/\/proquifar.com\/site\/wp-content\/uploads\/2023\/01\/AdobeStock_74851597-300x260.jpg 300w\" sizes=\"(max-width: 553px) 100vw, 553px\" \/>\t\t\t\t\t\t\t\t\t\t\t\t\t\t\t<\/div>\n\t\t\t\t<\/div>\n\t\t\t\t\t<\/div>\n\t\t<\/div>\n\t\t\t\t<div class=\"elementor-column elementor-col-50 elementor-top-column elementor-element elementor-element-7c3c548\" data-id=\"7c3c548\" data-element_type=\"column\" data-e-type=\"column\">\n\t\t\t<div class=\"elementor-widget-wrap elementor-element-populated\">\n\t\t\t\t\t\t<div class=\"elementor-element elementor-element-7eed83e elementor-widget elementor-widget-text-editor\" data-id=\"7eed83e\" data-element_type=\"widget\" data-e-type=\"widget\" data-widget_type=\"text-editor.default\">\n\t\t\t\t<div class=\"elementor-widget-container\">\n\t\t\t\t\t\t\t\t\t<p>Somos un laboratorio de ensayos reconocido y registrado ante el Instituto Colombiano Agropecuario ICA.<\/p><p>Ofrecemos una gama completa de ensayos anal\u00edticos con el fin de que nuestros clientes puedan garantizar la conformidad de sus productos.Los siguientes ensayos se llevan a cabo en nuestro laboratorio, de acuerdo con las farmacopeas y los requerimientos del Ente Regulador.<\/p>\t\t\t\t\t\t\t\t<\/div>\n\t\t\t\t<\/div>\n\t\t\t\t<div class=\"elementor-element elementor-element-0be58ba elementor-widget elementor-widget-heading\" data-id=\"0be58ba\" data-element_type=\"widget\" data-e-type=\"widget\" data-widget_type=\"heading.default\">\n\t\t\t\t<div class=\"elementor-widget-container\">\n\t\t\t\t\t<h3 class=\"elementor-heading-title elementor-size-default\">Servicios prestados:<\/h3>\t\t\t\t<\/div>\n\t\t\t\t<\/div>\n\t\t\t\t<div class=\"elementor-element elementor-element-0335bb5 ico-sty-1 elementor-icon-list--layout-traditional elementor-list-item-link-full_width elementor-widget elementor-widget-icon-list\" data-id=\"0335bb5\" data-element_type=\"widget\" data-e-type=\"widget\" data-widget_type=\"icon-list.default\">\n\t\t\t\t<div class=\"elementor-widget-container\">\n\t\t\t\t\t\t\t<ul class=\"elementor-icon-list-items\">\n\t\t\t\t\t\t\t<li class=\"elementor-icon-list-item\">\n\t\t\t\t\t\t\t\t\t\t\t<a href=\"https:\/\/proquifar.com\/site\/control-de-calidad\/\">\n\n\t\t\t\t\t\t\t\t\t\t\t\t<span class=\"elementor-icon-list-icon\">\n\t\t\t\t\t\t\t<i aria-hidden=\"true\" class=\"fas fa-circle\"><\/i>\t\t\t\t\t\t<\/span>\n\t\t\t\t\t\t\t\t\t\t<span class=\"elementor-icon-list-text\">Pruebas oficiales en la Farmacopeas para materia prima, producto en proceso y producto terminado.<\/span>\n\t\t\t\t\t\t\t\t\t\t\t<\/a>\n\t\t\t\t\t\t\t\t\t<\/li>\n\t\t\t\t\t\t\t\t<li class=\"elementor-icon-list-item\">\n\t\t\t\t\t\t\t\t\t\t\t<a href=\"https:\/\/proquifar.com\/site\/validacion-de-metodos-analiticos\/\">\n\n\t\t\t\t\t\t\t\t\t\t\t\t<span class=\"elementor-icon-list-icon\">\n\t\t\t\t\t\t\t<i aria-hidden=\"true\" class=\"fas fa-circle\"><\/i>\t\t\t\t\t\t<\/span>\n\t\t\t\t\t\t\t\t\t\t<span class=\"elementor-icon-list-text\">Validaci\u00f3n de m\u00e9todos anal\u00edticos<\/span>\n\t\t\t\t\t\t\t\t\t\t\t<\/a>\n\t\t\t\t\t\t\t\t\t<\/li>\n\t\t\t\t\t\t\t\t<li class=\"elementor-icon-list-item\">\n\t\t\t\t\t\t\t\t\t\t\t<a href=\"https:\/\/proquifar.com\/site\/estabilidad-acelerada\/\">\n\n\t\t\t\t\t\t\t\t\t\t\t\t<span class=\"elementor-icon-list-icon\">\n\t\t\t\t\t\t\t<i aria-hidden=\"true\" class=\"fas fa-circle\"><\/i>\t\t\t\t\t\t<\/span>\n\t\t\t\t\t\t\t\t\t\t<span class=\"elementor-icon-list-text\">Estudios de estabilidad acelerados<\/span>\n\t\t\t\t\t\t\t\t\t\t\t<\/a>\n\t\t\t\t\t\t\t\t\t<\/li>\n\t\t\t\t\t\t\t\t<li class=\"elementor-icon-list-item\">\n\t\t\t\t\t\t\t\t\t\t\t<a href=\"https:\/\/proquifar.com\/site\/estabilidad-natural\/\">\n\n\t\t\t\t\t\t\t\t\t\t\t\t<span class=\"elementor-icon-list-icon\">\n\t\t\t\t\t\t\t<i aria-hidden=\"true\" class=\"fas fa-circle\"><\/i>\t\t\t\t\t\t<\/span>\n\t\t\t\t\t\t\t\t\t\t<span class=\"elementor-icon-list-text\">Estudios de estabilidad natural<\/span>\n\t\t\t\t\t\t\t\t\t\t\t<\/a>\n\t\t\t\t\t\t\t\t\t<\/li>\n\t\t\t\t\t\t\t\t<li class=\"elementor-icon-list-item\">\n\t\t\t\t\t\t\t\t\t\t\t<a href=\"https:\/\/proquifar.com\/site\/estabilidad-natural\/\">\n\n\t\t\t\t\t\t\t\t\t\t\t\t<span class=\"elementor-icon-list-icon\">\n\t\t\t\t\t\t\t<i aria-hidden=\"true\" class=\"fas fa-circle\"><\/i>\t\t\t\t\t\t<\/span>\n\t\t\t\t\t\t\t\t\t\t<span class=\"elementor-icon-list-text\">Estudios de estabilidad a largo plazo<\/span>\n\t\t\t\t\t\t\t\t\t\t\t<\/a>\n\t\t\t\t\t\t\t\t\t<\/li>\n\t\t\t\t\t\t\t\t<li class=\"elementor-icon-list-item\">\n\t\t\t\t\t\t\t\t\t\t\t<a href=\"https:\/\/proquifar.com\/site\/validacion-de-limpieza\/\">\n\n\t\t\t\t\t\t\t\t\t\t\t\t<span class=\"elementor-icon-list-icon\">\n\t\t\t\t\t\t\t<i aria-hidden=\"true\" class=\"fas fa-circle\"><\/i>\t\t\t\t\t\t<\/span>\n\t\t\t\t\t\t\t\t\t\t<span class=\"elementor-icon-list-text\">Validaci\u00f3n de limpieza<\/span>\n\t\t\t\t\t\t\t\t\t\t\t<\/a>\n\t\t\t\t\t\t\t\t\t<\/li>\n\t\t\t\t\t\t\t\t<li class=\"elementor-icon-list-item\">\n\t\t\t\t\t\t\t\t\t\t\t<a href=\"https:\/\/proquifar.com\/site\/validacion-de-procesos\/\">\n\n\t\t\t\t\t\t\t\t\t\t\t\t<span class=\"elementor-icon-list-icon\">\n\t\t\t\t\t\t\t<i aria-hidden=\"true\" class=\"fas fa-circle\"><\/i>\t\t\t\t\t\t<\/span>\n\t\t\t\t\t\t\t\t\t\t<span class=\"elementor-icon-list-text\">Validaci\u00f3n de procesos<\/span>\n\t\t\t\t\t\t\t\t\t\t\t<\/a>\n\t\t\t\t\t\t\t\t\t<\/li>\n\t\t\t\t\t\t<\/ul>\n\t\t\t\t\t\t<\/div>\n\t\t\t\t<\/div>\n\t\t\t\t\t<\/div>\n\t\t<\/div>\n\t\t\t\t\t<\/div>\n\t\t<\/section>\n\t\t\t\t<section class=\"elementor-section elementor-top-section elementor-element elementor-element-401f775 elementor-section-boxed elementor-section-height-default elementor-section-height-default\" data-id=\"401f775\" data-element_type=\"section\" data-e-type=\"section\" data-settings=\"{&quot;background_background&quot;:&quot;classic&quot;}\">\n\t\t\t\t\t\t<div class=\"elementor-container elementor-column-gap-default\">\n\t\t\t\t\t<div class=\"elementor-column elementor-col-50 elementor-top-column elementor-element elementor-element-7880901\" data-id=\"7880901\" data-element_type=\"column\" data-e-type=\"column\">\n\t\t\t<div class=\"elementor-widget-wrap elementor-element-populated\">\n\t\t\t\t\t\t<div class=\"elementor-element elementor-element-dc80b6e elementor-widget elementor-widget-heading\" data-id=\"dc80b6e\" data-element_type=\"widget\" data-e-type=\"widget\" data-widget_type=\"heading.default\">\n\t\t\t\t<div class=\"elementor-widget-container\">\n\t\t\t\t\t<h3 class=\"elementor-heading-title elementor-size-default\">Beneficios:<\/h3>\t\t\t\t<\/div>\n\t\t\t\t<\/div>\n\t\t\t\t<div class=\"elementor-element elementor-element-69aa608 elementor-widget elementor-widget-text-editor\" data-id=\"69aa608\" data-element_type=\"widget\" data-e-type=\"widget\" data-widget_type=\"text-editor.default\">\n\t\t\t\t<div class=\"elementor-widget-container\">\n\t\t\t\t\t\t\t\t\tLaboratorio de ensayos reconocido por el <a href=\"https:\/\/proquifar.com\/site\/resoluciones\/\"><span style=\"text-decoration: underline; color:#171151;\">Instituto Colombiano Agropecuario ICA<\/span><\/a> amplia experiencia en el an\u00e1lisis fisicoqu\u00edmico de materias primas, as\u00ed como la determinaci\u00f3n de activos en productos en proceso y terminados.\t\t\t\t\t\t\t\t<\/div>\n\t\t\t\t<\/div>\n\t\t\t\t<div class=\"elementor-element elementor-element-5c3d282 elementor-align-left elementor-widget elementor-widget-button\" data-id=\"5c3d282\" data-element_type=\"widget\" data-e-type=\"widget\" data-widget_type=\"button.default\">\n\t\t\t\t<div class=\"elementor-widget-container\">\n\t\t\t\t\t\t\t\t\t<div class=\"elementor-button-wrapper\">\n\t\t\t\t\t<a class=\"elementor-button elementor-button-link elementor-size-sm\" href=\"https:\/\/proquifar.com\/site\/solicitar-asesoria\/\">\n\t\t\t\t\t\t<span class=\"elementor-button-content-wrapper\">\n\t\t\t\t\t\t\t\t\t<span class=\"elementor-button-text\">Solicitar asesor\u00eda<\/span>\n\t\t\t\t\t<\/span>\n\t\t\t\t\t<\/a>\n\t\t\t\t<\/div>\n\t\t\t\t\t\t\t\t<\/div>\n\t\t\t\t<\/div>\n\t\t\t\t\t<\/div>\n\t\t<\/div>\n\t\t\t\t<div class=\"elementor-column elementor-col-50 elementor-top-column elementor-element elementor-element-25545fa\" data-id=\"25545fa\" data-element_type=\"column\" data-e-type=\"column\">\n\t\t\t<div class=\"elementor-widget-wrap elementor-element-populated\">\n\t\t\t\t\t\t<div class=\"elementor-element elementor-element-57617e6 elementor-widget elementor-widget-image\" data-id=\"57617e6\" data-element_type=\"widget\" data-e-type=\"widget\" data-widget_type=\"image.default\">\n\t\t\t\t<div class=\"elementor-widget-container\">\n\t\t\t\t\t\t\t\t\t\t\t\t\t\t\t<img decoding=\"async\" width=\"500\" height=\"349\" src=\"https:\/\/proquifar.com\/site\/wp-content\/uploads\/2023\/01\/fotolia_62654182-101354-2..jpg\" class=\"attachment-large size-large wp-image-661\" alt=\"\" srcset=\"https:\/\/proquifar.com\/site\/wp-content\/uploads\/2023\/01\/fotolia_62654182-101354-2..jpg 500w, https:\/\/proquifar.com\/site\/wp-content\/uploads\/2023\/01\/fotolia_62654182-101354-2.-300x209.jpg 300w\" sizes=\"(max-width: 500px) 100vw, 500px\" \/>\t\t\t\t\t\t\t\t\t\t\t\t\t\t\t<\/div>\n\t\t\t\t<\/div>\n\t\t\t\t\t<\/div>\n\t\t<\/div>\n\t\t\t\t\t<\/div>\n\t\t<\/section>\n\t\t\t\t<\/div>\n\t\t","protected":false},"excerpt":{"rendered":"<p>Industria Farmac\u00e9utica Veterinaria Somos un laboratorio de ensayos reconocido y registrado ante el Instituto Colombiano Agropecuario ICA. Ofrecemos una gama completa de ensayos anal\u00edticos con el fin de que nuestros clientes puedan garantizar la conformidad de sus productos.Los siguientes ensayos se llevan a cabo en nuestro laboratorio, de acuerdo con las farmacopeas y los requerimientos [&hellip;]<\/p>\n","protected":false},"author":5,"featured_media":0,"parent":0,"menu_order":0,"comment_status":"closed","ping_status":"closed","template":"elementor_header_footer","meta":{"_acf_changed":false,"nf_dc_page":"","inline_featured_image":false,"_joinchat":[],"footnotes":""},"class_list":["post-653","page","type-page","status-publish","hentry"],"acf":[],"yoast_head":"<!-- This site is optimized with the Yoast SEO plugin v27.4 - https:\/\/yoast.com\/product\/yoast-seo-wordpress\/ -->\n<title>Industria Farmac\u00e9utica Veterinaria - proquifar<\/title>\n<meta name=\"robots\" content=\"index, follow, max-snippet:-1, max-image-preview:large, max-video-preview:-1\" \/>\n<link rel=\"canonical\" href=\"https:\/\/proquifar.com\/site\/industria-farmaceutica-veterinaria\/\" \/>\n<meta property=\"og:locale\" content=\"es_ES\" \/>\n<meta property=\"og:type\" content=\"article\" \/>\n<meta property=\"og:title\" content=\"Industria Farmac\u00e9utica Veterinaria - proquifar\" \/>\n<meta property=\"og:description\" content=\"Industria Farmac\u00e9utica Veterinaria Somos un laboratorio de ensayos reconocido y registrado ante el Instituto Colombiano Agropecuario ICA. Ofrecemos una gama completa de ensayos anal\u00edticos con el fin de que nuestros clientes puedan garantizar la conformidad de sus productos.Los siguientes ensayos se llevan a cabo en nuestro laboratorio, de acuerdo con las farmacopeas y los requerimientos [&hellip;]\" \/>\n<meta property=\"og:url\" content=\"https:\/\/proquifar.com\/site\/industria-farmaceutica-veterinaria\/\" \/>\n<meta property=\"og:site_name\" content=\"proquifar\" \/>\n<meta property=\"article:modified_time\" content=\"2023-07-12T13:59:25+00:00\" \/>\n<meta property=\"og:image\" content=\"https:\/\/proquifar.com\/site\/wp-content\/uploads\/2023\/01\/AdobeStock_74851597.jpg\" \/>\n<meta name=\"twitter:card\" content=\"summary_large_image\" \/>\n<meta name=\"twitter:label1\" content=\"Tiempo de lectura\" \/>\n\t<meta name=\"twitter:data1\" content=\"2 minutos\" \/>\n<script type=\"application\/ld+json\" class=\"yoast-schema-graph\">{\"@context\":\"https:\\\/\\\/schema.org\",\"@graph\":[{\"@type\":\"WebPage\",\"@id\":\"https:\\\/\\\/proquifar.com\\\/site\\\/industria-farmaceutica-veterinaria\\\/\",\"url\":\"https:\\\/\\\/proquifar.com\\\/site\\\/industria-farmaceutica-veterinaria\\\/\",\"name\":\"Industria Farmac\u00e9utica Veterinaria - proquifar\",\"isPartOf\":{\"@id\":\"https:\\\/\\\/proquifar.com\\\/site\\\/#website\"},\"primaryImageOfPage\":{\"@id\":\"https:\\\/\\\/proquifar.com\\\/site\\\/industria-farmaceutica-veterinaria\\\/#primaryimage\"},\"image\":{\"@id\":\"https:\\\/\\\/proquifar.com\\\/site\\\/industria-farmaceutica-veterinaria\\\/#primaryimage\"},\"thumbnailUrl\":\"https:\\\/\\\/proquifar.com\\\/site\\\/wp-content\\\/uploads\\\/2023\\\/01\\\/AdobeStock_74851597.jpg\",\"datePublished\":\"2023-01-02T20:10:12+00:00\",\"dateModified\":\"2023-07-12T13:59:25+00:00\",\"breadcrumb\":{\"@id\":\"https:\\\/\\\/proquifar.com\\\/site\\\/industria-farmaceutica-veterinaria\\\/#breadcrumb\"},\"inLanguage\":\"es\",\"potentialAction\":[{\"@type\":\"ReadAction\",\"target\":[\"https:\\\/\\\/proquifar.com\\\/site\\\/industria-farmaceutica-veterinaria\\\/\"]}]},{\"@type\":\"ImageObject\",\"inLanguage\":\"es\",\"@id\":\"https:\\\/\\\/proquifar.com\\\/site\\\/industria-farmaceutica-veterinaria\\\/#primaryimage\",\"url\":\"https:\\\/\\\/proquifar.com\\\/site\\\/wp-content\\\/uploads\\\/2023\\\/01\\\/AdobeStock_74851597.jpg\",\"contentUrl\":\"https:\\\/\\\/proquifar.com\\\/site\\\/wp-content\\\/uploads\\\/2023\\\/01\\\/AdobeStock_74851597.jpg\",\"width\":553,\"height\":479},{\"@type\":\"BreadcrumbList\",\"@id\":\"https:\\\/\\\/proquifar.com\\\/site\\\/industria-farmaceutica-veterinaria\\\/#breadcrumb\",\"itemListElement\":[{\"@type\":\"ListItem\",\"position\":1,\"name\":\"Home\",\"item\":\"https:\\\/\\\/proquifar.com\\\/site\\\/\"},{\"@type\":\"ListItem\",\"position\":2,\"name\":\"Industria Farmac\u00e9utica Veterinaria\"}]},{\"@type\":\"WebSite\",\"@id\":\"https:\\\/\\\/proquifar.com\\\/site\\\/#website\",\"url\":\"https:\\\/\\\/proquifar.com\\\/site\\\/\",\"name\":\"proquifar\",\"description\":\"\",\"potentialAction\":[{\"@type\":\"SearchAction\",\"target\":{\"@type\":\"EntryPoint\",\"urlTemplate\":\"https:\\\/\\\/proquifar.com\\\/site\\\/?s={search_term_string}\"},\"query-input\":{\"@type\":\"PropertyValueSpecification\",\"valueRequired\":true,\"valueName\":\"search_term_string\"}}],\"inLanguage\":\"es\"}]}<\/script>\n<!-- \/ Yoast SEO plugin. -->","yoast_head_json":{"title":"Industria Farmac\u00e9utica Veterinaria - proquifar","robots":{"index":"index","follow":"follow","max-snippet":"max-snippet:-1","max-image-preview":"max-image-preview:large","max-video-preview":"max-video-preview:-1"},"canonical":"https:\/\/proquifar.com\/site\/industria-farmaceutica-veterinaria\/","og_locale":"es_ES","og_type":"article","og_title":"Industria Farmac\u00e9utica Veterinaria - proquifar","og_description":"Industria Farmac\u00e9utica Veterinaria Somos un laboratorio de ensayos reconocido y registrado ante el Instituto Colombiano Agropecuario ICA. Ofrecemos una gama completa de ensayos anal\u00edticos con el fin de que nuestros clientes puedan garantizar la conformidad de sus productos.Los siguientes ensayos se llevan a cabo en nuestro laboratorio, de acuerdo con las farmacopeas y los requerimientos [&hellip;]","og_url":"https:\/\/proquifar.com\/site\/industria-farmaceutica-veterinaria\/","og_site_name":"proquifar","article_modified_time":"2023-07-12T13:59:25+00:00","og_image":[{"url":"https:\/\/proquifar.com\/site\/wp-content\/uploads\/2023\/01\/AdobeStock_74851597.jpg","type":"","width":"","height":""}],"twitter_card":"summary_large_image","twitter_misc":{"Tiempo de lectura":"2 minutos"},"schema":{"@context":"https:\/\/schema.org","@graph":[{"@type":"WebPage","@id":"https:\/\/proquifar.com\/site\/industria-farmaceutica-veterinaria\/","url":"https:\/\/proquifar.com\/site\/industria-farmaceutica-veterinaria\/","name":"Industria Farmac\u00e9utica Veterinaria - proquifar","isPartOf":{"@id":"https:\/\/proquifar.com\/site\/#website"},"primaryImageOfPage":{"@id":"https:\/\/proquifar.com\/site\/industria-farmaceutica-veterinaria\/#primaryimage"},"image":{"@id":"https:\/\/proquifar.com\/site\/industria-farmaceutica-veterinaria\/#primaryimage"},"thumbnailUrl":"https:\/\/proquifar.com\/site\/wp-content\/uploads\/2023\/01\/AdobeStock_74851597.jpg","datePublished":"2023-01-02T20:10:12+00:00","dateModified":"2023-07-12T13:59:25+00:00","breadcrumb":{"@id":"https:\/\/proquifar.com\/site\/industria-farmaceutica-veterinaria\/#breadcrumb"},"inLanguage":"es","potentialAction":[{"@type":"ReadAction","target":["https:\/\/proquifar.com\/site\/industria-farmaceutica-veterinaria\/"]}]},{"@type":"ImageObject","inLanguage":"es","@id":"https:\/\/proquifar.com\/site\/industria-farmaceutica-veterinaria\/#primaryimage","url":"https:\/\/proquifar.com\/site\/wp-content\/uploads\/2023\/01\/AdobeStock_74851597.jpg","contentUrl":"https:\/\/proquifar.com\/site\/wp-content\/uploads\/2023\/01\/AdobeStock_74851597.jpg","width":553,"height":479},{"@type":"BreadcrumbList","@id":"https:\/\/proquifar.com\/site\/industria-farmaceutica-veterinaria\/#breadcrumb","itemListElement":[{"@type":"ListItem","position":1,"name":"Home","item":"https:\/\/proquifar.com\/site\/"},{"@type":"ListItem","position":2,"name":"Industria Farmac\u00e9utica Veterinaria"}]},{"@type":"WebSite","@id":"https:\/\/proquifar.com\/site\/#website","url":"https:\/\/proquifar.com\/site\/","name":"proquifar","description":"","potentialAction":[{"@type":"SearchAction","target":{"@type":"EntryPoint","urlTemplate":"https:\/\/proquifar.com\/site\/?s={search_term_string}"},"query-input":{"@type":"PropertyValueSpecification","valueRequired":true,"valueName":"search_term_string"}}],"inLanguage":"es"}]}},"_links":{"self":[{"href":"https:\/\/proquifar.com\/site\/wp-json\/wp\/v2\/pages\/653","targetHints":{"allow":["GET"]}}],"collection":[{"href":"https:\/\/proquifar.com\/site\/wp-json\/wp\/v2\/pages"}],"about":[{"href":"https:\/\/proquifar.com\/site\/wp-json\/wp\/v2\/types\/page"}],"author":[{"embeddable":true,"href":"https:\/\/proquifar.com\/site\/wp-json\/wp\/v2\/users\/5"}],"replies":[{"embeddable":true,"href":"https:\/\/proquifar.com\/site\/wp-json\/wp\/v2\/comments?post=653"}],"version-history":[{"count":5,"href":"https:\/\/proquifar.com\/site\/wp-json\/wp\/v2\/pages\/653\/revisions"}],"predecessor-version":[{"id":1790,"href":"https:\/\/proquifar.com\/site\/wp-json\/wp\/v2\/pages\/653\/revisions\/1790"}],"wp:attachment":[{"href":"https:\/\/proquifar.com\/site\/wp-json\/wp\/v2\/media?parent=653"}],"curies":[{"name":"wp","href":"https:\/\/api.w.org\/{rel}","templated":true}]}}