{"id":565,"date":"2023-01-02T10:43:18","date_gmt":"2023-01-02T15:43:18","guid":{"rendered":"https:\/\/proquifar.com\/site\/?page_id=565"},"modified":"2023-07-10T07:19:39","modified_gmt":"2023-07-10T12:19:39","slug":"validacion-de-limpieza","status":"publish","type":"page","link":"https:\/\/proquifar.com\/site\/validacion-de-limpieza\/","title":{"rendered":"Validaci\u00f3n de Limpieza"},"content":{"rendered":"\t\t<div data-elementor-type=\"wp-page\" data-elementor-id=\"565\" class=\"elementor elementor-565\" data-elementor-post-type=\"page\">\n\t\t\t\t\t\t<section class=\"elementor-section elementor-top-section elementor-element elementor-element-445f8ee elementor-section-full_width elementor-section-height-default elementor-section-height-default\" data-id=\"445f8ee\" data-element_type=\"section\" data-e-type=\"section\" data-settings=\"{&quot;background_background&quot;:&quot;classic&quot;}\">\n\t\t\t\t\t\t<div class=\"elementor-container elementor-column-gap-default\">\n\t\t\t\t\t<div class=\"elementor-column elementor-col-100 elementor-top-column elementor-element elementor-element-3a327e4\" data-id=\"3a327e4\" data-element_type=\"column\" data-e-type=\"column\">\n\t\t\t<div class=\"elementor-widget-wrap elementor-element-populated\">\n\t\t\t\t\t\t<div class=\"elementor-element elementor-element-2714bad elementor-align-center elementor-widget elementor-widget-breadcrumbs\" data-id=\"2714bad\" data-element_type=\"widget\" data-e-type=\"widget\" data-widget_type=\"breadcrumbs.default\">\n\t\t\t\t<div class=\"elementor-widget-container\">\n\t\t\t\t\t<p id=\"breadcrumbs\"><span><span><a href=\"https:\/\/proquifar.com\/site\/\">Home<\/a><\/span><\/span><\/p>\t\t\t\t<\/div>\n\t\t\t\t<\/div>\n\t\t\t\t<div class=\"elementor-element elementor-element-9f1ded8 elementor-widget elementor-widget-heading\" data-id=\"9f1ded8\" data-element_type=\"widget\" data-e-type=\"widget\" data-widget_type=\"heading.default\">\n\t\t\t\t<div class=\"elementor-widget-container\">\n\t\t\t\t\t<h1 class=\"elementor-heading-title elementor-size-default\">Validaci\u00f3n de Limpieza<\/h1>\t\t\t\t<\/div>\n\t\t\t\t<\/div>\n\t\t\t\t\t<\/div>\n\t\t<\/div>\n\t\t\t\t\t<\/div>\n\t\t<\/section>\n\t\t\t\t<section class=\"elementor-section elementor-top-section elementor-element elementor-element-8d82a39 elementor-section-full_width elementor-section-content-middle elementor-section-height-default elementor-section-height-default\" data-id=\"8d82a39\" data-element_type=\"section\" data-e-type=\"section\">\n\t\t\t\t\t\t<div class=\"elementor-container elementor-column-gap-default\">\n\t\t\t\t\t<div class=\"elementor-column elementor-col-50 elementor-top-column elementor-element elementor-element-97d65d8\" data-id=\"97d65d8\" data-element_type=\"column\" data-e-type=\"column\">\n\t\t\t<div class=\"elementor-widget-wrap elementor-element-populated\">\n\t\t\t\t\t\t<div class=\"elementor-element elementor-element-2327067 elementor-widget elementor-widget-image\" data-id=\"2327067\" data-element_type=\"widget\" data-e-type=\"widget\" data-widget_type=\"image.default\">\n\t\t\t\t<div class=\"elementor-widget-container\">\n\t\t\t\t\t\t\t\t\t\t\t\t\t\t\t<img fetchpriority=\"high\" decoding=\"async\" width=\"800\" height=\"600\" src=\"https:\/\/proquifar.com\/site\/wp-content\/uploads\/2023\/07\/Validacion-limpieza.jpg\" class=\"attachment-full size-full wp-image-1670\" alt=\"\" srcset=\"https:\/\/proquifar.com\/site\/wp-content\/uploads\/2023\/07\/Validacion-limpieza.jpg 800w, https:\/\/proquifar.com\/site\/wp-content\/uploads\/2023\/07\/Validacion-limpieza-300x225.jpg 300w, https:\/\/proquifar.com\/site\/wp-content\/uploads\/2023\/07\/Validacion-limpieza-768x576.jpg 768w\" sizes=\"(max-width: 800px) 100vw, 800px\" \/>\t\t\t\t\t\t\t\t\t\t\t\t\t\t\t<\/div>\n\t\t\t\t<\/div>\n\t\t\t\t\t<\/div>\n\t\t<\/div>\n\t\t\t\t<div class=\"elementor-column elementor-col-50 elementor-top-column elementor-element elementor-element-3ec41b1\" data-id=\"3ec41b1\" data-element_type=\"column\" data-e-type=\"column\">\n\t\t\t<div class=\"elementor-widget-wrap elementor-element-populated\">\n\t\t\t\t\t\t<div class=\"elementor-element elementor-element-881c992 elementor-widget elementor-widget-text-editor\" data-id=\"881c992\" data-element_type=\"widget\" data-e-type=\"widget\" data-widget_type=\"text-editor.default\">\n\t\t\t\t<div class=\"elementor-widget-container\">\n\t\t\t\t\t\t\t\t\t<p>La implementaci\u00f3n de las Buenas Pr\u00e1cticas de Manufactura (BPM) busca garantizar la calidad del producto farmac\u00e9utico, de manera consistente y controlada para evitar, entre otros riesgos, la contaminaci\u00f3n cruzada en el proceso productivo.<\/p><p>Una de las estrategias enmarcadas en las BPM para controlar el riesgo de contaminaci\u00f3n es la validaci\u00f3n de limpieza de \u00e1reas, equipos e implementos utilizados en la fabricaci\u00f3n de medicamentos, con base en procedimientos adecuados y estandarizados de limpieza y sanitizaci\u00f3n.<\/p><p>La validaci\u00f3n de limpieza es la evidencia documentada que establece que los procedimientos de limpieza retiran residuos a niveles aceptables de carga microbiana, residuos de producto y residuos de detergente u otros agentes utilizados en el procedimiento de limpieza.<\/p>\t\t\t\t\t\t\t\t<\/div>\n\t\t\t\t<\/div>\n\t\t\t\t<div class=\"elementor-element elementor-element-9647bf5 elementor-align-left elementor-widget elementor-widget-button\" data-id=\"9647bf5\" data-element_type=\"widget\" data-e-type=\"widget\" data-widget_type=\"button.default\">\n\t\t\t\t<div class=\"elementor-widget-container\">\n\t\t\t\t\t\t\t\t\t<div class=\"elementor-button-wrapper\">\n\t\t\t\t\t<a class=\"elementor-button elementor-button-link elementor-size-sm\" href=\"https:\/\/proquifar.com\/site\/solicitar-servicio\/\">\n\t\t\t\t\t\t<span class=\"elementor-button-content-wrapper\">\n\t\t\t\t\t\t\t\t\t<span class=\"elementor-button-text\">Solicitar servicio<\/span>\n\t\t\t\t\t<\/span>\n\t\t\t\t\t<\/a>\n\t\t\t\t<\/div>\n\t\t\t\t\t\t\t\t<\/div>\n\t\t\t\t<\/div>\n\t\t\t\t\t<\/div>\n\t\t<\/div>\n\t\t\t\t\t<\/div>\n\t\t<\/section>\n\t\t\t\t<section class=\"elementor-section elementor-top-section elementor-element elementor-element-bd718ec elementor-section-full_width elementor-section-content-middle elementor-section-height-default elementor-section-height-default\" data-id=\"bd718ec\" data-element_type=\"section\" data-e-type=\"section\" data-settings=\"{&quot;background_background&quot;:&quot;classic&quot;}\">\n\t\t\t\t\t\t<div class=\"elementor-container elementor-column-gap-default\">\n\t\t\t\t\t<div class=\"elementor-column elementor-col-50 elementor-top-column elementor-element elementor-element-8796d58\" data-id=\"8796d58\" data-element_type=\"column\" data-e-type=\"column\">\n\t\t\t<div class=\"elementor-widget-wrap elementor-element-populated\">\n\t\t\t\t\t\t<div class=\"elementor-element elementor-element-5b9914b elementor-widget elementor-widget-heading\" data-id=\"5b9914b\" data-element_type=\"widget\" data-e-type=\"widget\" data-widget_type=\"heading.default\">\n\t\t\t\t<div class=\"elementor-widget-container\">\n\t\t\t\t\t<h3 class=\"elementor-heading-title elementor-size-default\">Beneficios<\/h3>\t\t\t\t<\/div>\n\t\t\t\t<\/div>\n\t\t\t\t<div class=\"elementor-element elementor-element-a252a6f elementor-widget elementor-widget-text-editor\" data-id=\"a252a6f\" data-element_type=\"widget\" data-e-type=\"widget\" data-widget_type=\"text-editor.default\">\n\t\t\t\t<div class=\"elementor-widget-container\">\n\t\t\t\t\t\t\t\t\t<p><strong>1.<\/strong> Experiencia de 28 a\u00f1os en el proceso de validaci\u00f3n de m\u00e9todos anal\u00edticos, aplicado a las diferentes t\u00e9cnicas cromatogr\u00e1ficas, espectrofotom\u00e9tricas y volum\u00e9tricas siguiendo los documentos gu\u00eda internacionalmente aceptados como ICH, USP, EMA y otros.<\/p><p><strong>2.<\/strong> Informaci\u00f3n al cliente del protocolo a seguir con el fin de garantizar que las caracter\u00edsticas de desempe\u00f1o anal\u00edtico inclu\u00eddas en \u00e9l cumplan sus necesidades. Esto incluye:<\/p><p>Definici\u00f3n y manera de realizar la verificaci\u00f3n de cada par\u00e1metro.<br \/>Definici\u00f3n del tratamiento estad\u00edstico a aplicar a los resultados obtenidos.<br \/>Verificaci\u00f3n que los m\u00e9todos sean indicadores de estabilidad si van a ser empleados en los estudios de estabilidad.<\/p><p><strong>3.<\/strong> Confiabilidad en los resultados que emitimos, justificando la credibilidad y posicionamiento que hemos logrado a lo largo de nuestra historia.<\/p>\t\t\t\t\t\t\t\t<\/div>\n\t\t\t\t<\/div>\n\t\t\t\t<div class=\"elementor-element elementor-element-9695a0d elementor-align-left elementor-widget elementor-widget-button\" data-id=\"9695a0d\" data-element_type=\"widget\" data-e-type=\"widget\" data-widget_type=\"button.default\">\n\t\t\t\t<div class=\"elementor-widget-container\">\n\t\t\t\t\t\t\t\t\t<div class=\"elementor-button-wrapper\">\n\t\t\t\t\t<a class=\"elementor-button elementor-button-link elementor-size-sm\" href=\"https:\/\/proquifar.com\/site\/solicitar-servicio\/\">\n\t\t\t\t\t\t<span class=\"elementor-button-content-wrapper\">\n\t\t\t\t\t\t\t\t\t<span class=\"elementor-button-text\">Solicitar servicio<\/span>\n\t\t\t\t\t<\/span>\n\t\t\t\t\t<\/a>\n\t\t\t\t<\/div>\n\t\t\t\t\t\t\t\t<\/div>\n\t\t\t\t<\/div>\n\t\t\t\t\t<\/div>\n\t\t<\/div>\n\t\t\t\t<div class=\"elementor-column elementor-col-50 elementor-top-column elementor-element elementor-element-c042d5b\" data-id=\"c042d5b\" data-element_type=\"column\" data-e-type=\"column\">\n\t\t\t<div class=\"elementor-widget-wrap elementor-element-populated\">\n\t\t\t\t\t\t<div class=\"elementor-element elementor-element-834d13f elementor-widget elementor-widget-image\" data-id=\"834d13f\" data-element_type=\"widget\" data-e-type=\"widget\" data-widget_type=\"image.default\">\n\t\t\t\t<div class=\"elementor-widget-container\">\n\t\t\t\t\t\t\t\t\t\t\t\t\t\t\t<img decoding=\"async\" width=\"423\" height=\"347\" src=\"https:\/\/proquifar.com\/site\/wp-content\/uploads\/2023\/05\/K-Beneficios-e1685038903936.png\" class=\"attachment-large size-large wp-image-1315\" alt=\"\" srcset=\"https:\/\/proquifar.com\/site\/wp-content\/uploads\/2023\/05\/K-Beneficios-e1685038903936.png 423w, https:\/\/proquifar.com\/site\/wp-content\/uploads\/2023\/05\/K-Beneficios-e1685038903936-300x246.png 300w\" sizes=\"(max-width: 423px) 100vw, 423px\" \/>\t\t\t\t\t\t\t\t\t\t\t\t\t\t\t<\/div>\n\t\t\t\t<\/div>\n\t\t\t\t\t<\/div>\n\t\t<\/div>\n\t\t\t\t\t<\/div>\n\t\t<\/section>\n\t\t\t\t<\/div>\n\t\t","protected":false},"excerpt":{"rendered":"<p>Validaci\u00f3n de Limpieza La implementaci\u00f3n de las Buenas Pr\u00e1cticas de Manufactura (BPM) busca garantizar la calidad del producto farmac\u00e9utico, de manera consistente y controlada para evitar, entre otros riesgos, la contaminaci\u00f3n cruzada en el proceso productivo. Una de las estrategias enmarcadas en las BPM para controlar el riesgo de contaminaci\u00f3n es la validaci\u00f3n de limpieza [&hellip;]<\/p>\n","protected":false},"author":5,"featured_media":0,"parent":0,"menu_order":0,"comment_status":"closed","ping_status":"closed","template":"elementor_header_footer","meta":{"_acf_changed":false,"nf_dc_page":"","inline_featured_image":false,"_joinchat":[],"footnotes":""},"class_list":["post-565","page","type-page","status-publish","hentry"],"acf":[],"yoast_head":"<!-- This site is optimized with the Yoast SEO plugin v27.4 - https:\/\/yoast.com\/product\/yoast-seo-wordpress\/ -->\n<title>Validaci\u00f3n de Limpieza - proquifar<\/title>\n<meta name=\"robots\" content=\"index, follow, max-snippet:-1, max-image-preview:large, max-video-preview:-1\" \/>\n<link rel=\"canonical\" href=\"https:\/\/proquifar.com\/site\/validacion-de-limpieza\/\" \/>\n<meta property=\"og:locale\" content=\"es_ES\" \/>\n<meta property=\"og:type\" content=\"article\" \/>\n<meta property=\"og:title\" content=\"Validaci\u00f3n de Limpieza - proquifar\" \/>\n<meta property=\"og:description\" content=\"Validaci\u00f3n de Limpieza La implementaci\u00f3n de las Buenas Pr\u00e1cticas de Manufactura (BPM) busca garantizar la calidad del producto farmac\u00e9utico, de manera consistente y controlada para evitar, entre otros riesgos, la contaminaci\u00f3n cruzada en el proceso productivo. Una de las estrategias enmarcadas en las BPM para controlar el riesgo de contaminaci\u00f3n es la validaci\u00f3n de limpieza [&hellip;]\" \/>\n<meta property=\"og:url\" content=\"https:\/\/proquifar.com\/site\/validacion-de-limpieza\/\" \/>\n<meta property=\"og:site_name\" content=\"proquifar\" \/>\n<meta property=\"article:modified_time\" content=\"2023-07-10T12:19:39+00:00\" \/>\n<meta property=\"og:image\" content=\"https:\/\/proquifar.com\/site\/wp-content\/uploads\/2023\/07\/Validacion-limpieza.jpg\" \/>\n<meta name=\"twitter:card\" content=\"summary_large_image\" \/>\n<meta name=\"twitter:label1\" content=\"Tiempo de lectura\" \/>\n\t<meta name=\"twitter:data1\" content=\"2 minutos\" \/>\n<script type=\"application\/ld+json\" class=\"yoast-schema-graph\">{\"@context\":\"https:\\\/\\\/schema.org\",\"@graph\":[{\"@type\":\"WebPage\",\"@id\":\"https:\\\/\\\/proquifar.com\\\/site\\\/validacion-de-limpieza\\\/\",\"url\":\"https:\\\/\\\/proquifar.com\\\/site\\\/validacion-de-limpieza\\\/\",\"name\":\"Validaci\u00f3n de Limpieza - proquifar\",\"isPartOf\":{\"@id\":\"https:\\\/\\\/proquifar.com\\\/site\\\/#website\"},\"primaryImageOfPage\":{\"@id\":\"https:\\\/\\\/proquifar.com\\\/site\\\/validacion-de-limpieza\\\/#primaryimage\"},\"image\":{\"@id\":\"https:\\\/\\\/proquifar.com\\\/site\\\/validacion-de-limpieza\\\/#primaryimage\"},\"thumbnailUrl\":\"https:\\\/\\\/proquifar.com\\\/site\\\/wp-content\\\/uploads\\\/2023\\\/07\\\/Validacion-limpieza.jpg\",\"datePublished\":\"2023-01-02T15:43:18+00:00\",\"dateModified\":\"2023-07-10T12:19:39+00:00\",\"breadcrumb\":{\"@id\":\"https:\\\/\\\/proquifar.com\\\/site\\\/validacion-de-limpieza\\\/#breadcrumb\"},\"inLanguage\":\"es\",\"potentialAction\":[{\"@type\":\"ReadAction\",\"target\":[\"https:\\\/\\\/proquifar.com\\\/site\\\/validacion-de-limpieza\\\/\"]}]},{\"@type\":\"ImageObject\",\"inLanguage\":\"es\",\"@id\":\"https:\\\/\\\/proquifar.com\\\/site\\\/validacion-de-limpieza\\\/#primaryimage\",\"url\":\"https:\\\/\\\/proquifar.com\\\/site\\\/wp-content\\\/uploads\\\/2023\\\/07\\\/Validacion-limpieza.jpg\",\"contentUrl\":\"https:\\\/\\\/proquifar.com\\\/site\\\/wp-content\\\/uploads\\\/2023\\\/07\\\/Validacion-limpieza.jpg\",\"width\":800,\"height\":600},{\"@type\":\"BreadcrumbList\",\"@id\":\"https:\\\/\\\/proquifar.com\\\/site\\\/validacion-de-limpieza\\\/#breadcrumb\",\"itemListElement\":[{\"@type\":\"ListItem\",\"position\":1,\"name\":\"Home\",\"item\":\"https:\\\/\\\/proquifar.com\\\/site\\\/\"},{\"@type\":\"ListItem\",\"position\":2,\"name\":\"Validaci\u00f3n de Limpieza\"}]},{\"@type\":\"WebSite\",\"@id\":\"https:\\\/\\\/proquifar.com\\\/site\\\/#website\",\"url\":\"https:\\\/\\\/proquifar.com\\\/site\\\/\",\"name\":\"proquifar\",\"description\":\"\",\"potentialAction\":[{\"@type\":\"SearchAction\",\"target\":{\"@type\":\"EntryPoint\",\"urlTemplate\":\"https:\\\/\\\/proquifar.com\\\/site\\\/?s={search_term_string}\"},\"query-input\":{\"@type\":\"PropertyValueSpecification\",\"valueRequired\":true,\"valueName\":\"search_term_string\"}}],\"inLanguage\":\"es\"}]}<\/script>\n<!-- \/ Yoast SEO plugin. -->","yoast_head_json":{"title":"Validaci\u00f3n de Limpieza - proquifar","robots":{"index":"index","follow":"follow","max-snippet":"max-snippet:-1","max-image-preview":"max-image-preview:large","max-video-preview":"max-video-preview:-1"},"canonical":"https:\/\/proquifar.com\/site\/validacion-de-limpieza\/","og_locale":"es_ES","og_type":"article","og_title":"Validaci\u00f3n de Limpieza - proquifar","og_description":"Validaci\u00f3n de Limpieza La implementaci\u00f3n de las Buenas Pr\u00e1cticas de Manufactura (BPM) busca garantizar la calidad del producto farmac\u00e9utico, de manera consistente y controlada para evitar, entre otros riesgos, la contaminaci\u00f3n cruzada en el proceso productivo. Una de las estrategias enmarcadas en las BPM para controlar el riesgo de contaminaci\u00f3n es la validaci\u00f3n de limpieza [&hellip;]","og_url":"https:\/\/proquifar.com\/site\/validacion-de-limpieza\/","og_site_name":"proquifar","article_modified_time":"2023-07-10T12:19:39+00:00","og_image":[{"url":"https:\/\/proquifar.com\/site\/wp-content\/uploads\/2023\/07\/Validacion-limpieza.jpg","type":"","width":"","height":""}],"twitter_card":"summary_large_image","twitter_misc":{"Tiempo de lectura":"2 minutos"},"schema":{"@context":"https:\/\/schema.org","@graph":[{"@type":"WebPage","@id":"https:\/\/proquifar.com\/site\/validacion-de-limpieza\/","url":"https:\/\/proquifar.com\/site\/validacion-de-limpieza\/","name":"Validaci\u00f3n de Limpieza - proquifar","isPartOf":{"@id":"https:\/\/proquifar.com\/site\/#website"},"primaryImageOfPage":{"@id":"https:\/\/proquifar.com\/site\/validacion-de-limpieza\/#primaryimage"},"image":{"@id":"https:\/\/proquifar.com\/site\/validacion-de-limpieza\/#primaryimage"},"thumbnailUrl":"https:\/\/proquifar.com\/site\/wp-content\/uploads\/2023\/07\/Validacion-limpieza.jpg","datePublished":"2023-01-02T15:43:18+00:00","dateModified":"2023-07-10T12:19:39+00:00","breadcrumb":{"@id":"https:\/\/proquifar.com\/site\/validacion-de-limpieza\/#breadcrumb"},"inLanguage":"es","potentialAction":[{"@type":"ReadAction","target":["https:\/\/proquifar.com\/site\/validacion-de-limpieza\/"]}]},{"@type":"ImageObject","inLanguage":"es","@id":"https:\/\/proquifar.com\/site\/validacion-de-limpieza\/#primaryimage","url":"https:\/\/proquifar.com\/site\/wp-content\/uploads\/2023\/07\/Validacion-limpieza.jpg","contentUrl":"https:\/\/proquifar.com\/site\/wp-content\/uploads\/2023\/07\/Validacion-limpieza.jpg","width":800,"height":600},{"@type":"BreadcrumbList","@id":"https:\/\/proquifar.com\/site\/validacion-de-limpieza\/#breadcrumb","itemListElement":[{"@type":"ListItem","position":1,"name":"Home","item":"https:\/\/proquifar.com\/site\/"},{"@type":"ListItem","position":2,"name":"Validaci\u00f3n de Limpieza"}]},{"@type":"WebSite","@id":"https:\/\/proquifar.com\/site\/#website","url":"https:\/\/proquifar.com\/site\/","name":"proquifar","description":"","potentialAction":[{"@type":"SearchAction","target":{"@type":"EntryPoint","urlTemplate":"https:\/\/proquifar.com\/site\/?s={search_term_string}"},"query-input":{"@type":"PropertyValueSpecification","valueRequired":true,"valueName":"search_term_string"}}],"inLanguage":"es"}]}},"_links":{"self":[{"href":"https:\/\/proquifar.com\/site\/wp-json\/wp\/v2\/pages\/565","targetHints":{"allow":["GET"]}}],"collection":[{"href":"https:\/\/proquifar.com\/site\/wp-json\/wp\/v2\/pages"}],"about":[{"href":"https:\/\/proquifar.com\/site\/wp-json\/wp\/v2\/types\/page"}],"author":[{"embeddable":true,"href":"https:\/\/proquifar.com\/site\/wp-json\/wp\/v2\/users\/5"}],"replies":[{"embeddable":true,"href":"https:\/\/proquifar.com\/site\/wp-json\/wp\/v2\/comments?post=565"}],"version-history":[{"count":5,"href":"https:\/\/proquifar.com\/site\/wp-json\/wp\/v2\/pages\/565\/revisions"}],"predecessor-version":[{"id":1673,"href":"https:\/\/proquifar.com\/site\/wp-json\/wp\/v2\/pages\/565\/revisions\/1673"}],"wp:attachment":[{"href":"https:\/\/proquifar.com\/site\/wp-json\/wp\/v2\/media?parent=565"}],"curies":[{"name":"wp","href":"https:\/\/api.w.org\/{rel}","templated":true}]}}