{"id":542,"date":"2022-12-29T17:26:45","date_gmt":"2022-12-29T22:26:45","guid":{"rendered":"https:\/\/proquifar.com\/site\/?page_id=542"},"modified":"2023-07-07T10:47:31","modified_gmt":"2023-07-07T15:47:31","slug":"validacion-de-metodos-analiticos","status":"publish","type":"page","link":"https:\/\/proquifar.com\/site\/validacion-de-metodos-analiticos\/","title":{"rendered":"Validaci\u00f3n de M\u00e9todos Anal\u00edticos"},"content":{"rendered":"\t\t<div data-elementor-type=\"wp-page\" data-elementor-id=\"542\" class=\"elementor elementor-542\" data-elementor-post-type=\"page\">\n\t\t\t\t\t\t<section class=\"elementor-section elementor-top-section elementor-element elementor-element-c098a32 elementor-section-full_width elementor-section-height-default elementor-section-height-default\" data-id=\"c098a32\" data-element_type=\"section\" data-e-type=\"section\" data-settings=\"{&quot;background_background&quot;:&quot;classic&quot;}\">\n\t\t\t\t\t\t<div class=\"elementor-container elementor-column-gap-default\">\n\t\t\t\t\t<div class=\"elementor-column elementor-col-100 elementor-top-column elementor-element elementor-element-9f23195\" data-id=\"9f23195\" data-element_type=\"column\" data-e-type=\"column\">\n\t\t\t<div class=\"elementor-widget-wrap elementor-element-populated\">\n\t\t\t\t\t\t<div class=\"elementor-element elementor-element-d8e48da elementor-align-center elementor-widget elementor-widget-breadcrumbs\" data-id=\"d8e48da\" data-element_type=\"widget\" data-e-type=\"widget\" data-widget_type=\"breadcrumbs.default\">\n\t\t\t\t<div class=\"elementor-widget-container\">\n\t\t\t\t\t<p id=\"breadcrumbs\"><span><span><a href=\"https:\/\/proquifar.com\/site\/\">Home<\/a><\/span><\/span><\/p>\t\t\t\t<\/div>\n\t\t\t\t<\/div>\n\t\t\t\t<div class=\"elementor-element elementor-element-7d4a3c9 elementor-widget elementor-widget-heading\" data-id=\"7d4a3c9\" data-element_type=\"widget\" data-e-type=\"widget\" data-widget_type=\"heading.default\">\n\t\t\t\t<div class=\"elementor-widget-container\">\n\t\t\t\t\t<h1 class=\"elementor-heading-title elementor-size-default\">Validaci\u00f3n de M\u00e9todos Anal\u00edticos<\/h1>\t\t\t\t<\/div>\n\t\t\t\t<\/div>\n\t\t\t\t\t<\/div>\n\t\t<\/div>\n\t\t\t\t\t<\/div>\n\t\t<\/section>\n\t\t\t\t<section class=\"elementor-section elementor-top-section elementor-element elementor-element-63cee98 elementor-section-full_width elementor-section-content-middle elementor-section-height-default elementor-section-height-default\" data-id=\"63cee98\" data-element_type=\"section\" data-e-type=\"section\">\n\t\t\t\t\t\t<div class=\"elementor-container elementor-column-gap-default\">\n\t\t\t\t\t<div class=\"elementor-column elementor-col-50 elementor-top-column elementor-element elementor-element-660a15b\" data-id=\"660a15b\" data-element_type=\"column\" data-e-type=\"column\">\n\t\t\t<div class=\"elementor-widget-wrap elementor-element-populated\">\n\t\t\t\t\t\t<div class=\"elementor-element elementor-element-bafa418 elementor-widget elementor-widget-image\" data-id=\"bafa418\" data-element_type=\"widget\" data-e-type=\"widget\" data-widget_type=\"image.default\">\n\t\t\t\t<div class=\"elementor-widget-container\">\n\t\t\t\t\t\t\t\t\t\t\t\t\t\t\t<img fetchpriority=\"high\" decoding=\"async\" width=\"440\" height=\"340\" src=\"https:\/\/proquifar.com\/site\/wp-content\/uploads\/2023\/05\/validacmetanali-105819-2-e1688992523240.jpg\" class=\"attachment-full size-full wp-image-1423\" alt=\"\" srcset=\"https:\/\/proquifar.com\/site\/wp-content\/uploads\/2023\/05\/validacmetanali-105819-2-e1688992523240.jpg 440w, https:\/\/proquifar.com\/site\/wp-content\/uploads\/2023\/05\/validacmetanali-105819-2-e1688992523240-300x232.jpg 300w\" sizes=\"(max-width: 440px) 100vw, 440px\" \/>\t\t\t\t\t\t\t\t\t\t\t\t\t\t\t<\/div>\n\t\t\t\t<\/div>\n\t\t\t\t\t<\/div>\n\t\t<\/div>\n\t\t\t\t<div class=\"elementor-column elementor-col-50 elementor-top-column elementor-element elementor-element-f7c1460\" data-id=\"f7c1460\" data-element_type=\"column\" data-e-type=\"column\">\n\t\t\t<div class=\"elementor-widget-wrap elementor-element-populated\">\n\t\t\t\t\t\t<div class=\"elementor-element elementor-element-644270b elementor-widget elementor-widget-text-editor\" data-id=\"644270b\" data-element_type=\"widget\" data-e-type=\"widget\" data-widget_type=\"text-editor.default\">\n\t\t\t\t<div class=\"elementor-widget-container\">\n\t\t\t\t\t\t\t\t\t<p>La validaci\u00f3n de un m\u00e9todo de ensayo es el proceso que permite establecer, mediante estudios de laboratorio, que las caracter\u00edsticas de desempe\u00f1o del m\u00e9todo de ensayo lo habilitan perfectamente para las aplicaciones anal\u00edticas previstas. Los documentos ICH aconsejan sobre la necesidad de realizar una nueva validaci\u00f3n cuando existan cambios en la s\u00edntesis de un activo, en la composici\u00f3n del producto y en el procedimiento anal\u00edtico.<\/p>\t\t\t\t\t\t\t\t<\/div>\n\t\t\t\t<\/div>\n\t\t\t\t\t<\/div>\n\t\t<\/div>\n\t\t\t\t\t<\/div>\n\t\t<\/section>\n\t\t\t\t<section class=\"elementor-section elementor-top-section elementor-element elementor-element-4beb749 elementor-section-full_width elementor-section-content-middle elementor-section-height-default elementor-section-height-default\" data-id=\"4beb749\" data-element_type=\"section\" data-e-type=\"section\" data-settings=\"{&quot;background_background&quot;:&quot;classic&quot;}\">\n\t\t\t\t\t\t<div class=\"elementor-container elementor-column-gap-default\">\n\t\t\t\t\t<div class=\"elementor-column elementor-col-50 elementor-top-column elementor-element elementor-element-3413460\" data-id=\"3413460\" data-element_type=\"column\" data-e-type=\"column\">\n\t\t\t<div class=\"elementor-widget-wrap elementor-element-populated\">\n\t\t\t\t\t\t<div class=\"elementor-element elementor-element-abcfb08 elementor-widget elementor-widget-image\" data-id=\"abcfb08\" data-element_type=\"widget\" data-e-type=\"widget\" data-widget_type=\"image.default\">\n\t\t\t\t<div class=\"elementor-widget-container\">\n\t\t\t\t\t\t\t\t\t\t\t\t\t\t\t<img decoding=\"async\" width=\"423\" height=\"347\" src=\"https:\/\/proquifar.com\/site\/wp-content\/uploads\/2023\/05\/K-Beneficios-e1685038903936.png\" class=\"attachment-large size-large wp-image-1315\" alt=\"\" srcset=\"https:\/\/proquifar.com\/site\/wp-content\/uploads\/2023\/05\/K-Beneficios-e1685038903936.png 423w, https:\/\/proquifar.com\/site\/wp-content\/uploads\/2023\/05\/K-Beneficios-e1685038903936-300x246.png 300w\" sizes=\"(max-width: 423px) 100vw, 423px\" \/>\t\t\t\t\t\t\t\t\t\t\t\t\t\t\t<\/div>\n\t\t\t\t<\/div>\n\t\t\t\t\t<\/div>\n\t\t<\/div>\n\t\t\t\t<div class=\"elementor-column elementor-col-50 elementor-top-column elementor-element elementor-element-f9226e2\" data-id=\"f9226e2\" data-element_type=\"column\" data-e-type=\"column\">\n\t\t\t<div class=\"elementor-widget-wrap elementor-element-populated\">\n\t\t\t\t\t\t<div class=\"elementor-element elementor-element-ca7c918 elementor-widget elementor-widget-heading\" data-id=\"ca7c918\" data-element_type=\"widget\" data-e-type=\"widget\" data-widget_type=\"heading.default\">\n\t\t\t\t<div class=\"elementor-widget-container\">\n\t\t\t\t\t<h3 class=\"elementor-heading-title elementor-size-default\">Beneficios<\/h3>\t\t\t\t<\/div>\n\t\t\t\t<\/div>\n\t\t\t\t<div class=\"elementor-element elementor-element-4c7e6ce elementor-widget elementor-widget-text-editor\" data-id=\"4c7e6ce\" data-element_type=\"widget\" data-e-type=\"widget\" data-widget_type=\"text-editor.default\">\n\t\t\t\t<div class=\"elementor-widget-container\">\n\t\t\t\t\t\t\t\t\t<p><strong>1.<\/strong> Experiencia de 28 a\u00f1os en el proceso de validaci\u00f3n de m\u00e9todos anal\u00edticos, aplicado a las diferentes t\u00e9cnicas cromatogr\u00e1ficas, espectrofotom\u00e9tricas y volum\u00e9tricas siguiendo los documentos gu\u00eda internacionalmente aceptados como ICH, USP, EMA y otros.<\/p><p><strong>2.<\/strong> Informaci\u00f3n al cliente del protocolo a seguir con el fin de garantizar que las caracter\u00edsticas de desempe\u00f1o anal\u00edtico inclu\u00eddas en \u00e9l cumplan sus necesidades. Esto incluye:<\/p><p>Definici\u00f3n y manera de realizar la verificaci\u00f3n de cada par\u00e1metro.<br \/>Definici\u00f3n del tratamiento estad\u00edstico a aplicar a los resultados obtenidos.<br \/>Verificaci\u00f3n que los m\u00e9todos sean indicadores de estabilidad si van a ser empleados en los estudios de estabilidad.<\/p><p><strong>3.<\/strong> Confiabilidad en los resultados que emitimos, justificando la credibilidad y posicionamiento que hemos logrado a lo largo de nuestra historia.<\/p>\t\t\t\t\t\t\t\t<\/div>\n\t\t\t\t<\/div>\n\t\t\t\t<div class=\"elementor-element elementor-element-3652dfd elementor-align-left elementor-widget elementor-widget-button\" data-id=\"3652dfd\" data-element_type=\"widget\" data-e-type=\"widget\" data-widget_type=\"button.default\">\n\t\t\t\t<div class=\"elementor-widget-container\">\n\t\t\t\t\t\t\t\t\t<div class=\"elementor-button-wrapper\">\n\t\t\t\t\t<a class=\"elementor-button elementor-button-link elementor-size-sm\" href=\"https:\/\/proquifar.com\/site\/solicitar-servicio\/\">\n\t\t\t\t\t\t<span class=\"elementor-button-content-wrapper\">\n\t\t\t\t\t\t\t\t\t<span class=\"elementor-button-text\">Solicitar servicio<\/span>\n\t\t\t\t\t<\/span>\n\t\t\t\t\t<\/a>\n\t\t\t\t<\/div>\n\t\t\t\t\t\t\t\t<\/div>\n\t\t\t\t<\/div>\n\t\t\t\t\t<\/div>\n\t\t<\/div>\n\t\t\t\t\t<\/div>\n\t\t<\/section>\n\t\t\t\t<\/div>\n\t\t","protected":false},"excerpt":{"rendered":"<p>Validaci\u00f3n de M\u00e9todos Anal\u00edticos La validaci\u00f3n de un m\u00e9todo de ensayo es el proceso que permite establecer, mediante estudios de laboratorio, que las caracter\u00edsticas de desempe\u00f1o del m\u00e9todo de ensayo lo habilitan perfectamente para las aplicaciones anal\u00edticas previstas. Los documentos ICH aconsejan sobre la necesidad de realizar una nueva validaci\u00f3n cuando existan cambios en la [&hellip;]<\/p>\n","protected":false},"author":5,"featured_media":0,"parent":0,"menu_order":0,"comment_status":"closed","ping_status":"closed","template":"elementor_header_footer","meta":{"_acf_changed":false,"nf_dc_page":"","inline_featured_image":false,"_joinchat":[],"footnotes":""},"class_list":["post-542","page","type-page","status-publish","hentry"],"acf":[],"yoast_head":"<!-- This site is optimized with the Yoast SEO plugin v27.4 - https:\/\/yoast.com\/product\/yoast-seo-wordpress\/ -->\n<title>Validaci\u00f3n de M\u00e9todos Anal\u00edticos - proquifar<\/title>\n<meta name=\"robots\" content=\"index, follow, max-snippet:-1, max-image-preview:large, max-video-preview:-1\" \/>\n<link rel=\"canonical\" href=\"https:\/\/proquifar.com\/site\/validacion-de-metodos-analiticos\/\" \/>\n<meta property=\"og:locale\" content=\"es_ES\" \/>\n<meta property=\"og:type\" content=\"article\" \/>\n<meta property=\"og:title\" content=\"Validaci\u00f3n de M\u00e9todos Anal\u00edticos - proquifar\" \/>\n<meta property=\"og:description\" content=\"Validaci\u00f3n de M\u00e9todos Anal\u00edticos La validaci\u00f3n de un m\u00e9todo de ensayo es el proceso que permite establecer, mediante estudios de laboratorio, que las caracter\u00edsticas de desempe\u00f1o del m\u00e9todo de ensayo lo habilitan perfectamente para las aplicaciones anal\u00edticas previstas. Los documentos ICH aconsejan sobre la necesidad de realizar una nueva validaci\u00f3n cuando existan cambios en la [&hellip;]\" \/>\n<meta property=\"og:url\" content=\"https:\/\/proquifar.com\/site\/validacion-de-metodos-analiticos\/\" \/>\n<meta property=\"og:site_name\" content=\"proquifar\" \/>\n<meta property=\"article:modified_time\" content=\"2023-07-07T15:47:31+00:00\" \/>\n<meta property=\"og:image\" content=\"https:\/\/proquifar.com\/site\/wp-content\/uploads\/2023\/05\/validacmetanali-105819-2.jpg\" \/>\n<meta name=\"twitter:card\" content=\"summary_large_image\" \/>\n<meta name=\"twitter:label1\" content=\"Tiempo de lectura\" \/>\n\t<meta name=\"twitter:data1\" content=\"2 minutos\" \/>\n<script type=\"application\/ld+json\" class=\"yoast-schema-graph\">{\"@context\":\"https:\\\/\\\/schema.org\",\"@graph\":[{\"@type\":\"WebPage\",\"@id\":\"https:\\\/\\\/proquifar.com\\\/site\\\/validacion-de-metodos-analiticos\\\/\",\"url\":\"https:\\\/\\\/proquifar.com\\\/site\\\/validacion-de-metodos-analiticos\\\/\",\"name\":\"Validaci\u00f3n de M\u00e9todos Anal\u00edticos - proquifar\",\"isPartOf\":{\"@id\":\"https:\\\/\\\/proquifar.com\\\/site\\\/#website\"},\"primaryImageOfPage\":{\"@id\":\"https:\\\/\\\/proquifar.com\\\/site\\\/validacion-de-metodos-analiticos\\\/#primaryimage\"},\"image\":{\"@id\":\"https:\\\/\\\/proquifar.com\\\/site\\\/validacion-de-metodos-analiticos\\\/#primaryimage\"},\"thumbnailUrl\":\"https:\\\/\\\/proquifar.com\\\/site\\\/wp-content\\\/uploads\\\/2023\\\/05\\\/validacmetanali-105819-2.jpg\",\"datePublished\":\"2022-12-29T22:26:45+00:00\",\"dateModified\":\"2023-07-07T15:47:31+00:00\",\"breadcrumb\":{\"@id\":\"https:\\\/\\\/proquifar.com\\\/site\\\/validacion-de-metodos-analiticos\\\/#breadcrumb\"},\"inLanguage\":\"es\",\"potentialAction\":[{\"@type\":\"ReadAction\",\"target\":[\"https:\\\/\\\/proquifar.com\\\/site\\\/validacion-de-metodos-analiticos\\\/\"]}]},{\"@type\":\"ImageObject\",\"inLanguage\":\"es\",\"@id\":\"https:\\\/\\\/proquifar.com\\\/site\\\/validacion-de-metodos-analiticos\\\/#primaryimage\",\"url\":\"https:\\\/\\\/proquifar.com\\\/site\\\/wp-content\\\/uploads\\\/2023\\\/05\\\/validacmetanali-105819-2.jpg\",\"contentUrl\":\"https:\\\/\\\/proquifar.com\\\/site\\\/wp-content\\\/uploads\\\/2023\\\/05\\\/validacmetanali-105819-2.jpg\"},{\"@type\":\"BreadcrumbList\",\"@id\":\"https:\\\/\\\/proquifar.com\\\/site\\\/validacion-de-metodos-analiticos\\\/#breadcrumb\",\"itemListElement\":[{\"@type\":\"ListItem\",\"position\":1,\"name\":\"Home\",\"item\":\"https:\\\/\\\/proquifar.com\\\/site\\\/\"},{\"@type\":\"ListItem\",\"position\":2,\"name\":\"Validaci\u00f3n de M\u00e9todos Anal\u00edticos\"}]},{\"@type\":\"WebSite\",\"@id\":\"https:\\\/\\\/proquifar.com\\\/site\\\/#website\",\"url\":\"https:\\\/\\\/proquifar.com\\\/site\\\/\",\"name\":\"proquifar\",\"description\":\"\",\"potentialAction\":[{\"@type\":\"SearchAction\",\"target\":{\"@type\":\"EntryPoint\",\"urlTemplate\":\"https:\\\/\\\/proquifar.com\\\/site\\\/?s={search_term_string}\"},\"query-input\":{\"@type\":\"PropertyValueSpecification\",\"valueRequired\":true,\"valueName\":\"search_term_string\"}}],\"inLanguage\":\"es\"}]}<\/script>\n<!-- \/ Yoast SEO plugin. -->","yoast_head_json":{"title":"Validaci\u00f3n de M\u00e9todos Anal\u00edticos - proquifar","robots":{"index":"index","follow":"follow","max-snippet":"max-snippet:-1","max-image-preview":"max-image-preview:large","max-video-preview":"max-video-preview:-1"},"canonical":"https:\/\/proquifar.com\/site\/validacion-de-metodos-analiticos\/","og_locale":"es_ES","og_type":"article","og_title":"Validaci\u00f3n de M\u00e9todos Anal\u00edticos - proquifar","og_description":"Validaci\u00f3n de M\u00e9todos Anal\u00edticos La validaci\u00f3n de un m\u00e9todo de ensayo es el proceso que permite establecer, mediante estudios de laboratorio, que las caracter\u00edsticas de desempe\u00f1o del m\u00e9todo de ensayo lo habilitan perfectamente para las aplicaciones anal\u00edticas previstas. Los documentos ICH aconsejan sobre la necesidad de realizar una nueva validaci\u00f3n cuando existan cambios en la [&hellip;]","og_url":"https:\/\/proquifar.com\/site\/validacion-de-metodos-analiticos\/","og_site_name":"proquifar","article_modified_time":"2023-07-07T15:47:31+00:00","og_image":[{"url":"https:\/\/proquifar.com\/site\/wp-content\/uploads\/2023\/05\/validacmetanali-105819-2.jpg","type":"","width":"","height":""}],"twitter_card":"summary_large_image","twitter_misc":{"Tiempo de lectura":"2 minutos"},"schema":{"@context":"https:\/\/schema.org","@graph":[{"@type":"WebPage","@id":"https:\/\/proquifar.com\/site\/validacion-de-metodos-analiticos\/","url":"https:\/\/proquifar.com\/site\/validacion-de-metodos-analiticos\/","name":"Validaci\u00f3n de M\u00e9todos Anal\u00edticos - proquifar","isPartOf":{"@id":"https:\/\/proquifar.com\/site\/#website"},"primaryImageOfPage":{"@id":"https:\/\/proquifar.com\/site\/validacion-de-metodos-analiticos\/#primaryimage"},"image":{"@id":"https:\/\/proquifar.com\/site\/validacion-de-metodos-analiticos\/#primaryimage"},"thumbnailUrl":"https:\/\/proquifar.com\/site\/wp-content\/uploads\/2023\/05\/validacmetanali-105819-2.jpg","datePublished":"2022-12-29T22:26:45+00:00","dateModified":"2023-07-07T15:47:31+00:00","breadcrumb":{"@id":"https:\/\/proquifar.com\/site\/validacion-de-metodos-analiticos\/#breadcrumb"},"inLanguage":"es","potentialAction":[{"@type":"ReadAction","target":["https:\/\/proquifar.com\/site\/validacion-de-metodos-analiticos\/"]}]},{"@type":"ImageObject","inLanguage":"es","@id":"https:\/\/proquifar.com\/site\/validacion-de-metodos-analiticos\/#primaryimage","url":"https:\/\/proquifar.com\/site\/wp-content\/uploads\/2023\/05\/validacmetanali-105819-2.jpg","contentUrl":"https:\/\/proquifar.com\/site\/wp-content\/uploads\/2023\/05\/validacmetanali-105819-2.jpg"},{"@type":"BreadcrumbList","@id":"https:\/\/proquifar.com\/site\/validacion-de-metodos-analiticos\/#breadcrumb","itemListElement":[{"@type":"ListItem","position":1,"name":"Home","item":"https:\/\/proquifar.com\/site\/"},{"@type":"ListItem","position":2,"name":"Validaci\u00f3n de M\u00e9todos Anal\u00edticos"}]},{"@type":"WebSite","@id":"https:\/\/proquifar.com\/site\/#website","url":"https:\/\/proquifar.com\/site\/","name":"proquifar","description":"","potentialAction":[{"@type":"SearchAction","target":{"@type":"EntryPoint","urlTemplate":"https:\/\/proquifar.com\/site\/?s={search_term_string}"},"query-input":{"@type":"PropertyValueSpecification","valueRequired":true,"valueName":"search_term_string"}}],"inLanguage":"es"}]}},"_links":{"self":[{"href":"https:\/\/proquifar.com\/site\/wp-json\/wp\/v2\/pages\/542","targetHints":{"allow":["GET"]}}],"collection":[{"href":"https:\/\/proquifar.com\/site\/wp-json\/wp\/v2\/pages"}],"about":[{"href":"https:\/\/proquifar.com\/site\/wp-json\/wp\/v2\/types\/page"}],"author":[{"embeddable":true,"href":"https:\/\/proquifar.com\/site\/wp-json\/wp\/v2\/users\/5"}],"replies":[{"embeddable":true,"href":"https:\/\/proquifar.com\/site\/wp-json\/wp\/v2\/comments?post=542"}],"version-history":[{"count":5,"href":"https:\/\/proquifar.com\/site\/wp-json\/wp\/v2\/pages\/542\/revisions"}],"predecessor-version":[{"id":1614,"href":"https:\/\/proquifar.com\/site\/wp-json\/wp\/v2\/pages\/542\/revisions\/1614"}],"wp:attachment":[{"href":"https:\/\/proquifar.com\/site\/wp-json\/wp\/v2\/media?parent=542"}],"curies":[{"name":"wp","href":"https:\/\/api.w.org\/{rel}","templated":true}]}}