{"id":515,"date":"2022-12-29T17:06:40","date_gmt":"2022-12-29T22:06:40","guid":{"rendered":"https:\/\/proquifar.com\/site\/?page_id=515"},"modified":"2023-07-12T09:02:25","modified_gmt":"2023-07-12T14:02:25","slug":"estabilidad-natural","status":"publish","type":"page","link":"https:\/\/proquifar.com\/site\/estabilidad-natural\/","title":{"rendered":"Estabilidad Natural"},"content":{"rendered":"\t\t<div data-elementor-type=\"wp-page\" data-elementor-id=\"515\" class=\"elementor elementor-515\" data-elementor-post-type=\"page\">\n\t\t\t\t\t\t<section class=\"elementor-section elementor-top-section elementor-element elementor-element-c098a32 elementor-section-full_width elementor-section-height-default elementor-section-height-default\" data-id=\"c098a32\" data-element_type=\"section\" data-e-type=\"section\" data-settings=\"{&quot;background_background&quot;:&quot;classic&quot;}\">\n\t\t\t\t\t\t<div class=\"elementor-container elementor-column-gap-default\">\n\t\t\t\t\t<div class=\"elementor-column elementor-col-100 elementor-top-column elementor-element elementor-element-9f23195\" data-id=\"9f23195\" data-element_type=\"column\" data-e-type=\"column\">\n\t\t\t<div class=\"elementor-widget-wrap elementor-element-populated\">\n\t\t\t\t\t\t<div class=\"elementor-element elementor-element-b00de17 elementor-align-center elementor-widget elementor-widget-breadcrumbs\" data-id=\"b00de17\" data-element_type=\"widget\" data-e-type=\"widget\" data-widget_type=\"breadcrumbs.default\">\n\t\t\t\t<div class=\"elementor-widget-container\">\n\t\t\t\t\t<p id=\"breadcrumbs\"><span><span><a href=\"https:\/\/proquifar.com\/site\/\">Home<\/a><\/span><\/span><\/p>\t\t\t\t<\/div>\n\t\t\t\t<\/div>\n\t\t\t\t<div class=\"elementor-element elementor-element-7d4a3c9 elementor-widget elementor-widget-heading\" data-id=\"7d4a3c9\" data-element_type=\"widget\" data-e-type=\"widget\" data-widget_type=\"heading.default\">\n\t\t\t\t<div class=\"elementor-widget-container\">\n\t\t\t\t\t<h1 class=\"elementor-heading-title elementor-size-default\">Estabilidad Natural<\/h1>\t\t\t\t<\/div>\n\t\t\t\t<\/div>\n\t\t\t\t\t<\/div>\n\t\t<\/div>\n\t\t\t\t\t<\/div>\n\t\t<\/section>\n\t\t\t\t<section class=\"elementor-section elementor-top-section elementor-element elementor-element-63cee98 elementor-section-full_width elementor-section-content-middle elementor-section-height-default elementor-section-height-default\" data-id=\"63cee98\" data-element_type=\"section\" data-e-type=\"section\">\n\t\t\t\t\t\t<div class=\"elementor-container elementor-column-gap-default\">\n\t\t\t\t\t<div class=\"elementor-column elementor-col-50 elementor-top-column elementor-element elementor-element-660a15b\" data-id=\"660a15b\" data-element_type=\"column\" data-e-type=\"column\">\n\t\t\t<div class=\"elementor-widget-wrap elementor-element-populated\">\n\t\t\t\t\t\t<div class=\"elementor-element elementor-element-bafa418 elementor-widget elementor-widget-image\" data-id=\"bafa418\" data-element_type=\"widget\" data-e-type=\"widget\" data-widget_type=\"image.default\">\n\t\t\t\t<div class=\"elementor-widget-container\">\n\t\t\t\t\t\t\t\t\t\t\t\t\t\t\t<img fetchpriority=\"high\" decoding=\"async\" width=\"800\" height=\"600\" src=\"https:\/\/proquifar.com\/site\/wp-content\/uploads\/2023\/07\/Estabilidad-natural.jpg\" class=\"attachment-full size-full wp-image-1666\" alt=\"\" srcset=\"https:\/\/proquifar.com\/site\/wp-content\/uploads\/2023\/07\/Estabilidad-natural.jpg 800w, https:\/\/proquifar.com\/site\/wp-content\/uploads\/2023\/07\/Estabilidad-natural-300x225.jpg 300w, https:\/\/proquifar.com\/site\/wp-content\/uploads\/2023\/07\/Estabilidad-natural-768x576.jpg 768w\" sizes=\"(max-width: 800px) 100vw, 800px\" \/>\t\t\t\t\t\t\t\t\t\t\t\t\t\t\t<\/div>\n\t\t\t\t<\/div>\n\t\t\t\t\t<\/div>\n\t\t<\/div>\n\t\t\t\t<div class=\"elementor-column elementor-col-50 elementor-top-column elementor-element elementor-element-f7c1460\" data-id=\"f7c1460\" data-element_type=\"column\" data-e-type=\"column\">\n\t\t\t<div class=\"elementor-widget-wrap elementor-element-populated\">\n\t\t\t\t\t\t<div class=\"elementor-element elementor-element-644270b elementor-widget elementor-widget-text-editor\" data-id=\"644270b\" data-element_type=\"widget\" data-e-type=\"widget\" data-widget_type=\"text-editor.default\">\n\t\t\t\t<div class=\"elementor-widget-container\">\n\t\t\t\t\t\t\t\t\t<p>Los estudios de estabilidad proporcionan evidencia de como la calidad, seguridad y\/o eficacia de un ingrediente activo o producto terminado farmac\u00e9utico puede variar con el tiempo bajo la influencia de factores ambientales como la temperatura, la humedad y la luz entre otros. Tambi\u00e9n permiten evaluar la interacci\u00f3n entre el activo con los excipientes, con otros ingredientes activos y con los sistemas de envase y cierre.<\/p><p>Con los resultados obtenidos se pueden establecer: el per\u00edodo de rean\u00e1lisis en el caso de un activo, el tiempo de vida \u00fatil de un producto terminado y las condiciones de almacenamiento recomendadas seg\u00fan la zona de comercializaci\u00f3n del medicamento.<\/p>\t\t\t\t\t\t\t\t<\/div>\n\t\t\t\t<\/div>\n\t\t\t\t\t<\/div>\n\t\t<\/div>\n\t\t\t\t\t<\/div>\n\t\t<\/section>\n\t\t\t\t<section class=\"elementor-section elementor-top-section elementor-element elementor-element-e4a5f0d elementor-section-full_width elementor-section-content-middle elementor-section-height-default elementor-section-height-default\" data-id=\"e4a5f0d\" data-element_type=\"section\" data-e-type=\"section\">\n\t\t\t\t\t\t<div class=\"elementor-container elementor-column-gap-default\">\n\t\t\t\t\t<div class=\"elementor-column elementor-col-50 elementor-top-column elementor-element elementor-element-e7f0937\" data-id=\"e7f0937\" data-element_type=\"column\" data-e-type=\"column\">\n\t\t\t<div class=\"elementor-widget-wrap elementor-element-populated\">\n\t\t\t\t\t\t<div class=\"elementor-element elementor-element-e386ba6 elementor-widget elementor-widget-text-editor\" data-id=\"e386ba6\" data-element_type=\"widget\" data-e-type=\"widget\" data-widget_type=\"text-editor.default\">\n\t\t\t\t<div class=\"elementor-widget-container\">\n\t\t\t\t\t\t\t\t\t<p>Dentro de estos estudios se encuentran los estudios de estabilidad natural los cuales soportan la vida \u00fatil definitiva de un producto bajo unas condiciones de almacenamiento definidas. Se consideran obligatorios cuando se desea optar por un Registro Sanitario y autorizaci\u00f3n de comercializaci\u00f3n. Se realizan t\u00edpicamente para tres lotes primarios de producto, empacados en el mismo sistema de envase y cierre propuesto para su comercializaci\u00f3n, durante el per\u00edodo de vida \u00fatil a solicitar y con una frecuencia de muestreo suficiente para establecer el perfil de estabilidad del principio activo o producto terminado.<\/p><p>Dependiendo de la zona clim\u00e1tica donde se vayan a comercializar los productos, var\u00edan las condiciones de almacenamiento de las muestras.<\/p>\t\t\t\t\t\t\t\t<\/div>\n\t\t\t\t<\/div>\n\t\t\t\t<div class=\"elementor-element elementor-element-e57dc4e elementor-align-left elementor-widget elementor-widget-button\" data-id=\"e57dc4e\" data-element_type=\"widget\" data-e-type=\"widget\" data-widget_type=\"button.default\">\n\t\t\t\t<div class=\"elementor-widget-container\">\n\t\t\t\t\t\t\t\t\t<div class=\"elementor-button-wrapper\">\n\t\t\t\t\t<a class=\"elementor-button elementor-button-link elementor-size-sm\" href=\"https:\/\/proquifar.com\/site\/solicitar-servicio\/\">\n\t\t\t\t\t\t<span class=\"elementor-button-content-wrapper\">\n\t\t\t\t\t\t\t\t\t<span class=\"elementor-button-text\">Solicitar servicio<\/span>\n\t\t\t\t\t<\/span>\n\t\t\t\t\t<\/a>\n\t\t\t\t<\/div>\n\t\t\t\t\t\t\t\t<\/div>\n\t\t\t\t<\/div>\n\t\t\t\t\t<\/div>\n\t\t<\/div>\n\t\t\t\t<div class=\"elementor-column elementor-col-50 elementor-top-column elementor-element elementor-element-69f9d58\" data-id=\"69f9d58\" data-element_type=\"column\" data-e-type=\"column\">\n\t\t\t<div class=\"elementor-widget-wrap elementor-element-populated\">\n\t\t\t\t\t\t<div class=\"elementor-element elementor-element-37ef557 elementor-widget elementor-widget-image\" data-id=\"37ef557\" data-element_type=\"widget\" data-e-type=\"widget\" data-widget_type=\"image.default\">\n\t\t\t\t<div class=\"elementor-widget-container\">\n\t\t\t\t\t\t\t\t\t\t\t\t\t\t\t<img decoding=\"async\" width=\"512\" height=\"341\" src=\"https:\/\/proquifar.com\/site\/wp-content\/uploads\/2022\/12\/estabilidadnatural-110038-1..jpg\" class=\"attachment-full size-full wp-image-517\" alt=\"\" srcset=\"https:\/\/proquifar.com\/site\/wp-content\/uploads\/2022\/12\/estabilidadnatural-110038-1..jpg 512w, https:\/\/proquifar.com\/site\/wp-content\/uploads\/2022\/12\/estabilidadnatural-110038-1.-300x200.jpg 300w\" sizes=\"(max-width: 512px) 100vw, 512px\" \/>\t\t\t\t\t\t\t\t\t\t\t\t\t\t\t<\/div>\n\t\t\t\t<\/div>\n\t\t\t\t\t<\/div>\n\t\t<\/div>\n\t\t\t\t\t<\/div>\n\t\t<\/section>\n\t\t\t\t<section class=\"elementor-section elementor-top-section elementor-element elementor-element-4beb749 elementor-section-full_width elementor-section-content-middle elementor-section-height-default elementor-section-height-default\" data-id=\"4beb749\" data-element_type=\"section\" data-e-type=\"section\" data-settings=\"{&quot;background_background&quot;:&quot;classic&quot;}\">\n\t\t\t\t\t\t<div class=\"elementor-container elementor-column-gap-default\">\n\t\t\t\t\t<div class=\"elementor-column elementor-col-50 elementor-top-column elementor-element elementor-element-3413460\" data-id=\"3413460\" data-element_type=\"column\" data-e-type=\"column\">\n\t\t\t<div class=\"elementor-widget-wrap elementor-element-populated\">\n\t\t\t\t\t\t<div class=\"elementor-element elementor-element-abcfb08 elementor-widget elementor-widget-image\" data-id=\"abcfb08\" data-element_type=\"widget\" data-e-type=\"widget\" data-widget_type=\"image.default\">\n\t\t\t\t<div class=\"elementor-widget-container\">\n\t\t\t\t\t\t\t\t\t\t\t\t\t\t\t<img decoding=\"async\" width=\"423\" height=\"347\" src=\"https:\/\/proquifar.com\/site\/wp-content\/uploads\/2023\/05\/K-Beneficios-e1685038903936.png\" class=\"attachment-large size-large wp-image-1315\" alt=\"\" srcset=\"https:\/\/proquifar.com\/site\/wp-content\/uploads\/2023\/05\/K-Beneficios-e1685038903936.png 423w, https:\/\/proquifar.com\/site\/wp-content\/uploads\/2023\/05\/K-Beneficios-e1685038903936-300x246.png 300w\" sizes=\"(max-width: 423px) 100vw, 423px\" \/>\t\t\t\t\t\t\t\t\t\t\t\t\t\t\t<\/div>\n\t\t\t\t<\/div>\n\t\t\t\t\t<\/div>\n\t\t<\/div>\n\t\t\t\t<div class=\"elementor-column elementor-col-50 elementor-top-column elementor-element elementor-element-f9226e2\" data-id=\"f9226e2\" data-element_type=\"column\" data-e-type=\"column\">\n\t\t\t<div class=\"elementor-widget-wrap elementor-element-populated\">\n\t\t\t\t\t\t<div class=\"elementor-element elementor-element-ca7c918 elementor-widget elementor-widget-heading\" data-id=\"ca7c918\" data-element_type=\"widget\" data-e-type=\"widget\" data-widget_type=\"heading.default\">\n\t\t\t\t<div class=\"elementor-widget-container\">\n\t\t\t\t\t<h3 class=\"elementor-heading-title elementor-size-default\">Beneficios<\/h3>\t\t\t\t<\/div>\n\t\t\t\t<\/div>\n\t\t\t\t<div class=\"elementor-element elementor-element-4c7e6ce elementor-widget elementor-widget-text-editor\" data-id=\"4c7e6ce\" data-element_type=\"widget\" data-e-type=\"widget\" data-widget_type=\"text-editor.default\">\n\t\t\t\t<div class=\"elementor-widget-container\">\n\t\t\t\t\t\t\t\t\t<p><strong>1.<\/strong> Experiencia de 28 a\u00f1os en la realizaci\u00f3n de Estudios de Estabilidad Natural tomando como gu\u00eda los documentos publicados por INVIMA, ICA, CAMEVET, OMS e ICH.<\/p><p><strong>2.<\/strong> Obtenci\u00f3n r\u00e1pida de registros por parte de los entes regulatorios debido a resultados confiables<\/p><p><strong>3.<\/strong> Aplicaci\u00f3n en diferentes formas farmac\u00e9uticas de dosificaci\u00f3n tales como tabletas, c\u00e1psulas, soluciones y suspensiones orales, polvos orales para reconstituci\u00f3n antes de uso, cremas, ung\u00fcentos, parenterales, \u00f3vulos, y parches.<\/p><p><strong>4.<\/strong> Validaci\u00f3n de m\u00e9todo(s) anal\u00edtico(s) utilizado(s), espec\u00edficamente el empleado en la valoraci\u00f3n del ingrediente activo trazador de estabilidad.<\/p><p><strong>5.<\/strong> C\u00e1maras climatizadas debidamente calificadas que disponen de registro permanente de las condiciones ambientales especificadas.<\/p><p><strong>6.<\/strong> El an\u00e1lisis estad\u00edstico de datos para la determinaci\u00f3n de la vida \u00fatil se realiza de acuerdo con lo solicitado en documentos internacionalmente aceptados.<\/p>\t\t\t\t\t\t\t\t<\/div>\n\t\t\t\t<\/div>\n\t\t\t\t<div class=\"elementor-element elementor-element-3652dfd elementor-align-left elementor-widget elementor-widget-button\" data-id=\"3652dfd\" data-element_type=\"widget\" data-e-type=\"widget\" data-widget_type=\"button.default\">\n\t\t\t\t<div class=\"elementor-widget-container\">\n\t\t\t\t\t\t\t\t\t<div class=\"elementor-button-wrapper\">\n\t\t\t\t\t<a class=\"elementor-button elementor-button-link elementor-size-sm\" href=\"https:\/\/proquifar.com\/site\/solicitar-servicio\/\">\n\t\t\t\t\t\t<span class=\"elementor-button-content-wrapper\">\n\t\t\t\t\t\t\t\t\t<span class=\"elementor-button-text\">Solicitar servicio<\/span>\n\t\t\t\t\t<\/span>\n\t\t\t\t\t<\/a>\n\t\t\t\t<\/div>\n\t\t\t\t\t\t\t\t<\/div>\n\t\t\t\t<\/div>\n\t\t\t\t\t<\/div>\n\t\t<\/div>\n\t\t\t\t\t<\/div>\n\t\t<\/section>\n\t\t\t\t<\/div>\n\t\t","protected":false},"excerpt":{"rendered":"<p>Estabilidad Natural Los estudios de estabilidad proporcionan evidencia de como la calidad, seguridad y\/o eficacia de un ingrediente activo o producto terminado farmac\u00e9utico puede variar con el tiempo bajo la influencia de factores ambientales como la temperatura, la humedad y la luz entre otros. Tambi\u00e9n permiten evaluar la interacci\u00f3n entre el activo con los excipientes, [&hellip;]<\/p>\n","protected":false},"author":5,"featured_media":0,"parent":0,"menu_order":0,"comment_status":"closed","ping_status":"closed","template":"elementor_header_footer","meta":{"_acf_changed":false,"nf_dc_page":"","inline_featured_image":false,"_joinchat":[],"footnotes":""},"class_list":["post-515","page","type-page","status-publish","hentry"],"acf":[],"yoast_head":"<!-- This site is optimized with the Yoast SEO plugin v27.4 - https:\/\/yoast.com\/product\/yoast-seo-wordpress\/ -->\n<title>Estabilidad Natural - proquifar<\/title>\n<meta name=\"robots\" content=\"index, follow, max-snippet:-1, max-image-preview:large, max-video-preview:-1\" \/>\n<link rel=\"canonical\" href=\"https:\/\/proquifar.com\/site\/estabilidad-natural\/\" \/>\n<meta property=\"og:locale\" content=\"es_ES\" \/>\n<meta property=\"og:type\" content=\"article\" \/>\n<meta property=\"og:title\" content=\"Estabilidad Natural - proquifar\" \/>\n<meta property=\"og:description\" content=\"Estabilidad Natural Los estudios de estabilidad proporcionan evidencia de como la calidad, seguridad y\/o eficacia de un ingrediente activo o producto terminado farmac\u00e9utico puede variar con el tiempo bajo la influencia de factores ambientales como la temperatura, la humedad y la luz entre otros. Tambi\u00e9n permiten evaluar la interacci\u00f3n entre el activo con los excipientes, [&hellip;]\" \/>\n<meta property=\"og:url\" content=\"https:\/\/proquifar.com\/site\/estabilidad-natural\/\" \/>\n<meta property=\"og:site_name\" content=\"proquifar\" \/>\n<meta property=\"article:modified_time\" content=\"2023-07-12T14:02:25+00:00\" \/>\n<meta property=\"og:image\" content=\"https:\/\/proquifar.com\/site\/wp-content\/uploads\/2023\/07\/Estabilidad-natural.jpg\" \/>\n<meta name=\"twitter:card\" content=\"summary_large_image\" \/>\n<meta name=\"twitter:label1\" content=\"Tiempo de lectura\" \/>\n\t<meta name=\"twitter:data1\" content=\"3 minutos\" \/>\n<script type=\"application\/ld+json\" class=\"yoast-schema-graph\">{\"@context\":\"https:\\\/\\\/schema.org\",\"@graph\":[{\"@type\":\"WebPage\",\"@id\":\"https:\\\/\\\/proquifar.com\\\/site\\\/estabilidad-natural\\\/\",\"url\":\"https:\\\/\\\/proquifar.com\\\/site\\\/estabilidad-natural\\\/\",\"name\":\"Estabilidad Natural - proquifar\",\"isPartOf\":{\"@id\":\"https:\\\/\\\/proquifar.com\\\/site\\\/#website\"},\"primaryImageOfPage\":{\"@id\":\"https:\\\/\\\/proquifar.com\\\/site\\\/estabilidad-natural\\\/#primaryimage\"},\"image\":{\"@id\":\"https:\\\/\\\/proquifar.com\\\/site\\\/estabilidad-natural\\\/#primaryimage\"},\"thumbnailUrl\":\"https:\\\/\\\/proquifar.com\\\/site\\\/wp-content\\\/uploads\\\/2023\\\/07\\\/Estabilidad-natural.jpg\",\"datePublished\":\"2022-12-29T22:06:40+00:00\",\"dateModified\":\"2023-07-12T14:02:25+00:00\",\"breadcrumb\":{\"@id\":\"https:\\\/\\\/proquifar.com\\\/site\\\/estabilidad-natural\\\/#breadcrumb\"},\"inLanguage\":\"es\",\"potentialAction\":[{\"@type\":\"ReadAction\",\"target\":[\"https:\\\/\\\/proquifar.com\\\/site\\\/estabilidad-natural\\\/\"]}]},{\"@type\":\"ImageObject\",\"inLanguage\":\"es\",\"@id\":\"https:\\\/\\\/proquifar.com\\\/site\\\/estabilidad-natural\\\/#primaryimage\",\"url\":\"https:\\\/\\\/proquifar.com\\\/site\\\/wp-content\\\/uploads\\\/2023\\\/07\\\/Estabilidad-natural.jpg\",\"contentUrl\":\"https:\\\/\\\/proquifar.com\\\/site\\\/wp-content\\\/uploads\\\/2023\\\/07\\\/Estabilidad-natural.jpg\",\"width\":800,\"height\":600},{\"@type\":\"BreadcrumbList\",\"@id\":\"https:\\\/\\\/proquifar.com\\\/site\\\/estabilidad-natural\\\/#breadcrumb\",\"itemListElement\":[{\"@type\":\"ListItem\",\"position\":1,\"name\":\"Home\",\"item\":\"https:\\\/\\\/proquifar.com\\\/site\\\/\"},{\"@type\":\"ListItem\",\"position\":2,\"name\":\"Estabilidad Natural\"}]},{\"@type\":\"WebSite\",\"@id\":\"https:\\\/\\\/proquifar.com\\\/site\\\/#website\",\"url\":\"https:\\\/\\\/proquifar.com\\\/site\\\/\",\"name\":\"proquifar\",\"description\":\"\",\"potentialAction\":[{\"@type\":\"SearchAction\",\"target\":{\"@type\":\"EntryPoint\",\"urlTemplate\":\"https:\\\/\\\/proquifar.com\\\/site\\\/?s={search_term_string}\"},\"query-input\":{\"@type\":\"PropertyValueSpecification\",\"valueRequired\":true,\"valueName\":\"search_term_string\"}}],\"inLanguage\":\"es\"}]}<\/script>\n<!-- \/ Yoast SEO plugin. -->","yoast_head_json":{"title":"Estabilidad Natural - proquifar","robots":{"index":"index","follow":"follow","max-snippet":"max-snippet:-1","max-image-preview":"max-image-preview:large","max-video-preview":"max-video-preview:-1"},"canonical":"https:\/\/proquifar.com\/site\/estabilidad-natural\/","og_locale":"es_ES","og_type":"article","og_title":"Estabilidad Natural - proquifar","og_description":"Estabilidad Natural Los estudios de estabilidad proporcionan evidencia de como la calidad, seguridad y\/o eficacia de un ingrediente activo o producto terminado farmac\u00e9utico puede variar con el tiempo bajo la influencia de factores ambientales como la temperatura, la humedad y la luz entre otros. Tambi\u00e9n permiten evaluar la interacci\u00f3n entre el activo con los excipientes, [&hellip;]","og_url":"https:\/\/proquifar.com\/site\/estabilidad-natural\/","og_site_name":"proquifar","article_modified_time":"2023-07-12T14:02:25+00:00","og_image":[{"url":"https:\/\/proquifar.com\/site\/wp-content\/uploads\/2023\/07\/Estabilidad-natural.jpg","type":"","width":"","height":""}],"twitter_card":"summary_large_image","twitter_misc":{"Tiempo de lectura":"3 minutos"},"schema":{"@context":"https:\/\/schema.org","@graph":[{"@type":"WebPage","@id":"https:\/\/proquifar.com\/site\/estabilidad-natural\/","url":"https:\/\/proquifar.com\/site\/estabilidad-natural\/","name":"Estabilidad Natural - proquifar","isPartOf":{"@id":"https:\/\/proquifar.com\/site\/#website"},"primaryImageOfPage":{"@id":"https:\/\/proquifar.com\/site\/estabilidad-natural\/#primaryimage"},"image":{"@id":"https:\/\/proquifar.com\/site\/estabilidad-natural\/#primaryimage"},"thumbnailUrl":"https:\/\/proquifar.com\/site\/wp-content\/uploads\/2023\/07\/Estabilidad-natural.jpg","datePublished":"2022-12-29T22:06:40+00:00","dateModified":"2023-07-12T14:02:25+00:00","breadcrumb":{"@id":"https:\/\/proquifar.com\/site\/estabilidad-natural\/#breadcrumb"},"inLanguage":"es","potentialAction":[{"@type":"ReadAction","target":["https:\/\/proquifar.com\/site\/estabilidad-natural\/"]}]},{"@type":"ImageObject","inLanguage":"es","@id":"https:\/\/proquifar.com\/site\/estabilidad-natural\/#primaryimage","url":"https:\/\/proquifar.com\/site\/wp-content\/uploads\/2023\/07\/Estabilidad-natural.jpg","contentUrl":"https:\/\/proquifar.com\/site\/wp-content\/uploads\/2023\/07\/Estabilidad-natural.jpg","width":800,"height":600},{"@type":"BreadcrumbList","@id":"https:\/\/proquifar.com\/site\/estabilidad-natural\/#breadcrumb","itemListElement":[{"@type":"ListItem","position":1,"name":"Home","item":"https:\/\/proquifar.com\/site\/"},{"@type":"ListItem","position":2,"name":"Estabilidad Natural"}]},{"@type":"WebSite","@id":"https:\/\/proquifar.com\/site\/#website","url":"https:\/\/proquifar.com\/site\/","name":"proquifar","description":"","potentialAction":[{"@type":"SearchAction","target":{"@type":"EntryPoint","urlTemplate":"https:\/\/proquifar.com\/site\/?s={search_term_string}"},"query-input":{"@type":"PropertyValueSpecification","valueRequired":true,"valueName":"search_term_string"}}],"inLanguage":"es"}]}},"_links":{"self":[{"href":"https:\/\/proquifar.com\/site\/wp-json\/wp\/v2\/pages\/515","targetHints":{"allow":["GET"]}}],"collection":[{"href":"https:\/\/proquifar.com\/site\/wp-json\/wp\/v2\/pages"}],"about":[{"href":"https:\/\/proquifar.com\/site\/wp-json\/wp\/v2\/types\/page"}],"author":[{"embeddable":true,"href":"https:\/\/proquifar.com\/site\/wp-json\/wp\/v2\/users\/5"}],"replies":[{"embeddable":true,"href":"https:\/\/proquifar.com\/site\/wp-json\/wp\/v2\/comments?post=515"}],"version-history":[{"count":5,"href":"https:\/\/proquifar.com\/site\/wp-json\/wp\/v2\/pages\/515\/revisions"}],"predecessor-version":[{"id":1796,"href":"https:\/\/proquifar.com\/site\/wp-json\/wp\/v2\/pages\/515\/revisions\/1796"}],"wp:attachment":[{"href":"https:\/\/proquifar.com\/site\/wp-json\/wp\/v2\/media?parent=515"}],"curies":[{"name":"wp","href":"https:\/\/api.w.org\/{rel}","templated":true}]}}