{"id":462,"date":"2022-12-29T16:14:16","date_gmt":"2022-12-29T21:14:16","guid":{"rendered":"https:\/\/proquifar.com\/site\/?page_id=462"},"modified":"2023-07-07T10:19:51","modified_gmt":"2023-07-07T15:19:51","slug":"control-de-calidad","status":"publish","type":"page","link":"https:\/\/proquifar.com\/site\/control-de-calidad\/","title":{"rendered":"Control de Calidad"},"content":{"rendered":"\t\t<div data-elementor-type=\"wp-page\" data-elementor-id=\"462\" class=\"elementor elementor-462\" data-elementor-post-type=\"page\">\n\t\t\t\t\t\t<section class=\"elementor-section elementor-top-section elementor-element elementor-element-c098a32 elementor-section-full_width elementor-section-height-default elementor-section-height-default\" data-id=\"c098a32\" data-element_type=\"section\" data-e-type=\"section\" data-settings=\"{&quot;background_background&quot;:&quot;classic&quot;}\">\n\t\t\t\t\t\t<div class=\"elementor-container elementor-column-gap-default\">\n\t\t\t\t\t<div class=\"elementor-column elementor-col-100 elementor-top-column elementor-element elementor-element-9f23195\" data-id=\"9f23195\" data-element_type=\"column\" data-e-type=\"column\">\n\t\t\t<div class=\"elementor-widget-wrap elementor-element-populated\">\n\t\t\t\t\t\t<div class=\"elementor-element elementor-element-f86f8bf elementor-align-center elementor-widget elementor-widget-breadcrumbs\" data-id=\"f86f8bf\" data-element_type=\"widget\" data-e-type=\"widget\" data-widget_type=\"breadcrumbs.default\">\n\t\t\t\t<div class=\"elementor-widget-container\">\n\t\t\t\t\t<p id=\"breadcrumbs\"><span><span><a href=\"https:\/\/proquifar.com\/site\/\">Home<\/a><\/span><\/span><\/p>\t\t\t\t<\/div>\n\t\t\t\t<\/div>\n\t\t\t\t<div class=\"elementor-element elementor-element-7d4a3c9 elementor-widget elementor-widget-heading\" data-id=\"7d4a3c9\" data-element_type=\"widget\" data-e-type=\"widget\" data-widget_type=\"heading.default\">\n\t\t\t\t<div class=\"elementor-widget-container\">\n\t\t\t\t\t<h1 class=\"elementor-heading-title elementor-size-default\">Control de Calidad<\/h1>\t\t\t\t<\/div>\n\t\t\t\t<\/div>\n\t\t\t\t\t<\/div>\n\t\t<\/div>\n\t\t\t\t\t<\/div>\n\t\t<\/section>\n\t\t\t\t<section class=\"elementor-section elementor-top-section elementor-element elementor-element-63cee98 elementor-section-full_width elementor-section-content-middle elementor-section-height-default elementor-section-height-default\" data-id=\"63cee98\" data-element_type=\"section\" data-e-type=\"section\">\n\t\t\t\t\t\t<div class=\"elementor-container elementor-column-gap-default\">\n\t\t\t\t\t<div class=\"elementor-column elementor-col-50 elementor-top-column elementor-element elementor-element-660a15b\" data-id=\"660a15b\" data-element_type=\"column\" data-e-type=\"column\">\n\t\t\t<div class=\"elementor-widget-wrap elementor-element-populated\">\n\t\t\t\t\t\t<div class=\"elementor-element elementor-element-bafa418 elementor-widget elementor-widget-image\" data-id=\"bafa418\" data-element_type=\"widget\" data-e-type=\"widget\" data-widget_type=\"image.default\">\n\t\t\t\t<div class=\"elementor-widget-container\">\n\t\t\t\t\t\t\t\t\t\t\t\t\t\t\t<img fetchpriority=\"high\" decoding=\"async\" width=\"500\" height=\"333\" src=\"https:\/\/proquifar.com\/site\/wp-content\/uploads\/2022\/12\/cntrolcalidad-105413-2..jpg\" class=\"attachment-large size-large wp-image-470\" alt=\"\" srcset=\"https:\/\/proquifar.com\/site\/wp-content\/uploads\/2022\/12\/cntrolcalidad-105413-2..jpg 500w, https:\/\/proquifar.com\/site\/wp-content\/uploads\/2022\/12\/cntrolcalidad-105413-2.-300x200.jpg 300w\" sizes=\"(max-width: 500px) 100vw, 500px\" \/>\t\t\t\t\t\t\t\t\t\t\t\t\t\t\t<\/div>\n\t\t\t\t<\/div>\n\t\t\t\t\t<\/div>\n\t\t<\/div>\n\t\t\t\t<div class=\"elementor-column elementor-col-50 elementor-top-column elementor-element elementor-element-f7c1460\" data-id=\"f7c1460\" data-element_type=\"column\" data-e-type=\"column\">\n\t\t\t<div class=\"elementor-widget-wrap elementor-element-populated\">\n\t\t\t\t\t\t<div class=\"elementor-element elementor-element-644270b elementor-widget elementor-widget-text-editor\" data-id=\"644270b\" data-element_type=\"widget\" data-e-type=\"widget\" data-widget_type=\"text-editor.default\">\n\t\t\t\t<div class=\"elementor-widget-container\">\n\t\t\t\t\t\t\t\t\t<p>El control de calidad es un concepto integral que comprende los ensayos requeridos para determinar si una materia prima, producto en proceso o producto terminado cumplen con las especificaciones establecidas.<br \/>Est\u00e1 asociado a los criterios de liberaci\u00f3n en la producci\u00f3n diaria un poco en contraposici\u00f3n al concepto de Estudios de Estabilidad. Puede incluir pruebas fisicoqu\u00edmicas, microbiol\u00f3gicas, de funcionalidad y resistencia al uso (materiales de envase y empaque), de apilamiento, transporte, etc.<\/p><p>Los ensayos fisicoqu\u00edmicos pueden ser cuantitativos o cualitativos e incluir pruebas sencillas como pH, peso espec\u00edfico o humedad, hasta valoraciones de activo usando t\u00e9cnicas y equipos especializados.<\/p>\t\t\t\t\t\t\t\t<\/div>\n\t\t\t\t<\/div>\n\t\t\t\t<div class=\"elementor-element elementor-element-1950470 elementor-align-left elementor-widget elementor-widget-button\" data-id=\"1950470\" data-element_type=\"widget\" data-e-type=\"widget\" data-widget_type=\"button.default\">\n\t\t\t\t<div class=\"elementor-widget-container\">\n\t\t\t\t\t\t\t\t\t<div class=\"elementor-button-wrapper\">\n\t\t\t\t\t<a class=\"elementor-button elementor-button-link elementor-size-sm\" href=\"https:\/\/proquifar.com\/site\/solicitar-servicio\/\">\n\t\t\t\t\t\t<span class=\"elementor-button-content-wrapper\">\n\t\t\t\t\t\t\t\t\t<span class=\"elementor-button-text\">Solicitar servicio<\/span>\n\t\t\t\t\t<\/span>\n\t\t\t\t\t<\/a>\n\t\t\t\t<\/div>\n\t\t\t\t\t\t\t\t<\/div>\n\t\t\t\t<\/div>\n\t\t\t\t\t<\/div>\n\t\t<\/div>\n\t\t\t\t\t<\/div>\n\t\t<\/section>\n\t\t\t\t<section class=\"elementor-section elementor-top-section elementor-element elementor-element-4beb749 elementor-section-full_width elementor-section-content-middle elementor-section-height-default elementor-section-height-default\" data-id=\"4beb749\" data-element_type=\"section\" data-e-type=\"section\" data-settings=\"{&quot;background_background&quot;:&quot;classic&quot;}\">\n\t\t\t\t\t\t<div class=\"elementor-container elementor-column-gap-default\">\n\t\t\t\t\t<div class=\"elementor-column elementor-col-50 elementor-top-column elementor-element elementor-element-f9226e2\" data-id=\"f9226e2\" data-element_type=\"column\" data-e-type=\"column\">\n\t\t\t<div class=\"elementor-widget-wrap elementor-element-populated\">\n\t\t\t\t\t\t<div class=\"elementor-element elementor-element-ca7c918 elementor-widget elementor-widget-heading\" data-id=\"ca7c918\" data-element_type=\"widget\" data-e-type=\"widget\" data-widget_type=\"heading.default\">\n\t\t\t\t<div class=\"elementor-widget-container\">\n\t\t\t\t\t<h3 class=\"elementor-heading-title elementor-size-default\">Beneficios<\/h3>\t\t\t\t<\/div>\n\t\t\t\t<\/div>\n\t\t\t\t<div class=\"elementor-element elementor-element-4c7e6ce elementor-widget elementor-widget-text-editor\" data-id=\"4c7e6ce\" data-element_type=\"widget\" data-e-type=\"widget\" data-widget_type=\"text-editor.default\">\n\t\t\t\t<div class=\"elementor-widget-container\">\n\t\t\t\t\t\t\t\t\t<p>El estar Certificado por INVIMA con BPL (Buenas Pr\u00e1cticas de Laboratorio) y registrado ante el ICA como laboratorio para an\u00e1lisis de productos veterinarios, plaguicidas, fertilizantes y bio-insumos, adem\u00e1s de la experiencia de 28 a\u00f1os prestando nuestros servicios como laboratorio de ensayos a numerosas y reconocidas empresas locales e internacionales de EEUU, M\u00e9xico, Venezuela, Chile, Brasil, Per\u00fa, Ecuador y Espa\u00f1a entre otras, nos convierten en el aliado estrat\u00e9gico al momento de elegir apoyo anal\u00edtico para su empresa.<\/p><p>La vasta experiencia en el campo anal\u00edtico nos permite no solamente llevar a cabo las pruebas requeridas con absoluta confiabilidad, sino prestar asesor\u00eda en los casos en que sus resultados presenten incongruencias o variaciones, siendo la experiencia representada en la asesor\u00eda un valor agregado significativo para nuestros clientes.<\/p>\t\t\t\t\t\t\t\t<\/div>\n\t\t\t\t<\/div>\n\t\t\t\t<div class=\"elementor-element elementor-element-3652dfd elementor-align-left elementor-widget elementor-widget-button\" data-id=\"3652dfd\" data-element_type=\"widget\" data-e-type=\"widget\" data-widget_type=\"button.default\">\n\t\t\t\t<div class=\"elementor-widget-container\">\n\t\t\t\t\t\t\t\t\t<div class=\"elementor-button-wrapper\">\n\t\t\t\t\t<a class=\"elementor-button elementor-button-link elementor-size-sm\" href=\"https:\/\/proquifar.com\/site\/solicitar-servicio\/\">\n\t\t\t\t\t\t<span class=\"elementor-button-content-wrapper\">\n\t\t\t\t\t\t\t\t\t<span class=\"elementor-button-text\">Solicitar servicio<\/span>\n\t\t\t\t\t<\/span>\n\t\t\t\t\t<\/a>\n\t\t\t\t<\/div>\n\t\t\t\t\t\t\t\t<\/div>\n\t\t\t\t<\/div>\n\t\t\t\t\t<\/div>\n\t\t<\/div>\n\t\t\t\t<div class=\"elementor-column elementor-col-50 elementor-top-column elementor-element elementor-element-3413460\" data-id=\"3413460\" data-element_type=\"column\" data-e-type=\"column\">\n\t\t\t<div class=\"elementor-widget-wrap elementor-element-populated\">\n\t\t\t\t\t\t<div class=\"elementor-element elementor-element-abcfb08 elementor-widget elementor-widget-image\" data-id=\"abcfb08\" data-element_type=\"widget\" data-e-type=\"widget\" data-widget_type=\"image.default\">\n\t\t\t\t<div class=\"elementor-widget-container\">\n\t\t\t\t\t\t\t\t\t\t\t\t\t\t\t<img decoding=\"async\" width=\"423\" height=\"347\" src=\"https:\/\/proquifar.com\/site\/wp-content\/uploads\/2023\/05\/K-Beneficios-e1685038903936.png\" class=\"attachment-large size-large wp-image-1315\" alt=\"\" srcset=\"https:\/\/proquifar.com\/site\/wp-content\/uploads\/2023\/05\/K-Beneficios-e1685038903936.png 423w, https:\/\/proquifar.com\/site\/wp-content\/uploads\/2023\/05\/K-Beneficios-e1685038903936-300x246.png 300w\" sizes=\"(max-width: 423px) 100vw, 423px\" \/>\t\t\t\t\t\t\t\t\t\t\t\t\t\t\t<\/div>\n\t\t\t\t<\/div>\n\t\t\t\t\t<\/div>\n\t\t<\/div>\n\t\t\t\t\t<\/div>\n\t\t<\/section>\n\t\t\t\t<\/div>\n\t\t","protected":false},"excerpt":{"rendered":"<p>Control de Calidad El control de calidad es un concepto integral que comprende los ensayos requeridos para determinar si una materia prima, producto en proceso o producto terminado cumplen con las especificaciones establecidas.Est\u00e1 asociado a los criterios de liberaci\u00f3n en la producci\u00f3n diaria un poco en contraposici\u00f3n al concepto de Estudios de Estabilidad. Puede incluir [&hellip;]<\/p>\n","protected":false},"author":5,"featured_media":0,"parent":0,"menu_order":0,"comment_status":"closed","ping_status":"closed","template":"elementor_header_footer","meta":{"_acf_changed":false,"nf_dc_page":"","inline_featured_image":false,"_joinchat":[],"footnotes":""},"class_list":["post-462","page","type-page","status-publish","hentry"],"acf":[],"yoast_head":"<!-- This site is optimized with the Yoast SEO plugin v27.4 - https:\/\/yoast.com\/product\/yoast-seo-wordpress\/ -->\n<title>Control de Calidad - proquifar<\/title>\n<meta name=\"robots\" content=\"index, follow, max-snippet:-1, max-image-preview:large, max-video-preview:-1\" \/>\n<link rel=\"canonical\" href=\"https:\/\/proquifar.com\/site\/control-de-calidad\/\" \/>\n<meta property=\"og:locale\" content=\"es_ES\" \/>\n<meta property=\"og:type\" content=\"article\" \/>\n<meta property=\"og:title\" content=\"Control de Calidad - proquifar\" \/>\n<meta property=\"og:description\" content=\"Control de Calidad El control de calidad es un concepto integral que comprende los ensayos requeridos para determinar si una materia prima, producto en proceso o producto terminado cumplen con las especificaciones establecidas.Est\u00e1 asociado a los criterios de liberaci\u00f3n en la producci\u00f3n diaria un poco en contraposici\u00f3n al concepto de Estudios de Estabilidad. Puede incluir [&hellip;]\" \/>\n<meta property=\"og:url\" content=\"https:\/\/proquifar.com\/site\/control-de-calidad\/\" \/>\n<meta property=\"og:site_name\" content=\"proquifar\" \/>\n<meta property=\"article:modified_time\" content=\"2023-07-07T15:19:51+00:00\" \/>\n<meta property=\"og:image\" content=\"https:\/\/proquifar.com\/site\/wp-content\/uploads\/2022\/12\/cntrolcalidad-105413-2..jpg\" \/>\n<meta name=\"twitter:card\" content=\"summary_large_image\" \/>\n<meta name=\"twitter:label1\" content=\"Tiempo de lectura\" \/>\n\t<meta name=\"twitter:data1\" content=\"2 minutos\" \/>\n<script type=\"application\/ld+json\" class=\"yoast-schema-graph\">{\"@context\":\"https:\\\/\\\/schema.org\",\"@graph\":[{\"@type\":\"WebPage\",\"@id\":\"https:\\\/\\\/proquifar.com\\\/site\\\/control-de-calidad\\\/\",\"url\":\"https:\\\/\\\/proquifar.com\\\/site\\\/control-de-calidad\\\/\",\"name\":\"Control de Calidad - proquifar\",\"isPartOf\":{\"@id\":\"https:\\\/\\\/proquifar.com\\\/site\\\/#website\"},\"primaryImageOfPage\":{\"@id\":\"https:\\\/\\\/proquifar.com\\\/site\\\/control-de-calidad\\\/#primaryimage\"},\"image\":{\"@id\":\"https:\\\/\\\/proquifar.com\\\/site\\\/control-de-calidad\\\/#primaryimage\"},\"thumbnailUrl\":\"https:\\\/\\\/proquifar.com\\\/site\\\/wp-content\\\/uploads\\\/2022\\\/12\\\/cntrolcalidad-105413-2..jpg\",\"datePublished\":\"2022-12-29T21:14:16+00:00\",\"dateModified\":\"2023-07-07T15:19:51+00:00\",\"breadcrumb\":{\"@id\":\"https:\\\/\\\/proquifar.com\\\/site\\\/control-de-calidad\\\/#breadcrumb\"},\"inLanguage\":\"es\",\"potentialAction\":[{\"@type\":\"ReadAction\",\"target\":[\"https:\\\/\\\/proquifar.com\\\/site\\\/control-de-calidad\\\/\"]}]},{\"@type\":\"ImageObject\",\"inLanguage\":\"es\",\"@id\":\"https:\\\/\\\/proquifar.com\\\/site\\\/control-de-calidad\\\/#primaryimage\",\"url\":\"https:\\\/\\\/proquifar.com\\\/site\\\/wp-content\\\/uploads\\\/2022\\\/12\\\/cntrolcalidad-105413-2..jpg\",\"contentUrl\":\"https:\\\/\\\/proquifar.com\\\/site\\\/wp-content\\\/uploads\\\/2022\\\/12\\\/cntrolcalidad-105413-2..jpg\",\"width\":500,\"height\":333},{\"@type\":\"BreadcrumbList\",\"@id\":\"https:\\\/\\\/proquifar.com\\\/site\\\/control-de-calidad\\\/#breadcrumb\",\"itemListElement\":[{\"@type\":\"ListItem\",\"position\":1,\"name\":\"Home\",\"item\":\"https:\\\/\\\/proquifar.com\\\/site\\\/\"},{\"@type\":\"ListItem\",\"position\":2,\"name\":\"Control de Calidad\"}]},{\"@type\":\"WebSite\",\"@id\":\"https:\\\/\\\/proquifar.com\\\/site\\\/#website\",\"url\":\"https:\\\/\\\/proquifar.com\\\/site\\\/\",\"name\":\"proquifar\",\"description\":\"\",\"potentialAction\":[{\"@type\":\"SearchAction\",\"target\":{\"@type\":\"EntryPoint\",\"urlTemplate\":\"https:\\\/\\\/proquifar.com\\\/site\\\/?s={search_term_string}\"},\"query-input\":{\"@type\":\"PropertyValueSpecification\",\"valueRequired\":true,\"valueName\":\"search_term_string\"}}],\"inLanguage\":\"es\"}]}<\/script>\n<!-- \/ Yoast SEO plugin. -->","yoast_head_json":{"title":"Control de Calidad - proquifar","robots":{"index":"index","follow":"follow","max-snippet":"max-snippet:-1","max-image-preview":"max-image-preview:large","max-video-preview":"max-video-preview:-1"},"canonical":"https:\/\/proquifar.com\/site\/control-de-calidad\/","og_locale":"es_ES","og_type":"article","og_title":"Control de Calidad - proquifar","og_description":"Control de Calidad El control de calidad es un concepto integral que comprende los ensayos requeridos para determinar si una materia prima, producto en proceso o producto terminado cumplen con las especificaciones establecidas.Est\u00e1 asociado a los criterios de liberaci\u00f3n en la producci\u00f3n diaria un poco en contraposici\u00f3n al concepto de Estudios de Estabilidad. Puede incluir [&hellip;]","og_url":"https:\/\/proquifar.com\/site\/control-de-calidad\/","og_site_name":"proquifar","article_modified_time":"2023-07-07T15:19:51+00:00","og_image":[{"url":"https:\/\/proquifar.com\/site\/wp-content\/uploads\/2022\/12\/cntrolcalidad-105413-2..jpg","type":"","width":"","height":""}],"twitter_card":"summary_large_image","twitter_misc":{"Tiempo de lectura":"2 minutos"},"schema":{"@context":"https:\/\/schema.org","@graph":[{"@type":"WebPage","@id":"https:\/\/proquifar.com\/site\/control-de-calidad\/","url":"https:\/\/proquifar.com\/site\/control-de-calidad\/","name":"Control de Calidad - proquifar","isPartOf":{"@id":"https:\/\/proquifar.com\/site\/#website"},"primaryImageOfPage":{"@id":"https:\/\/proquifar.com\/site\/control-de-calidad\/#primaryimage"},"image":{"@id":"https:\/\/proquifar.com\/site\/control-de-calidad\/#primaryimage"},"thumbnailUrl":"https:\/\/proquifar.com\/site\/wp-content\/uploads\/2022\/12\/cntrolcalidad-105413-2..jpg","datePublished":"2022-12-29T21:14:16+00:00","dateModified":"2023-07-07T15:19:51+00:00","breadcrumb":{"@id":"https:\/\/proquifar.com\/site\/control-de-calidad\/#breadcrumb"},"inLanguage":"es","potentialAction":[{"@type":"ReadAction","target":["https:\/\/proquifar.com\/site\/control-de-calidad\/"]}]},{"@type":"ImageObject","inLanguage":"es","@id":"https:\/\/proquifar.com\/site\/control-de-calidad\/#primaryimage","url":"https:\/\/proquifar.com\/site\/wp-content\/uploads\/2022\/12\/cntrolcalidad-105413-2..jpg","contentUrl":"https:\/\/proquifar.com\/site\/wp-content\/uploads\/2022\/12\/cntrolcalidad-105413-2..jpg","width":500,"height":333},{"@type":"BreadcrumbList","@id":"https:\/\/proquifar.com\/site\/control-de-calidad\/#breadcrumb","itemListElement":[{"@type":"ListItem","position":1,"name":"Home","item":"https:\/\/proquifar.com\/site\/"},{"@type":"ListItem","position":2,"name":"Control de Calidad"}]},{"@type":"WebSite","@id":"https:\/\/proquifar.com\/site\/#website","url":"https:\/\/proquifar.com\/site\/","name":"proquifar","description":"","potentialAction":[{"@type":"SearchAction","target":{"@type":"EntryPoint","urlTemplate":"https:\/\/proquifar.com\/site\/?s={search_term_string}"},"query-input":{"@type":"PropertyValueSpecification","valueRequired":true,"valueName":"search_term_string"}}],"inLanguage":"es"}]}},"_links":{"self":[{"href":"https:\/\/proquifar.com\/site\/wp-json\/wp\/v2\/pages\/462","targetHints":{"allow":["GET"]}}],"collection":[{"href":"https:\/\/proquifar.com\/site\/wp-json\/wp\/v2\/pages"}],"about":[{"href":"https:\/\/proquifar.com\/site\/wp-json\/wp\/v2\/types\/page"}],"author":[{"embeddable":true,"href":"https:\/\/proquifar.com\/site\/wp-json\/wp\/v2\/users\/5"}],"replies":[{"embeddable":true,"href":"https:\/\/proquifar.com\/site\/wp-json\/wp\/v2\/comments?post=462"}],"version-history":[{"count":5,"href":"https:\/\/proquifar.com\/site\/wp-json\/wp\/v2\/pages\/462\/revisions"}],"predecessor-version":[{"id":1572,"href":"https:\/\/proquifar.com\/site\/wp-json\/wp\/v2\/pages\/462\/revisions\/1572"}],"wp:attachment":[{"href":"https:\/\/proquifar.com\/site\/wp-json\/wp\/v2\/media?parent=462"}],"curies":[{"name":"wp","href":"https:\/\/api.w.org\/{rel}","templated":true}]}}